{"id":17759,"date":"2022-07-01T07:04:21","date_gmt":"2022-07-01T07:04:21","guid":{"rendered":"https:\/\/www.hiweigh.com\/?page_id=17759"},"modified":"2026-02-04T07:30:59","modified_gmt":"2026-02-04T07:30:59","slug":"catalogs","status":"publish","type":"page","link":"https:\/\/www.hiweigh.com\/es\/catalogs\/","title":{"rendered":"Catalogs | HIWEIGH"},"content":{"rendered":"<div class=\"lRu31\" dir=\"ltr\"><span class=\"HwtZe\" lang=\"es\"><span class=\"jCAhz ChMk0b\"><span class=\"ryNqvb\">Nuestro cat\u00e1logo de productos ofrece una visi\u00f3n general completa de nuestras soluciones de pesaje industrial, incluyendo c\u00e9lulas de carga, indicadores, b\u00e1sculas de plataforma, b\u00e1sculas para camiones y sistemas de pesaje personalizados.<\/span><\/span> <span class=\"jCAhz JpY6Fd\"><span class=\"ryNqvb\">Incluye especificaciones t\u00e9cnicas detalladas y gu\u00edas de aplicaci\u00f3n para apoyar a fabricantes de equipos originales (OEM) e integradores de sistemas.<\/span><\/span><\/span><\/div>\n<div dir=\"ltr\"><\/div>\n<table>\n<tbody>\n<tr style=\"height: 288px;\">\n<td style=\"width: 240.288px; height: 288px;\"><a href=\"https:\/\/www.hiweigh.com\/wp-content\/uploads\/2025\/07\/HIWEIGH-Catalog-1.pdf\"><img loading=\"lazy\" decoding=\"async\" class=\"alignnone wp-image-21068 aligncenter\" src=\"https:\/\/www.hiweigh.com\/wp-content\/uploads\/2022\/07\/Catalog-212x300.png\" alt=\"\" width=\"201\" height=\"284\" srcset=\"https:\/\/www.hiweigh.com\/wp-content\/uploads\/2022\/07\/Catalog-212x300.png 212w, https:\/\/www.hiweigh.com\/wp-content\/uploads\/2022\/07\/Catalog.png 579w\" sizes=\"auto, (max-width: 201px) 100vw, 201px\" \/><\/a><\/td>\n<td style=\"width: 248.7px; height: 288px;\"><a href=\"https:\/\/www.hiweigh.com\/wp-content\/uploads\/2021\/12\/Indicators-HiWEIGH-2022.pdf\"><img loading=\"lazy\" decoding=\"async\" class=\"wp-image-20689 aligncenter\" src=\"https:\/\/www.hiweigh.com\/wp-content\/uploads\/2022\/03\/\u6837\u518c-01-214x300.jpg\" alt=\"\" width=\"201\" height=\"282\" srcset=\"https:\/\/www.hiweigh.com\/wp-content\/uploads\/2022\/03\/\u6837\u518c-01-214x300.jpg 214w, https:\/\/www.hiweigh.com\/wp-content\/uploads\/2022\/03\/\u6837\u518c-01-600x842.jpg 600w, https:\/\/www.hiweigh.com\/wp-content\/uploads\/2022\/03\/\u6837\u518c-01-768x1077.jpg 768w, https:\/\/www.hiweigh.com\/wp-content\/uploads\/2022\/03\/\u6837\u518c-01-730x1024.jpg 730w, https:\/\/www.hiweigh.com\/wp-content\/uploads\/2022\/03\/\u6837\u518c-01-scaled.jpg 1825w\" sizes=\"auto, (max-width: 201px) 100vw, 201px\" \/><\/a><\/td>\n<td style=\"width: 229.738px; height: 288px;\"><a href=\"https:\/\/www.hiweigh.com\/wp-content\/uploads\/2025\/07\/Platform-Scale.pdf\"><img loading=\"lazy\" decoding=\"async\" class=\"wp-image-20719 aligncenter\" src=\"https:\/\/www.hiweigh.com\/wp-content\/uploads\/2022\/03\/\u53f0\u79e4_\u753b\u677f-1-212x300.jpg\" alt=\"\" width=\"201\" height=\"284\" srcset=\"https:\/\/www.hiweigh.com\/wp-content\/uploads\/2022\/03\/\u53f0\u79e4_\u753b\u677f-1-212x300.jpg 212w, https:\/\/www.hiweigh.com\/wp-content\/uploads\/2022\/03\/\u53f0\u79e4_\u753b\u677f-1-600x848.jpg 600w, https:\/\/www.hiweigh.com\/wp-content\/uploads\/2022\/03\/\u53f0\u79e4_\u753b\u677f-1-768x1086.jpg 768w, https:\/\/www.hiweigh.com\/wp-content\/uploads\/2022\/03\/\u53f0\u79e4_\u753b\u677f-1-724x1024.jpg 724w, https:\/\/www.hiweigh.com\/wp-content\/uploads\/2022\/03\/\u53f0\u79e4_\u753b\u677f-1-scaled.jpg 1811w\" sizes=\"auto, (max-width: 201px) 100vw, 201px\" \/><\/a><\/td>\n<td style=\"width: 239.275px; height: 288px;\"><a href=\"https:\/\/www.hiweigh.com\/wp-content\/uploads\/2025\/07\/Floor-Scale.pdf\"><img loading=\"lazy\" decoding=\"async\" class=\"wp-image-20710 aligncenter\" src=\"https:\/\/www.hiweigh.com\/wp-content\/uploads\/2022\/03\/\u5730\u78c5_\u753b\u677f-1-212x300.jpg\" alt=\"\" width=\"201\" height=\"285\" srcset=\"https:\/\/www.hiweigh.com\/wp-content\/uploads\/2022\/03\/\u5730\u78c5_\u753b\u677f-1-212x300.jpg 212w, https:\/\/www.hiweigh.com\/wp-content\/uploads\/2022\/03\/\u5730\u78c5_\u753b\u677f-1-600x848.jpg 600w, https:\/\/www.hiweigh.com\/wp-content\/uploads\/2022\/03\/\u5730\u78c5_\u753b\u677f-1-768x1086.jpg 768w, https:\/\/www.hiweigh.com\/wp-content\/uploads\/2022\/03\/\u5730\u78c5_\u753b\u677f-1-724x1024.jpg 724w, https:\/\/www.hiweigh.com\/wp-content\/uploads\/2022\/03\/\u5730\u78c5_\u753b\u677f-1-scaled.jpg 1811w\" sizes=\"auto, (max-width: 201px) 100vw, 201px\" \/><\/a><\/td>\n<\/tr>\n<tr style=\"height: 24px;\">\n<td style=\"width: 240.288px; text-align: center; height: 24px;\"><a href=\"https:\/\/www.hiweigh.com\/wp-content\/uploads\/2025\/07\/HIWEIGH-Catalog-1.pdf\">HiWEIGH<\/a><\/td>\n<td style=\"width: 248.7px; text-align: center; height: 24px;\"><a href=\"https:\/\/www.hiweigh.com\/wp-content\/uploads\/2021\/12\/Indicators-HiWEIGH-2022.pdf\">Weighing Indicator<\/a><\/td>\n<td style=\"width: 229.738px; text-align: center; height: 24px;\"><a href=\"https:\/\/www.hiweigh.com\/wp-content\/uploads\/2025\/07\/Platform-Scale.pdf\">Platform Scale<\/a><\/td>\n<td style=\"width: 239.275px; height: 24px; text-align: center;\"><a href=\"https:\/\/www.hiweigh.com\/wp-content\/uploads\/2025\/07\/Floor-Scale.pdf\">Floor Scale<\/a><\/td>\n<\/tr>\n<tr style=\"height: 288px;\">\n<td style=\"width: 240.288px; height: 288px;\"><a href=\"https:\/\/www.hiweigh.com\/wp-content\/uploads\/2025\/07\/Waterproof_Scale.pdf\"><img loading=\"lazy\" decoding=\"async\" class=\"wp-image-20698 aligncenter\" src=\"https:\/\/www.hiweigh.com\/wp-content\/uploads\/2022\/03\/\u684c\u79e4_\u753b\u677f-1-214x300.jpg\" alt=\"\" width=\"201\" height=\"282\" srcset=\"https:\/\/www.hiweigh.com\/wp-content\/uploads\/2022\/03\/\u684c\u79e4_\u753b\u677f-1-214x300.jpg 214w, https:\/\/www.hiweigh.com\/wp-content\/uploads\/2022\/03\/\u684c\u79e4_\u753b\u677f-1-600x842.jpg 600w, https:\/\/www.hiweigh.com\/wp-content\/uploads\/2022\/03\/\u684c\u79e4_\u753b\u677f-1-768x1077.jpg 768w, https:\/\/www.hiweigh.com\/wp-content\/uploads\/2022\/03\/\u684c\u79e4_\u753b\u677f-1-730x1024.jpg 730w, https:\/\/www.hiweigh.com\/wp-content\/uploads\/2022\/03\/\u684c\u79e4_\u753b\u677f-1-scaled.jpg 1825w\" sizes=\"auto, (max-width: 201px) 100vw, 201px\" \/><\/a><\/td>\n<td style=\"width: 248.7px; height: 288px;\"><a href=\"https:\/\/www.hiweigh.com\/wp-content\/uploads\/2025\/07\/Balance.pdf\"><img loading=\"lazy\" decoding=\"async\" class=\"wp-image-20704 aligncenter\" src=\"https:\/\/www.hiweigh.com\/wp-content\/uploads\/2022\/03\/\u684c\u79e4-25-214x300.jpg\" alt=\"\" width=\"201\" height=\"282\" srcset=\"https:\/\/www.hiweigh.com\/wp-content\/uploads\/2022\/03\/\u684c\u79e4-25-214x300.jpg 214w, https:\/\/www.hiweigh.com\/wp-content\/uploads\/2022\/03\/\u684c\u79e4-25-600x842.jpg 600w, https:\/\/www.hiweigh.com\/wp-content\/uploads\/2022\/03\/\u684c\u79e4-25-768x1077.jpg 768w, https:\/\/www.hiweigh.com\/wp-content\/uploads\/2022\/03\/\u684c\u79e4-25-730x1024.jpg 730w, https:\/\/www.hiweigh.com\/wp-content\/uploads\/2022\/03\/\u684c\u79e4-25-scaled.jpg 1825w\" sizes=\"auto, (max-width: 201px) 100vw, 201px\" \/><\/a><\/td>\n<td style=\"width: 229.738px; height: 288px;\"><a href=\"https:\/\/www.hiweigh.com\/wp-content\/uploads\/2025\/07\/Retail_Scale.pdf\"><img loading=\"lazy\" decoding=\"async\" class=\"wp-image-20701 aligncenter\" src=\"https:\/\/www.hiweigh.com\/wp-content\/uploads\/2022\/03\/\u684c\u79e4-11-214x300.jpg\" alt=\"\" width=\"201\" height=\"282\" srcset=\"https:\/\/www.hiweigh.com\/wp-content\/uploads\/2022\/03\/\u684c\u79e4-11-214x300.jpg 214w, https:\/\/www.hiweigh.com\/wp-content\/uploads\/2022\/03\/\u684c\u79e4-11-600x842.jpg 600w, https:\/\/www.hiweigh.com\/wp-content\/uploads\/2022\/03\/\u684c\u79e4-11-768x1077.jpg 768w, https:\/\/www.hiweigh.com\/wp-content\/uploads\/2022\/03\/\u684c\u79e4-11-730x1024.jpg 730w, https:\/\/www.hiweigh.com\/wp-content\/uploads\/2022\/03\/\u684c\u79e4-11-scaled.jpg 1825w\" sizes=\"auto, (max-width: 201px) 100vw, 201px\" \/><\/a><\/td>\n<td style=\"width: 239.275px; height: 288px;\"><a href=\"https:\/\/www.hiweigh.com\/wp-content\/uploads\/2025\/07\/Table_Weighing_Scale.pdf\"><img loading=\"lazy\" decoding=\"async\" class=\"wp-image-20707 aligncenter\" src=\"https:\/\/www.hiweigh.com\/wp-content\/uploads\/2022\/03\/\u684c\u79e4-37-214x300.jpg\" alt=\"\" width=\"201\" height=\"282\" srcset=\"https:\/\/www.hiweigh.com\/wp-content\/uploads\/2022\/03\/\u684c\u79e4-37-214x300.jpg 214w, https:\/\/www.hiweigh.com\/wp-content\/uploads\/2022\/03\/\u684c\u79e4-37-600x842.jpg 600w, https:\/\/www.hiweigh.com\/wp-content\/uploads\/2022\/03\/\u684c\u79e4-37-768x1077.jpg 768w, https:\/\/www.hiweigh.com\/wp-content\/uploads\/2022\/03\/\u684c\u79e4-37-730x1024.jpg 730w, https:\/\/www.hiweigh.com\/wp-content\/uploads\/2022\/03\/\u684c\u79e4-37-scaled.jpg 1825w\" sizes=\"auto, (max-width: 201px) 100vw, 201px\" \/><\/a><\/td>\n<\/tr>\n<tr style=\"height: 48px;\">\n<td style=\"width: 240.288px; height: 11px; text-align: center;\"><a href=\"https:\/\/www.hiweigh.com\/wp-content\/uploads\/2025\/07\/Waterproof_Scale.pdf\">Waterproof Scale<\/a><\/td>\n<td style=\"width: 248.7px; height: 11px; text-align: center;\"><a href=\"https:\/\/www.hiweigh.com\/wp-content\/uploads\/2025\/07\/Balance.pdf\">Counting Scale<\/a><\/td>\n<td style=\"width: 229.738px; height: 11px; text-align: center;\"><a href=\"https:\/\/www.hiweigh.com\/wp-content\/uploads\/2025\/07\/Retail_Scale.pdf\">Retail Scale<\/a><\/td>\n<td style=\"width: 239.275px; height: 11px; text-align: center;\"><a href=\"https:\/\/www.hiweigh.com\/wp-content\/uploads\/2025\/07\/Table_Weighing_Scale.pdf\">Table Weighing Scale<\/a><\/td>\n<\/tr>\n<tr style=\"height: 291px;\">\n<td style=\"width: 240.288px; height: 291px;\"><a href=\"https:\/\/www.hiweigh.com\/wp-content\/uploads\/2025\/07\/Pallet-Scale.pdf\"><img loading=\"lazy\" decoding=\"async\" class=\"wp-image-20695 size-medium aligncenter\" src=\"https:\/\/www.hiweigh.com\/wp-content\/uploads\/2022\/03\/\u53c9\u8f66\u79e4\u6837\u518c_\u753b\u677f-1-212x300.jpg\" alt=\"\" width=\"212\" height=\"300\" srcset=\"https:\/\/www.hiweigh.com\/wp-content\/uploads\/2022\/03\/\u53c9\u8f66\u79e4\u6837\u518c_\u753b\u677f-1-212x300.jpg 212w, https:\/\/www.hiweigh.com\/wp-content\/uploads\/2022\/03\/\u53c9\u8f66\u79e4\u6837\u518c_\u753b\u677f-1-600x848.jpg 600w, https:\/\/www.hiweigh.com\/wp-content\/uploads\/2022\/03\/\u53c9\u8f66\u79e4\u6837\u518c_\u753b\u677f-1-768x1086.jpg 768w, https:\/\/www.hiweigh.com\/wp-content\/uploads\/2022\/03\/\u53c9\u8f66\u79e4\u6837\u518c_\u753b\u677f-1-724x1024.jpg 724w, https:\/\/www.hiweigh.com\/wp-content\/uploads\/2022\/03\/\u53c9\u8f66\u79e4\u6837\u518c_\u753b\u677f-1-scaled.jpg 1811w\" sizes=\"auto, (max-width: 212px) 100vw, 212px\" \/><\/a><\/td>\n<td style=\"width: 248.7px; height: 291px;\"><a href=\"https:\/\/www.hiweigh.com\/wp-content\/uploads\/2025\/07\/Crane-Scale.pdf\"><img loading=\"lazy\" decoding=\"async\" class=\"wp-image-20692 size-medium aligncenter\" src=\"https:\/\/www.hiweigh.com\/wp-content\/uploads\/2022\/03\/\u540a\u94a9\u79e4_\u753b\u677f-1-212x300.jpg\" alt=\"\" width=\"212\" height=\"300\" srcset=\"https:\/\/www.hiweigh.com\/wp-content\/uploads\/2022\/03\/\u540a\u94a9\u79e4_\u753b\u677f-1-212x300.jpg 212w, https:\/\/www.hiweigh.com\/wp-content\/uploads\/2022\/03\/\u540a\u94a9\u79e4_\u753b\u677f-1-600x848.jpg 600w, https:\/\/www.hiweigh.com\/wp-content\/uploads\/2022\/03\/\u540a\u94a9\u79e4_\u753b\u677f-1-768x1086.jpg 768w, https:\/\/www.hiweigh.com\/wp-content\/uploads\/2022\/03\/\u540a\u94a9\u79e4_\u753b\u677f-1-724x1024.jpg 724w, https:\/\/www.hiweigh.com\/wp-content\/uploads\/2022\/03\/\u540a\u94a9\u79e4_\u753b\u677f-1-scaled.jpg 1811w\" sizes=\"auto, (max-width: 212px) 100vw, 212px\" \/><\/a><\/td>\n<td style=\"width: 229.738px; height: 291px;\"><a href=\"https:\/\/www.hiweigh.com\/wp-content\/uploads\/2025\/07\/Load-Cell.pdf\"><img loading=\"lazy\" decoding=\"async\" class=\"size-medium wp-image-20827 aligncenter\" src=\"https:\/\/www.hiweigh.com\/wp-content\/uploads\/2022\/04\/load-cell-212x300.jpg\" alt=\"\" width=\"212\" height=\"300\" srcset=\"https:\/\/www.hiweigh.com\/wp-content\/uploads\/2022\/04\/load-cell-212x300.jpg 212w, https:\/\/www.hiweigh.com\/wp-content\/uploads\/2022\/04\/load-cell-600x848.jpg 600w, https:\/\/www.hiweigh.com\/wp-content\/uploads\/2022\/04\/load-cell-768x1086.jpg 768w, https:\/\/www.hiweigh.com\/wp-content\/uploads\/2022\/04\/load-cell-724x1024.jpg 724w, https:\/\/www.hiweigh.com\/wp-content\/uploads\/2022\/04\/load-cell-scaled.jpg 1811w\" sizes=\"auto, (max-width: 212px) 100vw, 212px\" \/><\/a><\/td>\n<td style=\"width: 239.275px; height: 291px;\"><a href=\"https:\/\/www.hiweigh.com\/wp-content\/uploads\/2025\/07\/Animal-Scale.pdf\"><img loading=\"lazy\" decoding=\"async\" class=\"wp-image-20713 size-medium aligncenter\" src=\"https:\/\/www.hiweigh.com\/wp-content\/uploads\/2022\/03\/\u52a8\u7269\u79e4_\u753b\u677f-1-212x300.jpg\" alt=\"\" width=\"212\" height=\"300\" srcset=\"https:\/\/www.hiweigh.com\/wp-content\/uploads\/2022\/03\/\u52a8\u7269\u79e4_\u753b\u677f-1-212x300.jpg 212w, https:\/\/www.hiweigh.com\/wp-content\/uploads\/2022\/03\/\u52a8\u7269\u79e4_\u753b\u677f-1-600x848.jpg 600w, https:\/\/www.hiweigh.com\/wp-content\/uploads\/2022\/03\/\u52a8\u7269\u79e4_\u753b\u677f-1-768x1086.jpg 768w, https:\/\/www.hiweigh.com\/wp-content\/uploads\/2022\/03\/\u52a8\u7269\u79e4_\u753b\u677f-1-724x1024.jpg 724w, https:\/\/www.hiweigh.com\/wp-content\/uploads\/2022\/03\/\u52a8\u7269\u79e4_\u753b\u677f-1-scaled.jpg 1811w\" sizes=\"auto, (max-width: 212px) 100vw, 212px\" \/><\/a><\/td>\n<\/tr>\n<tr style=\"height: 48px;\">\n<td style=\"width: 240.288px; height: 26px; text-align: center;\"><a href=\"https:\/\/www.hiweigh.com\/wp-content\/uploads\/2025\/07\/Pallet-Scale.pdf\">Pallet Scale<\/a><\/td>\n<td style=\"width: 248.7px; height: 26px; text-align: center;\"><a href=\"https:\/\/www.hiweigh.com\/wp-content\/uploads\/2025\/07\/Crane-Scale.pdf\">Crane Scale<\/a><\/td>\n<td style=\"width: 229.738px; height: 26px; text-align: center;\"><a href=\"https:\/\/www.hiweigh.com\/wp-content\/uploads\/2025\/07\/Load-Cell.pdf\">Load Cell<\/a><\/td>\n<td style=\"width: 239.275px; height: 26px; text-align: center;\"><a href=\"https:\/\/www.hiweigh.com\/wp-content\/uploads\/2025\/07\/Animal-Scale.pdf\">Animal Scale<\/a><\/td>\n<\/tr>\n<tr style=\"height: 291px;\">\n<td style=\"width: 240.288px; height: 291px;\"><a href=\"https:\/\/www.hiweigh.com\/wp-content\/uploads\/2025\/07\/Weighbridge.pdf\"><img loading=\"lazy\" decoding=\"async\" class=\" wp-image-20821 aligncenter\" src=\"https:\/\/www.hiweigh.com\/wp-content\/uploads\/2022\/04\/weighbridge-212x300.jpg\" alt=\"\" width=\"201\" height=\"284\" srcset=\"https:\/\/www.hiweigh.com\/wp-content\/uploads\/2022\/04\/weighbridge-212x300.jpg 212w, https:\/\/www.hiweigh.com\/wp-content\/uploads\/2022\/04\/weighbridge-600x848.jpg 600w, https:\/\/www.hiweigh.com\/wp-content\/uploads\/2022\/04\/weighbridge-768x1086.jpg 768w, https:\/\/www.hiweigh.com\/wp-content\/uploads\/2022\/04\/weighbridge-724x1024.jpg 724w, https:\/\/www.hiweigh.com\/wp-content\/uploads\/2022\/04\/weighbridge-scaled.jpg 1811w\" sizes=\"auto, (max-width: 201px) 100vw, 201px\" \/><\/a><\/td>\n<td style=\"width: 248.7px; height: 291px;\"><img loading=\"lazy\" decoding=\"async\" class=\" wp-image-20824 aligncenter\" src=\"https:\/\/www.hiweigh.com\/wp-content\/uploads\/2022\/04\/axle-scale-212x300.jpg\" alt=\"\" width=\"201\" height=\"284\" srcset=\"https:\/\/www.hiweigh.com\/wp-content\/uploads\/2022\/04\/axle-scale-212x300.jpg 212w, https:\/\/www.hiweigh.com\/wp-content\/uploads\/2022\/04\/axle-scale-600x848.jpg 600w, https:\/\/www.hiweigh.com\/wp-content\/uploads\/2022\/04\/axle-scale-768x1086.jpg 768w, https:\/\/www.hiweigh.com\/wp-content\/uploads\/2022\/04\/axle-scale-724x1024.jpg 724w, https:\/\/www.hiweigh.com\/wp-content\/uploads\/2022\/04\/axle-scale-scaled.jpg 1811w\" sizes=\"auto, (max-width: 201px) 100vw, 201px\" \/><\/td>\n<td style=\"width: 229.738px; height: 291px;\"><a href=\"https:\/\/www.hiweigh.com\/wp-content\/uploads\/2025\/07\/Balance.pdf\"><img loading=\"lazy\" decoding=\"async\" class=\"wp-image-20722 alignnone aligncenter\" src=\"https:\/\/www.hiweigh.com\/wp-content\/uploads\/2022\/03\/\u5929\u5e73_\u753b\u677f-1-212x300.jpg\" alt=\"\" width=\"201\" height=\"284\" srcset=\"https:\/\/www.hiweigh.com\/wp-content\/uploads\/2022\/03\/\u5929\u5e73_\u753b\u677f-1-212x300.jpg 212w, https:\/\/www.hiweigh.com\/wp-content\/uploads\/2022\/03\/\u5929\u5e73_\u753b\u677f-1-600x848.jpg 600w, https:\/\/www.hiweigh.com\/wp-content\/uploads\/2022\/03\/\u5929\u5e73_\u753b\u677f-1-768x1086.jpg 768w, https:\/\/www.hiweigh.com\/wp-content\/uploads\/2022\/03\/\u5929\u5e73_\u753b\u677f-1-724x1024.jpg 724w, https:\/\/www.hiweigh.com\/wp-content\/uploads\/2022\/03\/\u5929\u5e73_\u753b\u677f-1-scaled.jpg 1811w\" sizes=\"auto, (max-width: 201px) 100vw, 201px\" \/><\/a><\/td>\n<td style=\"width: 239.275px; height: 291px;\"><a href=\"https:\/\/www.hiweigh.com\/wp-content\/uploads\/2025\/07\/Test_Weights.pdf\"><img loading=\"lazy\" decoding=\"async\" class=\"wp-image-20716 aligncenter\" src=\"https:\/\/www.hiweigh.com\/wp-content\/uploads\/2022\/03\/\u781d\u7801_\u753b\u677f-1-212x300.jpg\" alt=\"\" width=\"201\" height=\"284\" srcset=\"https:\/\/www.hiweigh.com\/wp-content\/uploads\/2022\/03\/\u781d\u7801_\u753b\u677f-1-212x300.jpg 212w, https:\/\/www.hiweigh.com\/wp-content\/uploads\/2022\/03\/\u781d\u7801_\u753b\u677f-1-600x848.jpg 600w, https:\/\/www.hiweigh.com\/wp-content\/uploads\/2022\/03\/\u781d\u7801_\u753b\u677f-1-768x1086.jpg 768w, https:\/\/www.hiweigh.com\/wp-content\/uploads\/2022\/03\/\u781d\u7801_\u753b\u677f-1-724x1024.jpg 724w, https:\/\/www.hiweigh.com\/wp-content\/uploads\/2022\/03\/\u781d\u7801_\u753b\u677f-1-scaled.jpg 1811w\" sizes=\"auto, (max-width: 201px) 100vw, 201px\" \/><\/a><\/td>\n<\/tr>\n<tr style=\"height: 48px;\">\n<td style=\"width: 240.288px; height: 26px; text-align: center;\"><a href=\"https:\/\/www.hiweigh.com\/wp-content\/uploads\/2025\/07\/Weighbridge.pdf\">Weighbridge<\/a><\/td>\n<td style=\"width: 248.7px; height: 26px; text-align: center;\"><a href=\"https:\/\/www.hiweigh.com\/wp-content\/uploads\/2017\/06\/Axle-Scale-1.pdf\">Axle Scale<\/a><\/td>\n<td style=\"width: 229.738px; height: 26px; text-align: center;\"><a href=\"https:\/\/www.hiweigh.com\/wp-content\/uploads\/2025\/07\/Balance.pdf\">Precision Balance<\/a><\/td>\n<td style=\"width: 239.275px; height: 26px; text-align: center;\"><a href=\"https:\/\/www.hiweigh.com\/wp-content\/uploads\/2025\/07\/Test_Weights.pdf\">Test Weights<\/a><\/td>\n<\/tr>\n<tr style=\"height: 280px;\">\n<td style=\"width: 240.288px; height: 280px;\"><a href=\"https:\/\/www.hiweigh.com\/wp-content\/uploads\/2025\/07\/Medical-Scale.pdf\"><img loading=\"lazy\" decoding=\"async\" class=\"wp-image-20725 aligncenter\" src=\"https:\/\/www.hiweigh.com\/wp-content\/uploads\/2022\/03\/\u533b\u7597\u79e4_\u753b\u677f-1-212x300.jpg\" alt=\"\" width=\"201\" height=\"284\" srcset=\"https:\/\/www.hiweigh.com\/wp-content\/uploads\/2022\/03\/\u533b\u7597\u79e4_\u753b\u677f-1-212x300.jpg 212w, https:\/\/www.hiweigh.com\/wp-content\/uploads\/2022\/03\/\u533b\u7597\u79e4_\u753b\u677f-1-600x848.jpg 600w, https:\/\/www.hiweigh.com\/wp-content\/uploads\/2022\/03\/\u533b\u7597\u79e4_\u753b\u677f-1-768x1086.jpg 768w, https:\/\/www.hiweigh.com\/wp-content\/uploads\/2022\/03\/\u533b\u7597\u79e4_\u753b\u677f-1-724x1024.jpg 724w, https:\/\/www.hiweigh.com\/wp-content\/uploads\/2022\/03\/\u533b\u7597\u79e4_\u753b\u677f-1-scaled.jpg 1811w\" sizes=\"auto, (max-width: 201px) 100vw, 201px\" \/><\/a><\/td>\n<td style=\"width: 248.7px; height: 280px;\"><\/td>\n<td style=\"width: 229.738px; height: 280px;\"><\/td>\n<td style=\"width: 239.275px; height: 280px;\"><\/td>\n<\/tr>\n<tr style=\"height: 24px;\">\n<td style=\"width: 240.288px; height: 24px; text-align: center;\"><a href=\"https:\/\/www.hiweigh.com\/wp-content\/uploads\/2025\/07\/Medical-Scale.pdf\">Medical Scale<\/a><\/td>\n<td style=\"width: 248.7px; height: 24px;\"><\/td>\n<td style=\"width: 229.738px; height: 24px;\"><\/td>\n<td style=\"width: 239.275px; height: 24px;\"><\/td>\n<\/tr>\n<\/tbody>\n<\/table>\n","protected":false},"excerpt":{"rendered":"<p>Nuestro cat\u00e1logo de productos ofrece una visi\u00f3n general completa de nuestras soluciones de pesaje industrial, incluyendo c\u00e9lulas de carga, indicadores, b\u00e1sculas de plataforma, b\u00e1sculas para camiones y sistemas de pesaje personalizados. Incluye especificaciones t\u00e9cnicas detalladas y gu\u00edas de aplicaci\u00f3n para apoyar a fabricantes de equipos originales (OEM) e integradores de sistemas. HiWEIGH Weighing Indicator Platform [&hellip;]<\/p>\n","protected":false},"author":1,"featured_media":0,"parent":0,"menu_order":0,"comment_status":"closed","ping_status":"closed","template":"","meta":{"footnotes":""},"class_list":["post-17759","page","type-page","status-publish","hentry"],"_links":{"self":[{"href":"https:\/\/www.hiweigh.com\/es\/wp-json\/wp\/v2\/pages\/17759","targetHints":{"allow":["GET"]}}],"collection":[{"href":"https:\/\/www.hiweigh.com\/es\/wp-json\/wp\/v2\/pages"}],"about":[{"href":"https:\/\/www.hiweigh.com\/es\/wp-json\/wp\/v2\/types\/page"}],"author":[{"embeddable":true,"href":"https:\/\/www.hiweigh.com\/es\/wp-json\/wp\/v2\/users\/1"}],"replies":[{"embeddable":true,"href":"https:\/\/www.hiweigh.com\/es\/wp-json\/wp\/v2\/comments?post=17759"}],"version-history":[{"count":6,"href":"https:\/\/www.hiweigh.com\/es\/wp-json\/wp\/v2\/pages\/17759\/revisions"}],"predecessor-version":[{"id":26310,"href":"https:\/\/www.hiweigh.com\/es\/wp-json\/wp\/v2\/pages\/17759\/revisions\/26310"}],"wp:attachment":[{"href":"https:\/\/www.hiweigh.com\/es\/wp-json\/wp\/v2\/media?parent=17759"}],"curies":[{"name":"wp","href":"https:\/\/api.w.org\/{rel}","templated":true}]}}