{"id":24276,"date":"2017-02-11T06:20:28","date_gmt":"2017-02-11T06:20:28","guid":{"rendered":"https:\/\/www.hiweigh.com\/manuals-2\/"},"modified":"2026-02-04T08:09:35","modified_gmt":"2026-02-04T08:09:35","slug":"manuales","status":"publish","type":"page","link":"https:\/\/www.hiweigh.com\/es\/manuales\/","title":{"rendered":"Manuals"},"content":{"rendered":"<p><span class=\"jCAhz ChMk0b\"><span class=\"ryNqvb\">Esta p\u00e1gina se actualizar\u00e1 continuamente con el manual del usuario de los equipos de pesaje.<\/span><\/span> <span class=\"jCAhz ChMk0b\"><span class=\"ryNqvb\">Los manuales abarcan procedimientos de instalaci\u00f3n, instrucciones de cableado, procedimientos de calibraci\u00f3n y recomendaciones de mantenimiento, dise\u00f1ados para ayudar a fabricantes de equipos originales, integradores de sistemas y usuarios finales.<\/span><\/span><\/p>\n<table style=\"height: 336px;\" width=\"981\">\n<tbody>\n<tr>\n<td style=\"width: 972.6px; text-align: center;\" colspan=\"5\">Livestock Farming<\/td>\n<\/tr>\n<tr>\n<td style=\"width: 190.35px; text-align: center;\"><a href=\"https:\/\/www.hiweigh.com\/wp-content\/uploads\/2025\/07\/K7-User-Manual.pdf\"><img loading=\"lazy\" decoding=\"async\" class=\"size-medium wp-image-24299 aligncenter\" src=\"https:\/\/www.hiweigh.com\/wp-content\/uploads\/2025\/07\/k7-cover-212x300.jpg\" alt=\"\" width=\"212\" height=\"300\" srcset=\"https:\/\/www.hiweigh.com\/wp-content\/uploads\/2025\/07\/k7-cover-212x300.jpg 212w, https:\/\/www.hiweigh.com\/wp-content\/uploads\/2025\/07\/k7-cover.jpg 298w\" sizes=\"auto, (max-width: 212px) 100vw, 212px\" \/><\/a><\/td>\n<td style=\"width: 190.35px; text-align: center;\"><a href=\"https:\/\/www.hiweigh.com\/wp-content\/uploads\/2025\/07\/ABH-User-Manual.pdf\"><img loading=\"lazy\" decoding=\"async\" class=\"size-medium wp-image-24286 aligncenter\" src=\"https:\/\/www.hiweigh.com\/wp-content\/uploads\/2025\/07\/ABH-Manual-1-210x300.png\" alt=\"ABH Load bars\" width=\"210\" height=\"300\" srcset=\"https:\/\/www.hiweigh.com\/wp-content\/uploads\/2025\/07\/ABH-Manual-1-210x300.png 210w, https:\/\/www.hiweigh.com\/wp-content\/uploads\/2025\/07\/ABH-Manual-1-600x857.png 600w, https:\/\/www.hiweigh.com\/wp-content\/uploads\/2025\/07\/ABH-Manual-1.png 619w\" sizes=\"auto, (max-width: 210px) 100vw, 210px\" \/><\/a><\/td>\n<td style=\"width: 190.35px; text-align: center;\"><\/td>\n<td style=\"width: 190.35px; text-align: center;\"><\/td>\n<td style=\"width: 190.4px; text-align: center;\"><\/td>\n<\/tr>\n<tr>\n<td style=\"width: 190.35px; text-align: center;\"><a href=\"https:\/\/www.hiweigh.com\/wp-content\/uploads\/2025\/07\/K7-User-Manual.pdf\">K7 Indicator<\/a><\/td>\n<td style=\"width: 190.35px; text-align: center;\"><a href=\"https:\/\/www.hiweigh.com\/wp-content\/uploads\/2025\/07\/ABH-User-Manual.pdf\">ABH Load Bars<\/a><\/td>\n<td style=\"width: 190.35px; text-align: center;\"><\/td>\n<td style=\"width: 190.35px; text-align: center;\"><\/td>\n<td style=\"width: 190.4px; text-align: center;\"><\/td>\n<\/tr>\n<tr>\n<td style=\"width: 190.35px; text-align: center;\" colspan=\"5\">Medical and Health<\/td>\n<\/tr>\n<tr>\n<td style=\"width: 190.35px; text-align: center;\"><a href=\"https:\/\/www.hiweigh.com\/wp-content\/uploads\/2025\/08\/HH-User-Manual.pdf\"><img loading=\"lazy\" decoding=\"async\" class=\"size-medium wp-image-24653 aligncenter\" src=\"https:\/\/www.hiweigh.com\/wp-content\/uploads\/2025\/08\/HH-User-manual-2-212x300.jpg\" alt=\"\" width=\"212\" height=\"300\" srcset=\"https:\/\/www.hiweigh.com\/wp-content\/uploads\/2025\/08\/HH-User-manual-2-212x300.jpg 212w, https:\/\/www.hiweigh.com\/wp-content\/uploads\/2025\/08\/HH-User-manual-2-600x847.jpg 600w, https:\/\/www.hiweigh.com\/wp-content\/uploads\/2025\/08\/HH-User-manual-2.jpg 621w\" sizes=\"auto, (max-width: 212px) 100vw, 212px\" \/><\/a><\/td>\n<td style=\"width: 190.35px; text-align: center;\"><\/td>\n<td style=\"width: 190.35px; text-align: center;\"><\/td>\n<td style=\"width: 190.35px; text-align: center;\"><\/td>\n<td style=\"width: 190.4px; text-align: center;\"><\/td>\n<\/tr>\n<tr>\n<td style=\"width: 190.35px; text-align: center;\"><a href=\"https:\/\/www.hiweigh.com\/wp-content\/uploads\/2025\/08\/HH-User-Manual.pdf\">HH Height &amp; Weight Scale<\/a><\/td>\n<td style=\"width: 190.35px; text-align: center;\"><\/td>\n<td style=\"width: 190.35px; text-align: center;\"><\/td>\n<td style=\"width: 190.35px; text-align: center;\"><\/td>\n<td style=\"width: 190.4px; text-align: center;\"><\/td>\n<\/tr>\n<\/tbody>\n<\/table>\n","protected":false},"excerpt":{"rendered":"<p>Esta p\u00e1gina se actualizar\u00e1 continuamente con el manual del usuario de los equipos de pesaje. Los manuales abarcan procedimientos de instalaci\u00f3n, instrucciones de cableado, procedimientos de calibraci\u00f3n y recomendaciones de mantenimiento, dise\u00f1ados para ayudar a fabricantes de equipos originales, integradores de sistemas y usuarios finales. Livestock Farming K7 Indicator ABH Load Bars Medical and Health [&hellip;]<\/p>\n","protected":false},"author":1,"featured_media":0,"parent":0,"menu_order":0,"comment_status":"closed","ping_status":"closed","template":"","meta":{"footnotes":""},"class_list":["post-24276","page","type-page","status-publish","hentry"],"_links":{"self":[{"href":"https:\/\/www.hiweigh.com\/es\/wp-json\/wp\/v2\/pages\/24276","targetHints":{"allow":["GET"]}}],"collection":[{"href":"https:\/\/www.hiweigh.com\/es\/wp-json\/wp\/v2\/pages"}],"about":[{"href":"https:\/\/www.hiweigh.com\/es\/wp-json\/wp\/v2\/types\/page"}],"author":[{"embeddable":true,"href":"https:\/\/www.hiweigh.com\/es\/wp-json\/wp\/v2\/users\/1"}],"replies":[{"embeddable":true,"href":"https:\/\/www.hiweigh.com\/es\/wp-json\/wp\/v2\/comments?post=24276"}],"version-history":[{"count":8,"href":"https:\/\/www.hiweigh.com\/es\/wp-json\/wp\/v2\/pages\/24276\/revisions"}],"predecessor-version":[{"id":26321,"href":"https:\/\/www.hiweigh.com\/es\/wp-json\/wp\/v2\/pages\/24276\/revisions\/26321"}],"wp:attachment":[{"href":"https:\/\/www.hiweigh.com\/es\/wp-json\/wp\/v2\/media?parent=24276"}],"curies":[{"name":"wp","href":"https:\/\/api.w.org\/{rel}","templated":true}]}}