{"id":5647,"date":"2017-01-18T09:43:13","date_gmt":"2017-01-18T09:43:13","guid":{"rendered":"http:\/\/www.hiweigh.com\/download\/"},"modified":"2022-07-28T09:23:38","modified_gmt":"2022-07-28T09:23:38","slug":"apoyo","status":"publish","type":"page","link":"https:\/\/www.hiweigh.com\/es\/apoyo\/","title":{"rendered":"Apoyo"},"content":{"rendered":"<div class=\"wpb-content-wrapper\"><p>[vc_row rt_row_background_width=\u00bbdefault\u00bb rt_row_style=\u00bbdefault-style\u00bb rt_row_borders=\u00bb\u00bb rt_row_paddings=\u00bbtrue\u00bb rt_bg_effect=\u00bbclassic\u00bb rt_bg_image_repeat=\u00bbrepeat\u00bb rt_bg_size=\u00bbcover\u00bb rt_bg_position=\u00bbright top\u00bb rt_bg_attachment=\u00bbscroll\u00bb rt_bg_video_format=\u00bbself-hosted\u00bb][vc_column width=\u00bb1\/3&#8243; rt_wrp_col_paddings=\u00bbfalse\u00bb rt_border_top=\u00bb\u00bb rt_border_bottom=\u00bb\u00bb rt_border_left=\u00bb\u00bb rt_border_right=\u00bb\u00bb rt_border_top_mobile=\u00bb\u00bb rt_border_bottom_mobile=\u00bb\u00bb rt_border_left_mobile=\u00bb\u00bb rt_border_right_mobile=\u00bb\u00bb rt_bg_image_repeat=\u00bbrepeat\u00bb rt_bg_size=\u00bbauto auto\u00bb rt_bg_position=\u00bbright top\u00bb rt_bg_attachment=\u00bbscroll\u00bb]<article   class=\"image-content-box content-box box-style-1 center\"><div class=\"featured_image_holder\"><a href=\"https:\/\/www.hiweigh.com\/catalogs\/\" title=\"GO TO CATALOGS\" target=\"_self\"><img decoding=\"async\" class=\"img-responsive\" src=\"https:\/\/www.hiweigh.com\/wp-content\/uploads\/2022\/07\/Catalog-1.png\" alt=\"\" \/><\/a><\/div><div class=\"text-holder\">\n\t<h3 class=\"heading\" >\n\t\t<a href=\"https:\/\/www.hiweigh.com\/catalogs\/\" title=\"Cat\u00e1logos\" target=\"_self\" >\n\t\t\tCat\u00e1logos\n\t\t<\/a>\n\t<\/h3> <p>Cat\u00e1logo maestro y cat\u00e1logos espec\u00edficos de la industria.<\/p>\n<a class=\"read_more\" href=\"https:\/\/www.hiweigh.com\/catalogs\/\" title=\"GO TO CATALOGS\" target=\"_self\" >GO TO CATALOGS<\/a><\/div><\/article>[\/vc_column][vc_column width=\u00bb1\/3&#8243; rt_wrp_col_paddings=\u00bbfalse\u00bb rt_border_top=\u00bb\u00bb rt_border_bottom=\u00bb\u00bb rt_border_left=\u00bb\u00bb rt_border_right=\u00bb\u00bb rt_border_top_mobile=\u00bb\u00bb rt_border_bottom_mobile=\u00bb\u00bb rt_border_left_mobile=\u00bb\u00bb rt_border_right_mobile=\u00bb\u00bb rt_bg_image_repeat=\u00bbrepeat\u00bb rt_bg_size=\u00bbauto auto\u00bb rt_bg_position=\u00bbright top\u00bb rt_bg_attachment=\u00bbscroll\u00bb]<article   class=\"image-content-box content-box box-style-1 center\"><div class=\"featured_image_holder\"><a href=\"https:\/\/www.hiweigh.com\/manuals\/\" title=\"GO TO MANUALS\" target=\"_self\"><img decoding=\"async\" class=\"img-responsive\" src=\"https:\/\/www.hiweigh.com\/wp-content\/uploads\/2022\/06\/K7\u8bf4\u660e\u4e66-\u6df1\u8272-01.jpg\" alt=\"\" \/><\/a><\/div><div class=\"text-holder\">\n\t<h3 class=\"heading\" >\n\t\t<a href=\"https:\/\/www.hiweigh.com\/manuals\/\" title=\"Manuales de usuario\" target=\"_self\" >\n\t\t\tManuales de usuario\n\t\t<\/a>\n\t<\/h3> <p>Manuales de usuario de indicadores, balanzas, balanzas, accesorios y m\u00e1s.<\/p>\n<a class=\"read_more\" href=\"https:\/\/www.hiweigh.com\/manuals\/\" title=\"GO TO MANUALS\" target=\"_self\" >GO TO MANUALS<\/a><\/div><\/article>[\/vc_column][vc_column width=\u00bb1\/3&#8243; rt_wrp_col_paddings=\u00bbfalse\u00bb rt_border_top=\u00bb\u00bb rt_border_bottom=\u00bb\u00bb rt_border_left=\u00bb\u00bb rt_border_right=\u00bb\u00bb rt_border_top_mobile=\u00bb\u00bb rt_border_bottom_mobile=\u00bb\u00bb rt_border_left_mobile=\u00bb\u00bb rt_border_right_mobile=\u00bb\u00bb rt_bg_image_repeat=\u00bbrepeat\u00bb rt_bg_size=\u00bbauto auto\u00bb rt_bg_position=\u00bbright top\u00bb rt_bg_attachment=\u00bbscroll\u00bb]<article   class=\"image-content-box content-box box-style-1 center\"><div class=\"featured_image_holder\"><a href=\"https:\/\/www.hiweigh.com\/certificates\/\" title=\"GO TO CERTIFICATES\" target=\"_self\"><img decoding=\"async\" class=\"img-responsive\" src=\"https:\/\/www.hiweigh.com\/wp-content\/uploads\/2020\/11\/OIML-4.jpg\" alt=\"\" \/><\/a><\/div><div class=\"text-holder\">\n\t<h4 class=\"heading\" >\n\t\t<a href=\"https:\/\/www.hiweigh.com\/certificates\/\" title=\"Certificaciones\" target=\"_self\" >\n\t\t\tCertificaciones\n\t\t<\/a>\n\t<\/h4> <p>Certificaciones de CE, aprobaci\u00f3n de tipo CE, OIML, ISO y m\u00e1s.<\/p>\n<a class=\"read_more\" href=\"https:\/\/www.hiweigh.com\/certificates\/\" title=\"GO TO CERTIFICATES\" target=\"_self\" >GO TO CERTIFICATES<\/a><\/div><\/article>[\/vc_column][\/vc_row][vc_row rt_row_background_width=\u00bbdefault\u00bb rt_row_style=\u00bbdefault-style\u00bb rt_row_borders=\u00bb\u00bb rt_row_paddings=\u00bbtrue\u00bb rt_bg_effect=\u00bbclassic\u00bb rt_bg_image_repeat=\u00bbrepeat\u00bb rt_bg_size=\u00bbcover\u00bb rt_bg_position=\u00bbright top\u00bb rt_bg_attachment=\u00bbscroll\u00bb rt_bg_video_format=\u00bbself-hosted\u00bb][vc_column width=\u00bb1\/2&#8243; rt_wrp_col_paddings=\u00bbfalse\u00bb rt_border_top=\u00bb\u00bb rt_border_bottom=\u00bb\u00bb rt_border_left=\u00bb\u00bb rt_border_right=\u00bb\u00bb rt_border_top_mobile=\u00bb\u00bb rt_border_bottom_mobile=\u00bb\u00bb rt_border_left_mobile=\u00bb\u00bb rt_border_right_mobile=\u00bb\u00bb rt_bg_image_repeat=\u00bbrepeat\u00bb rt_bg_size=\u00bbauto auto\u00bb rt_bg_position=\u00bbright top\u00bb rt_bg_attachment=\u00bbscroll\u00bb]<article   class=\"image-content-box content-box box-style-1 center\"><div class=\"featured_image_holder\"><a href=\"https:\/\/www.hiweigh.com\/videos\/\" title=\"GO TO VIDEOS\" target=\"_self\"><img decoding=\"async\" class=\"img-responsive\" src=\"https:\/\/www.hiweigh.com\/wp-content\/uploads\/2022\/07\/X2-EN.png\" alt=\"\" \/><\/a><\/div><div class=\"text-holder\">\n\t<h4 class=\"heading\" >\n\t\t<a href=\"https:\/\/www.hiweigh.com\/videos\/\" title=\"V\u00eddeo\" target=\"_self\" >\n\t\t\tV\u00eddeo\n\t\t<\/a>\n\t<\/h4> <p>Controlador de peso en movimiento, clasificadores de peso en l\u00ednea y m\u00e1s<\/p>\n<a class=\"read_more\" href=\"https:\/\/www.hiweigh.com\/videos\/\" title=\"GO TO VIDEOS\" target=\"_self\" >GO TO VIDEOS<\/a><\/div><\/article>[\/vc_column][vc_column width=\u00bb1\/2&#8243; rt_wrp_col_paddings=\u00bbfalse\u00bb rt_border_top=\u00bb\u00bb rt_border_bottom=\u00bb\u00bb rt_border_left=\u00bb\u00bb rt_border_right=\u00bb\u00bb rt_border_top_mobile=\u00bb\u00bb rt_border_bottom_mobile=\u00bb\u00bb rt_border_left_mobile=\u00bb\u00bb rt_border_right_mobile=\u00bb\u00bb rt_bg_image_repeat=\u00bbrepeat\u00bb rt_bg_size=\u00bbauto auto\u00bb rt_bg_position=\u00bbright top\u00bb rt_bg_attachment=\u00bbscroll\u00bb]<article   class=\"image-content-box content-box box-style-1 center\"><div class=\"featured_image_holder\"><a href=\"https:\/\/www.hiweigh.com\/software\/\" title=\"GO TO SOFTWARE\" target=\"_self\"><img decoding=\"async\" class=\"img-responsive\" src=\"https:\/\/www.hiweigh.com\/wp-content\/uploads\/2022\/06\/software-3.png\" alt=\"\" \/><\/a><\/div><div class=\"text-holder\">\n\t<h4 class=\"heading\" >\n\t\t<a href=\"https:\/\/www.hiweigh.com\/software\/\" title=\"Software\" target=\"_self\" >\n\t\t\tSoftware\n\t\t<\/a>\n\t<\/h4> <p>Software de depuraci\u00f3n RS232, software de depuraci\u00f3n WiFi, Hscaler y Hscaler2 para dispositivo Android *, etc.<\/p>\n<a class=\"read_more\" href=\"https:\/\/www.hiweigh.com\/software\/\" title=\"GO TO SOFTWARE\" target=\"_self\" >GO TO SOFTWARE<\/a><\/div><\/article>[\/vc_column][\/vc_row]<\/p>\n<\/div>","protected":false},"excerpt":{"rendered":"<p>[vc_row rt_row_background_width=\u00bbdefault\u00bb rt_row_style=\u00bbdefault-style\u00bb rt_row_borders=\u00bb\u00bb rt_row_paddings=\u00bbtrue\u00bb rt_bg_effect=\u00bbclassic\u00bb rt_bg_image_repeat=\u00bbrepeat\u00bb rt_bg_size=\u00bbcover\u00bb rt_bg_position=\u00bbright top\u00bb rt_bg_attachment=\u00bbscroll\u00bb rt_bg_video_format=\u00bbself-hosted\u00bb][vc_column width=\u00bb1\/3&#8243; rt_wrp_col_paddings=\u00bbfalse\u00bb rt_border_top=\u00bb\u00bb rt_border_bottom=\u00bb\u00bb rt_border_left=\u00bb\u00bb rt_border_right=\u00bb\u00bb rt_border_top_mobile=\u00bb\u00bb rt_border_bottom_mobile=\u00bb\u00bb rt_border_left_mobile=\u00bb\u00bb rt_border_right_mobile=\u00bb\u00bb rt_bg_image_repeat=\u00bbrepeat\u00bb rt_bg_size=\u00bbauto auto\u00bb rt_bg_position=\u00bbright top\u00bb rt_bg_attachment=\u00bbscroll\u00bb][\/vc_column][vc_column width=\u00bb1\/3&#8243; rt_wrp_col_paddings=\u00bbfalse\u00bb rt_border_top=\u00bb\u00bb rt_border_bottom=\u00bb\u00bb rt_border_left=\u00bb\u00bb rt_border_right=\u00bb\u00bb rt_border_top_mobile=\u00bb\u00bb rt_border_bottom_mobile=\u00bb\u00bb rt_border_left_mobile=\u00bb\u00bb rt_border_right_mobile=\u00bb\u00bb rt_bg_image_repeat=\u00bbrepeat\u00bb rt_bg_size=\u00bbauto auto\u00bb rt_bg_position=\u00bbright top\u00bb rt_bg_attachment=\u00bbscroll\u00bb][\/vc_column][vc_column width=\u00bb1\/3&#8243; rt_wrp_col_paddings=\u00bbfalse\u00bb rt_border_top=\u00bb\u00bb rt_border_bottom=\u00bb\u00bb rt_border_left=\u00bb\u00bb rt_border_right=\u00bb\u00bb rt_border_top_mobile=\u00bb\u00bb rt_border_bottom_mobile=\u00bb\u00bb rt_border_left_mobile=\u00bb\u00bb rt_border_right_mobile=\u00bb\u00bb rt_bg_image_repeat=\u00bbrepeat\u00bb [&hellip;]<\/p>\n","protected":false},"author":1,"featured_media":0,"parent":0,"menu_order":0,"comment_status":"closed","ping_status":"closed","template":"","meta":{"footnotes":""},"class_list":["post-5647","page","type-page","status-publish","hentry"],"_links":{"self":[{"href":"https:\/\/www.hiweigh.com\/es\/wp-json\/wp\/v2\/pages\/5647","targetHints":{"allow":["GET"]}}],"collection":[{"href":"https:\/\/www.hiweigh.com\/es\/wp-json\/wp\/v2\/pages"}],"about":[{"href":"https:\/\/www.hiweigh.com\/es\/wp-json\/wp\/v2\/types\/page"}],"author":[{"embeddable":true,"href":"https:\/\/www.hiweigh.com\/es\/wp-json\/wp\/v2\/users\/1"}],"replies":[{"embeddable":true,"href":"https:\/\/www.hiweigh.com\/es\/wp-json\/wp\/v2\/comments?post=5647"}],"version-history":[{"count":11,"href":"https:\/\/www.hiweigh.com\/es\/wp-json\/wp\/v2\/pages\/5647\/revisions"}],"predecessor-version":[{"id":21243,"href":"https:\/\/www.hiweigh.com\/es\/wp-json\/wp\/v2\/pages\/5647\/revisions\/21243"}],"wp:attachment":[{"href":"https:\/\/www.hiweigh.com\/es\/wp-json\/wp\/v2\/media?parent=5647"}],"curies":[{"name":"wp","href":"https:\/\/api.w.org\/{rel}","templated":true}]}}