{"id":5658,"date":"2017-01-16T07:07:29","date_gmt":"2017-01-16T07:07:29","guid":{"rendered":"http:\/\/www.hiweigh.com\/industries\/"},"modified":"2025-12-11T07:01:05","modified_gmt":"2025-12-11T07:01:05","slug":"industries","status":"publish","type":"page","link":"https:\/\/www.hiweigh.com\/es\/industries\/","title":{"rendered":"INDUSTRIAS"},"content":{"rendered":"<div class=\"wpb-content-wrapper\"><p>[vc_row rt_row_background_width=\u00bbdefault\u00bb rt_row_style=\u00bbdefault-style\u00bb rt_row_borders=\u00bb\u00bb rt_row_paddings=\u00bbtrue\u00bb rt_bg_effect=\u00bbclassic\u00bb rt_bg_image_repeat=\u00bbrepeat\u00bb rt_bg_size=\u00bbcover\u00bb rt_bg_position=\u00bbright top\u00bb rt_bg_attachment=\u00bbscroll\u00bb rt_bg_video_format=\u00bbself-hosted\u00bb class=\u00bbindustries-list\u00bb][vc_column width=\u00bb1\/3&#8243; rt_wrp_col_paddings=\u00bbfalse\u00bb rt_border_top=\u00bb\u00bb rt_border_bottom=\u00bb\u00bb rt_border_left=\u00bb\u00bb rt_border_right=\u00bb\u00bb rt_border_top_mobile=\u00bb\u00bb rt_border_bottom_mobile=\u00bb\u00bb rt_border_left_mobile=\u00bb\u00bb rt_border_right_mobile=\u00bb\u00bb rt_bg_image_repeat=\u00bbrepeat\u00bb rt_bg_size=\u00bbauto auto\u00bb rt_bg_position=\u00bbright top\u00bb rt_bg_attachment=\u00bbscroll\u00bb]<article   class=\"image-content-box content-box box-style-1 left\"><div class=\"featured_image_holder\"style=\"margin-bottom:10px;\"><a href=\"https:\/\/www.hiweigh.com\/es\/products\/sistemas-de-pesaje-industrial\/\" title=\"Explore more\" target=\"_self\"><img decoding=\"async\" class=\"img-responsive\" src=\"https:\/\/www.hiweigh.com\/wp-content\/uploads\/2025\/11\/industial-weighing-systems-2.jpg\" alt=\"industrial weighing scale indicators\" \/><\/a><\/div><div class=\"text-holder\">\n\t<h1 class=\"heading\" >\n\t\t<a href=\"https:\/\/www.hiweigh.com\/es\/products\/sistemas-de-pesaje-industrial\/\" title=\"Sistemas de pesaje industrial\" target=\"_self\" >\n\t\t\tSistemas de pesaje industrial\n\t\t<\/a>\n\t<\/h1> <p><span class=\"jCAhz ChMk0b\"><span class=\"ryNqvb\">Los indicadores de pesaje se utilizan ampliamente en b\u00e1sculas de suelo, b\u00e1sculas de sobremesa y b\u00e1sculas puente.<\/span><\/span> <span class=\"jCAhz ChMk0b\"><span class=\"ryNqvb\">Ofrecen una visualizaci\u00f3n clara del peso, almacenamiento de datos y conectividad para operaciones de pesaje eficientes.<\/span><\/span><\/p>\n<a class=\"read_more\" href=\"https:\/\/www.hiweigh.com\/es\/products\/sistemas-de-pesaje-industrial\/\" title=\"Explore more\" target=\"_self\" >Explore more<\/a><\/div><\/article>[\/vc_column][vc_column width=\u00bb1\/3&#8243; rt_wrp_col_paddings=\u00bbfalse\u00bb rt_border_top=\u00bb\u00bb rt_border_bottom=\u00bb\u00bb rt_border_left=\u00bb\u00bb rt_border_right=\u00bb\u00bb rt_border_top_mobile=\u00bb\u00bb rt_border_bottom_mobile=\u00bb\u00bb rt_border_left_mobile=\u00bb\u00bb rt_border_right_mobile=\u00bb\u00bb rt_bg_image_repeat=\u00bbrepeat\u00bb rt_bg_size=\u00bbauto auto\u00bb rt_bg_position=\u00bbright top\u00bb rt_bg_attachment=\u00bbscroll\u00bb]<article   class=\"image-content-box content-box box-style-1 left\"><div class=\"featured_image_holder\"style=\"margin-bottom:10px;\"><a href=\"https:\/\/www.hiweigh.com\/es\/products\/fabricacion-y-ensamblaje\/\" title=\"Explore more\" target=\"_self\"><img decoding=\"async\" class=\"img-responsive\" src=\"https:\/\/www.hiweigh.com\/wp-content\/uploads\/2025\/11\/manufacturing-and-assembly.png\" alt=\"entire stainless steel platform scale for factory\" \/><\/a><\/div><div class=\"text-holder\">\n\t<h1 class=\"heading\" >\n\t\t<a href=\"https:\/\/www.hiweigh.com\/es\/products\/fabricacion-y-ensamblaje\/\" title=\"Fabricaci\u00f3n y montaje\" target=\"_self\" >\n\t\t\tFabricaci\u00f3n y montaje\n\t\t<\/a>\n\t<\/h1> <p>Las b\u00e1sculas de plataforma admiten una amplia gama de flujos de trabajo de fabricaci\u00f3n, desde el pesaje de componentes hasta la inspecci\u00f3n del producto final, lo que garantiza una producci\u00f3n constante y una eficiencia operativa.<\/p>\n<a class=\"read_more\" href=\"https:\/\/www.hiweigh.com\/es\/products\/fabricacion-y-ensamblaje\/\" title=\"Explore more\" target=\"_self\" >Explore more<\/a><\/div><\/article>[\/vc_column][vc_column width=\u00bb1\/3&#8243; rt_wrp_col_paddings=\u00bbfalse\u00bb rt_border_top=\u00bb\u00bb rt_border_bottom=\u00bb\u00bb rt_border_left=\u00bb\u00bb rt_border_right=\u00bb\u00bb rt_border_top_mobile=\u00bb\u00bb rt_border_bottom_mobile=\u00bb\u00bb rt_border_left_mobile=\u00bb\u00bb rt_border_right_mobile=\u00bb\u00bb rt_bg_image_repeat=\u00bbrepeat\u00bb rt_bg_size=\u00bbauto auto\u00bb rt_bg_position=\u00bbright top\u00bb rt_bg_attachment=\u00bbscroll\u00bb]<article   class=\"image-content-box content-box box-style-1 left\"><div class=\"featured_image_holder\"style=\"margin-bottom:10px;\"><a href=\"https:\/\/www.hiweigh.com\/es\/products\/transporte-y-pesaje-de-vehiculos-es\/\" title=\"Explore more\" target=\"_self\"><img decoding=\"async\" class=\"img-responsive\" src=\"https:\/\/www.hiweigh.com\/wp-content\/uploads\/2025\/11\/Transportation-and-Vehicle-Weighing-2.jpg\" alt=\"truck & car weighing scale\" \/><\/a><\/div><div class=\"text-holder\">\n\t<h1 class=\"heading\" >\n\t\t<a href=\"https:\/\/www.hiweigh.com\/es\/products\/transporte-y-pesaje-de-vehiculos-es\/\" title=\"Transporte y pesaje de veh\u00edculos\" target=\"_self\" >\n\t\t\tTransporte y pesaje de veh\u00edculos\n\t\t<\/a>\n\t<\/h1> <p>Las b\u00e1sculas puente son esenciales en centros log\u00edsticos, sitios de construcci\u00f3n y transporte agr\u00edcola para garantizar el cumplimiento de la carga del veh\u00edculo y optimizar la gesti\u00f3n de la carga.<\/p>\n<a class=\"read_more\" href=\"https:\/\/www.hiweigh.com\/es\/products\/transporte-y-pesaje-de-vehiculos-es\/\" title=\"Explore more\" target=\"_self\" >Explore more<\/a><\/div><\/article>[\/vc_column][\/vc_row][vc_row rt_row_background_width=\u00bbdefault\u00bb rt_row_style=\u00bbdefault-style\u00bb rt_row_borders=\u00bb\u00bb rt_row_paddings=\u00bbtrue\u00bb rt_bg_effect=\u00bbclassic\u00bb rt_bg_image_repeat=\u00bbrepeat\u00bb rt_bg_size=\u00bbcover\u00bb rt_bg_position=\u00bbright top\u00bb rt_bg_attachment=\u00bbscroll\u00bb rt_bg_video_format=\u00bbself-hosted\u00bb class=\u00bbindustries-list\u00bb][vc_column width=\u00bb1\/3&#8243; rt_wrp_col_paddings=\u00bbfalse\u00bb rt_border_top=\u00bb\u00bb rt_border_bottom=\u00bb\u00bb rt_border_left=\u00bb\u00bb rt_border_right=\u00bb\u00bb rt_border_top_mobile=\u00bb\u00bb rt_border_bottom_mobile=\u00bb\u00bb rt_border_left_mobile=\u00bb\u00bb rt_border_right_mobile=\u00bb\u00bb rt_bg_image_repeat=\u00bbrepeat\u00bb rt_bg_size=\u00bbauto auto\u00bb rt_bg_position=\u00bbright top\u00bb rt_bg_attachment=\u00bbscroll\u00bb]<article   class=\"image-content-box content-box box-style-1 left\"><div class=\"featured_image_holder\"style=\"margin-bottom:10px;\"><a href=\"https:\/\/www.hiweigh.com\/es\/products\/ganaderia\/\" title=\"Explore more\" target=\"_self\"><img decoding=\"async\" class=\"img-responsive\" src=\"https:\/\/www.hiweigh.com\/wp-content\/uploads\/2025\/07\/load-bars.jpg\" alt=\"livestock load bars\" \/><\/a><\/div><div class=\"text-holder\">\n\t<h1 class=\"heading\" >\n\t\t<a href=\"https:\/\/www.hiweigh.com\/es\/products\/ganaderia\/\" title=\"Ganado\" target=\"_self\" >\n\t\t\tGanado\n\t\t<\/a>\n\t<\/h1> <p>Los sistemas inteligentes de pesaje de ganado, desde vigas de pesaje hasta b\u00e1sculas de canaletas, est\u00e1n dise\u00f1ados para granjas y son resistentes, precisos, confiables y seguros para los animales para el uso diario.<\/p>\n<a class=\"read_more\" href=\"https:\/\/www.hiweigh.com\/es\/products\/ganaderia\/\" title=\"Explore more\" target=\"_self\" >Explore more<\/a><\/div><\/article>[\/vc_column][vc_column width=\u00bb1\/3&#8243; rt_wrp_col_paddings=\u00bbfalse\u00bb rt_border_top=\u00bb\u00bb rt_border_bottom=\u00bb\u00bb rt_border_left=\u00bb\u00bb rt_border_right=\u00bb\u00bb rt_border_top_mobile=\u00bb\u00bb rt_border_bottom_mobile=\u00bb\u00bb rt_border_left_mobile=\u00bb\u00bb rt_border_right_mobile=\u00bb\u00bb rt_bg_image_repeat=\u00bbrepeat\u00bb rt_bg_size=\u00bbauto auto\u00bb rt_bg_position=\u00bbright top\u00bb rt_bg_attachment=\u00bbscroll\u00bb]<article   class=\"image-content-box content-box box-style-1 left\"><div class=\"featured_image_holder\"style=\"margin-bottom:10px;\"><a href=\"https:\/\/www.hiweigh.com\/es\/products\/procesamiento-de-alimentos\/\" title=\"Explore more\" target=\"_self\"><img decoding=\"async\" class=\"img-responsive\" src=\"https:\/\/www.hiweigh.com\/wp-content\/uploads\/2025\/11\/food-processing-weigh-1.png\" alt=\"IP68 waterproof scale for meat\" \/><\/a><\/div><div class=\"text-holder\">\n\t<h1 class=\"heading\" >\n\t\t<a href=\"https:\/\/www.hiweigh.com\/es\/products\/procesamiento-de-alimentos\/\" title=\"Procesamiento de Alimentos\" target=\"_self\" >\n\t\t\tProcesamiento de Alimentos\n\t\t<\/a>\n\t<\/h1> <p>Soluciones de pesaje de alimentos dise\u00f1adas para brindar precisi\u00f3n, durabilidad en lavado y estricto cumplimiento de la higiene para una amplia gama de procesamiento de alimentos, como carne, pescado, verduras y m\u00e1s.<\/p>\n<a class=\"read_more\" href=\"https:\/\/www.hiweigh.com\/es\/products\/procesamiento-de-alimentos\/\" title=\"Explore more\" target=\"_self\" >Explore more<\/a><\/div><\/article>[\/vc_column][vc_column width=\u00bb1\/3&#8243; rt_wrp_col_paddings=\u00bbfalse\u00bb rt_border_top=\u00bb\u00bb rt_border_bottom=\u00bb\u00bb rt_border_left=\u00bb\u00bb rt_border_right=\u00bb\u00bb rt_border_top_mobile=\u00bb\u00bb rt_border_bottom_mobile=\u00bb\u00bb rt_border_left_mobile=\u00bb\u00bb rt_border_right_mobile=\u00bb\u00bb rt_bg_image_repeat=\u00bbrepeat\u00bb rt_bg_size=\u00bbauto auto\u00bb rt_bg_position=\u00bbright top\u00bb rt_bg_attachment=\u00bbscroll\u00bb]<article   class=\"image-content-box content-box box-style-1 left\"><div class=\"featured_image_holder\"style=\"margin-bottom:10px;\"><a href=\"https:\/\/www.hiweigh.com\/es\/products\/almacenamiento-y-logistica\/\" title=\"Explore more\" target=\"_self\"><img decoding=\"async\" class=\"img-responsive\" src=\"https:\/\/www.hiweigh.com\/wp-content\/uploads\/2025\/11\/Warehousing-and-Logistics-1-1-scaled.jpg\" alt=\"industrial floor scale\" \/><\/a><\/div><div class=\"text-holder\">\n\t<h1 class=\"heading\" >\n\t\t<a href=\"https:\/\/www.hiweigh.com\/es\/products\/almacenamiento-y-logistica\/\" title=\"Almacenamiento y log\u00edstica\" target=\"_self\" >\n\t\t\tAlmacenamiento y log\u00edstica\n\t\t<\/a>\n\t<\/h1> <p><span class=\"jCAhz ChMk0b\"><span class=\"ryNqvb\">Soluciones de pesaje profesionales para almacenes y log\u00edstica, incluyendo b\u00e1sculas para carretillas elevadoras y gr\u00faas.<\/span><\/span> <span class=\"jCAhz ChMk0b\"><span class=\"ryNqvb\">Mejore la eficiencia, la seguridad y el control de inventario con b\u00e1sculas industriales precisas y duraderas.<\/span><\/span><\/p>\n<a class=\"read_more\" href=\"https:\/\/www.hiweigh.com\/es\/products\/almacenamiento-y-logistica\/\" title=\"Explore more\" target=\"_self\" >Explore more<\/a><\/div><\/article>[\/vc_column][\/vc_row][vc_row rt_row_background_width=\u00bbdefault\u00bb rt_row_style=\u00bbdefault-style\u00bb rt_row_borders=\u00bb\u00bb rt_row_paddings=\u00bbtrue\u00bb rt_bg_effect=\u00bbclassic\u00bb rt_bg_image_repeat=\u00bbrepeat\u00bb rt_bg_size=\u00bbcover\u00bb rt_bg_position=\u00bbright top\u00bb rt_bg_attachment=\u00bbscroll\u00bb rt_bg_video_format=\u00bbself-hosted\u00bb class=\u00bbindustries-list\u00bb][vc_column width=\u00bb1\/3&#8243; rt_wrp_col_paddings=\u00bbfalse\u00bb rt_border_top=\u00bb\u00bb rt_border_bottom=\u00bb\u00bb rt_border_left=\u00bb\u00bb rt_border_right=\u00bb\u00bb rt_border_top_mobile=\u00bb\u00bb rt_border_bottom_mobile=\u00bb\u00bb rt_border_left_mobile=\u00bb\u00bb rt_border_right_mobile=\u00bb\u00bb rt_bg_image_repeat=\u00bbrepeat\u00bb rt_bg_size=\u00bbauto auto\u00bb rt_bg_position=\u00bbright top\u00bb rt_bg_attachment=\u00bbscroll\u00bb]<article   class=\"image-content-box content-box box-style-1 left\"><div class=\"featured_image_holder\"style=\"margin-bottom:10px;\"><a href=\"https:\/\/www.hiweigh.com\/es\/products\/soluciones-de-laboratorio\/\" title=\"Explore more\" target=\"_self\"><img decoding=\"async\" class=\"img-responsive\" src=\"https:\/\/www.hiweigh.com\/wp-content\/uploads\/2025\/07\/Lab-weighing.jpg\" alt=\"Viscometer for laboratory\" \/><\/a><\/div><div class=\"text-holder\">\n\t<h1 class=\"heading\" >\n\t\t<a href=\"https:\/\/www.hiweigh.com\/es\/products\/soluciones-de-laboratorio\/\" title=\"Soluciones de Laboratorio\" target=\"_self\" >\n\t\t\tSoluciones de Laboratorio\n\t\t<\/a>\n\t<\/h1> <p>Las soluciones de pesaje de laboratorio incluyen balanzas anal\u00edticas, balanzas de precisi\u00f3n, pesas de prueba y otros accesorios que son ideales para aplicaciones de investigaci\u00f3n, farmac\u00e9uticas y de prueba que requieren precisi\u00f3n de miligramos.<\/p>\n<a class=\"read_more\" href=\"https:\/\/www.hiweigh.com\/es\/products\/soluciones-de-laboratorio\/\" title=\"Explore more\" target=\"_self\" >Explore more<\/a><\/div><\/article>[\/vc_column][vc_column width=\u00bb1\/3&#8243; rt_wrp_col_paddings=\u00bbfalse\u00bb rt_border_top=\u00bb\u00bb rt_border_bottom=\u00bb\u00bb rt_border_left=\u00bb\u00bb rt_border_right=\u00bb\u00bb rt_border_top_mobile=\u00bb\u00bb rt_border_bottom_mobile=\u00bb\u00bb rt_border_left_mobile=\u00bb\u00bb rt_border_right_mobile=\u00bb\u00bb rt_bg_image_repeat=\u00bbrepeat\u00bb rt_bg_size=\u00bbauto auto\u00bb rt_bg_position=\u00bbright top\u00bb rt_bg_attachment=\u00bbscroll\u00bb]<article   class=\"image-content-box content-box box-style-1 left\"><div class=\"featured_image_holder\"><a href=\"https:\/\/www.hiweigh.com\/es\/products\/pesos-de-prueba\/\" title=\"Explore more\" target=\"_self\"><img decoding=\"async\" class=\"img-responsive\" src=\"https:\/\/www.hiweigh.com\/wp-content\/uploads\/2025\/12\/testweight-1.jpg\" alt=\"test weights manufacturer\" \/><\/a><\/div><div class=\"text-holder\">\n\t<h1 class=\"heading\" >\n\t\t<a href=\"https:\/\/www.hiweigh.com\/es\/products\/pesos-de-prueba\/\" title=\"Pesas de calibraci\u00f3n y prueba\" target=\"_self\" >\n\t\t\tPesas de calibraci\u00f3n y prueba\n\t\t<\/a>\n\t<\/h1> <p>Ofrecemos pesas de prueba certificadas en varias clases de precisi\u00f3n y materiales para satisfacer las necesidades de fabricantes de b\u00e1sculas industriales, t\u00e9cnicos de mantenimiento y laboratorios de metrolog\u00eda.<\/p>\n<a class=\"read_more\" href=\"https:\/\/www.hiweigh.com\/es\/products\/pesos-de-prueba\/\" title=\"Explore more\" target=\"_self\" >Explore more<\/a><\/div><\/article>[\/vc_column][vc_column width=\u00bb1\/3&#8243; rt_wrp_col_paddings=\u00bbfalse\u00bb rt_border_top=\u00bb\u00bb rt_border_bottom=\u00bb\u00bb rt_border_left=\u00bb\u00bb rt_border_right=\u00bb\u00bb rt_border_top_mobile=\u00bb\u00bb rt_border_bottom_mobile=\u00bb\u00bb rt_border_left_mobile=\u00bb\u00bb rt_border_right_mobile=\u00bb\u00bb rt_bg_image_repeat=\u00bbrepeat\u00bb rt_bg_size=\u00bbauto auto\u00bb rt_bg_position=\u00bbright top\u00bb rt_bg_attachment=\u00bbscroll\u00bb]<article   class=\"image-content-box content-box box-style-1 left\"><div class=\"featured_image_holder\"style=\"margin-bottom:10px;\"><a href=\"https:\/\/www.hiweigh.com\/es\/products\/veterinaire-et-animal-de-compagnie-es\/\" title=\"Explore more\" target=\"_self\"><img decoding=\"async\" class=\"img-responsive\" src=\"https:\/\/www.hiweigh.com\/wp-content\/uploads\/2025\/11\/Veterinary-and-Pet-Care-scaled.jpg\" alt=\"Veterinary scales\" \/><\/a><\/div><div class=\"text-holder\">\n\t<h1 class=\"heading\" >\n\t\t<a href=\"https:\/\/www.hiweigh.com\/es\/products\/veterinaire-et-animal-de-compagnie-es\/\" title=\"Cuidado veterinario y de mascotas\" target=\"_self\" >\n\t\t\tCuidado veterinario y de mascotas\n\t\t<\/a>\n\t<\/h1> <p>Las b\u00e1sculas para mascotas se utilizan ampliamente en cl\u00ednicas veterinarias, refugios de animales y centros de peluquer\u00eda, ayudando a controlar la salud de los animales con un seguimiento del peso suave y preciso.<\/p>\n<a class=\"read_more\" href=\"https:\/\/www.hiweigh.com\/es\/products\/veterinaire-et-animal-de-compagnie-es\/\" title=\"Explore more\" target=\"_self\" >Explore more<\/a><\/div><\/article>[\/vc_column][\/vc_row]<\/p>\n<\/div>","protected":false},"excerpt":{"rendered":"<p>[vc_row rt_row_background_width=\u00bbdefault\u00bb rt_row_style=\u00bbdefault-style\u00bb rt_row_borders=\u00bb\u00bb rt_row_paddings=\u00bbtrue\u00bb rt_bg_effect=\u00bbclassic\u00bb rt_bg_image_repeat=\u00bbrepeat\u00bb rt_bg_size=\u00bbcover\u00bb rt_bg_position=\u00bbright top\u00bb rt_bg_attachment=\u00bbscroll\u00bb rt_bg_video_format=\u00bbself-hosted\u00bb class=\u00bbindustries-list\u00bb][vc_column width=\u00bb1\/3&#8243; rt_wrp_col_paddings=\u00bbfalse\u00bb rt_border_top=\u00bb\u00bb rt_border_bottom=\u00bb\u00bb rt_border_left=\u00bb\u00bb rt_border_right=\u00bb\u00bb rt_border_top_mobile=\u00bb\u00bb rt_border_bottom_mobile=\u00bb\u00bb rt_border_left_mobile=\u00bb\u00bb rt_border_right_mobile=\u00bb\u00bb rt_bg_image_repeat=\u00bbrepeat\u00bb rt_bg_size=\u00bbauto auto\u00bb rt_bg_position=\u00bbright top\u00bb rt_bg_attachment=\u00bbscroll\u00bb][\/vc_column][vc_column width=\u00bb1\/3&#8243; rt_wrp_col_paddings=\u00bbfalse\u00bb rt_border_top=\u00bb\u00bb rt_border_bottom=\u00bb\u00bb rt_border_left=\u00bb\u00bb rt_border_right=\u00bb\u00bb rt_border_top_mobile=\u00bb\u00bb rt_border_bottom_mobile=\u00bb\u00bb rt_border_left_mobile=\u00bb\u00bb rt_border_right_mobile=\u00bb\u00bb rt_bg_image_repeat=\u00bbrepeat\u00bb rt_bg_size=\u00bbauto auto\u00bb rt_bg_position=\u00bbright top\u00bb rt_bg_attachment=\u00bbscroll\u00bb][\/vc_column][vc_column width=\u00bb1\/3&#8243; rt_wrp_col_paddings=\u00bbfalse\u00bb rt_border_top=\u00bb\u00bb rt_border_bottom=\u00bb\u00bb rt_border_left=\u00bb\u00bb rt_border_right=\u00bb\u00bb rt_border_top_mobile=\u00bb\u00bb rt_border_bottom_mobile=\u00bb\u00bb rt_border_left_mobile=\u00bb\u00bb rt_border_right_mobile=\u00bb\u00bb [&hellip;]<\/p>\n","protected":false},"author":1,"featured_media":0,"parent":0,"menu_order":0,"comment_status":"closed","ping_status":"closed","template":"","meta":{"footnotes":""},"class_list":["post-5658","page","type-page","status-publish","hentry"],"_links":{"self":[{"href":"https:\/\/www.hiweigh.com\/es\/wp-json\/wp\/v2\/pages\/5658","targetHints":{"allow":["GET"]}}],"collection":[{"href":"https:\/\/www.hiweigh.com\/es\/wp-json\/wp\/v2\/pages"}],"about":[{"href":"https:\/\/www.hiweigh.com\/es\/wp-json\/wp\/v2\/types\/page"}],"author":[{"embeddable":true,"href":"https:\/\/www.hiweigh.com\/es\/wp-json\/wp\/v2\/users\/1"}],"replies":[{"embeddable":true,"href":"https:\/\/www.hiweigh.com\/es\/wp-json\/wp\/v2\/comments?post=5658"}],"version-history":[{"count":14,"href":"https:\/\/www.hiweigh.com\/es\/wp-json\/wp\/v2\/pages\/5658\/revisions"}],"predecessor-version":[{"id":26008,"href":"https:\/\/www.hiweigh.com\/es\/wp-json\/wp\/v2\/pages\/5658\/revisions\/26008"}],"wp:attachment":[{"href":"https:\/\/www.hiweigh.com\/es\/wp-json\/wp\/v2\/media?parent=5658"}],"curies":[{"name":"wp","href":"https:\/\/api.w.org\/{rel}","templated":true}]}}