{"id":5908,"date":"2015-02-02T04:30:57","date_gmt":"2015-02-02T04:30:57","guid":{"rendered":"http:\/\/www.hiweigh.com\/about-us\/"},"modified":"2025-07-22T01:12:44","modified_gmt":"2025-07-22T01:12:44","slug":"about-us","status":"publish","type":"page","link":"https:\/\/www.hiweigh.com\/es\/about-us\/","title":{"rendered":"About Us"},"content":{"rendered":"<div class=\"wpb-content-wrapper\"><p>[vc_row rt_row_background_width=\u00bbfullwidth\u00bb rt_row_content_width=\u00bbdefault\u00bb rt_row_style=\u00bbdefault-style\u00bb rt_row_borders=\u00bb\u00bb rt_row_paddings=\u00bbtrue\u00bb rt_bg_image=\u00bb23858&#8243; rt_bg_effect=\u00bbparallax\u00bb rt_bg_parallax_effect=\u00bb3&#8243; rt_bg_image_repeat=\u00bbrepeat\u00bb rt_bg_size=\u00bbcover\u00bb rt_bg_position=\u00bbright top\u00bb rt_bg_video_format=\u00bbself-hosted\u00bb rt_padding_top=\u00bb100&#8243; rt_padding_bottom=\u00bb140&#8243;][vc_column rt_wrp_col_paddings=\u00bbfalse\u00bb rt_border_top=\u00bb\u00bb rt_border_bottom=\u00bb\u00bb rt_border_left=\u00bb\u00bb rt_border_right=\u00bb\u00bb rt_border_top_mobile=\u00bb\u00bb rt_border_bottom_mobile=\u00bb\u00bb rt_border_left_mobile=\u00bb\u00bb rt_border_right_mobile=\u00bb\u00bb rt_bg_image_repeat=\u00bbrepeat\u00bb rt_bg_size=\u00bbauto auto\u00bb rt_bg_position=\u00bbright top\u00bb rt_bg_attachment=\u00bbscroll\u00bb]<div class=\"rt_heading_wrapper \">\n\t\t\t\t\t\t<h1 class=\"rt_heading  \"  style=\"color:#ffffff;\">SOBRE NOSOTROS<\/h1>\n\t\t\t\t\t<\/div>[\/vc_column][\/vc_row][vc_row rt_row_background_width=\u00bbfullwidth\u00bb rt_row_content_width=\u00bbdefault\u00bb rt_row_style=\u00bbdefault-style\u00bb rt_row_borders=\u00bbbottom\u00bb rt_row_paddings=\u00bbtrue\u00bb rt_bg_effect=\u00bbclassic\u00bb rt_bg_image_repeat=\u00bbrepeat\u00bb rt_bg_size=\u00bbcover\u00bb rt_bg_position=\u00bbright top\u00bb rt_bg_attachment=\u00bbscroll\u00bb rt_bg_video_format=\u00bbself-hosted\u00bb][vc_column rt_wrp_col_paddings=\u00bbfalse\u00bb rt_border_top=\u00bb\u00bb rt_border_bottom=\u00bb\u00bb rt_border_left=\u00bb\u00bb rt_border_right=\u00bb\u00bb rt_border_top_mobile=\u00bb\u00bb rt_border_bottom_mobile=\u00bb\u00bb rt_border_left_mobile=\u00bb\u00bb rt_border_right_mobile=\u00bb\u00bb rt_bg_image_repeat=\u00bbrepeat\u00bb rt_bg_size=\u00bbauto auto\u00bb rt_bg_position=\u00bbright top\u00bb rt_bg_attachment=\u00bbscroll\u00bb][vc_column_text css=\u00bb\u00bb]<span class=\"jCAhz ChMk0b\"><span class=\"ryNqvb\">Desde la fundaci\u00f3n de Shanghai Scales &amp; Accessories Factory en 1998, nos hemos comprometido con el desarrollo y la mejora de la tecnolog\u00eda y los sistemas de pesaje.<\/span><\/span> <span class=\"jCAhz ChMk0b\"><span class=\"ryNqvb\">Ofrecemos soluciones para cada pesaje, con el objetivo de obtener los resultados m\u00e1s r\u00e1pidos y precisos.<\/span><\/span><\/p>\n<p><span class=\"jCAhz ChMk0b\"><span class=\"ryNqvb\">Con sede en Suzhou y ciudades cercanas, ofrecemos soluciones integrales para pr\u00e1cticamente todas las necesidades de pesaje.<\/span><\/span> <span class=\"jCAhz ChMk0b\"><span class=\"ryNqvb\">Desde accesorios hasta sistemas complejos, desde balanzas de precisi\u00f3n de 0,01 mg hasta b\u00e1sculas puente de alta capacidad de 200 toneladas, nos esforzamos al m\u00e1ximo para que su pesaje sea m\u00e1s preciso, ya sea en el proceso de fabricaci\u00f3n, en el embalaje en l\u00ednea para env\u00edos, en la venta minorista o en sistemas de pesaje personalizados.<\/span><\/span><\/p>\n<p><span class=\"jCAhz ChMk0b\"><span class=\"ryNqvb\">Nuestros productos se venden en m\u00e1s de 80 pa\u00edses y contamos con m\u00e1s de 100 distribuidores en todo el mundo.<\/span><\/span> <span class=\"jCAhz ChMk0b\"><span class=\"ryNqvb\">Gracias a nuestra red global de distribuci\u00f3n, ofrecemos un servicio posventa r\u00e1pido y fiable, as\u00ed como asesoramiento para la instalaci\u00f3n, tanto en el ecuador como en el Polo Norte. \u00a1Soporte t\u00e9cnico 24\/7!<\/span><\/span><\/p>\n<p><span class=\"jCAhz\"><span class=\"ryNqvb\"> \u00a1Valora cada gramo para pesar en la industria, la agricultura, el comercio minorista, el laboratorio, la medicina y la log\u00edstica!<\/span><\/span>[\/vc_column_text][\/vc_column][\/vc_row][vc_row rt_row_background_width=\u00bbfullwidth\u00bb rt_row_content_width=\u00bbdefault\u00bb rt_row_style=\u00bbdefault-style\u00bb rt_row_borders=\u00bb\u00bb rt_grid=\u00bbtrue\u00bb rt_row_paddings=\u00bbtrue\u00bb rt_bg_effect=\u00bbclassic\u00bb rt_bg_image_repeat=\u00bbrepeat\u00bb rt_bg_size=\u00bbcover\u00bb rt_bg_position=\u00bbright top\u00bb rt_bg_attachment=\u00bbscroll\u00bb rt_bg_video_format=\u00bbself-hosted\u00bb][vc_column width=\u00bb1\/2&#8243; rt_wrp_col_paddings=\u00bbfalse\u00bb rt_border_top=\u00bb\u00bb rt_border_bottom=\u00bb\u00bb rt_border_left=\u00bb\u00bb rt_border_right=\u00bb\u00bb rt_border_top_mobile=\u00bb\u00bb rt_border_bottom_mobile=\u00bb\u00bb rt_border_left_mobile=\u00bb\u00bb rt_border_right_mobile=\u00bb\u00bb rt_bg_image_repeat=\u00bbrepeat\u00bb rt_bg_size=\u00bbauto auto\u00bb rt_bg_position=\u00bbright top\u00bb rt_bg_attachment=\u00bbscroll\u00bb]<div class=\"rt_heading_wrapper style-1\">\n\t\t\t\t\t\t<h4 class=\"rt_heading  style-1\" >Nuestros servicios<\/h4>\n\t\t\t\t\t<\/div>[vc_column_text]La mayor\u00eda de nuestros productos se han dise\u00f1ado por la norma de OIML\/NTEP y tambi\u00e9n podemos suministrar los de ISO17025 certificado para nuestras pesas de prueba y algunas balanzas[\/vc_column_text][vc_accordion style=\u00bbonly_captions\u00bb first_one_open=\u00bb\u00bb][vc_accordion_tab title=\u00bbServicios de calibraci\u00f3n\u00bb class=\u00bbcali-ser\u00bb][vc_column_text]Tenemos\u00a0pesas de 1 mg-1000 kg en nuestro taller, adem\u00e1s un sistema de calibraci\u00f3n autom\u00e1tica de 500 kg para b\u00e1sculas de mesa, todas las pesas con aprobaci\u00f3n ISO17025.<\/p>\n<p>[\/vc_column_text][\/vc_accordion_tab][vc_accordion_tab title=\u00bbGu\u00eda de instalaci\u00f3n\u00bb class=\u00bbins-guide\u00bb][vc_column_text]Los planos de obra civil se entregar\u00e1n antes del env\u00edo de las plataformas, tambi\u00e9n habr\u00e1 manuales de instalaci\u00f3n, fotos o videos que se suministrar\u00e1n seg\u00fan los requisitos.[\/vc_column_text][\/vc_accordion_tab][vc_accordion_tab title=\u00bbOEM &amp; ODM\u00bb class=\u00bboem-odm\u00bb][vc_column_text]Aceptamos pedidos de OEM y ODM: para pedidos de OEM, puede enviarnos el\u00a0dise\u00f1o de su logo y otro info, nuestro dise\u00f1ador podr\u00e1 hacer lo resto para usted. Para pedidos de ODM, cu\u00e9ntenos sus ideas as\u00ed que nuestro dise\u00f1ador podr\u00e1 darle un prototipo[\/vc_column_text][\/vc_accordion_tab][vc_accordion_tab title=\u00bbPrograma personalizado\u00bb class=\u00bbcus-soft\u00bb][vc_column_text]Todos nuestros t\u00e9cnicos y programadores cuentan con m\u00e1s de 10 a\u00f1os de experiencias en la \u00e1rea de tecnolog\u00eda de pesaje, a continuaci\u00f3n, aceptamos la modificaci\u00f3n al programa o programa personalizado.[\/vc_column_text][\/vc_accordion_tab][\/vc_accordion][\/vc_column][vc_column width=\u00bb1\/2&#8243; rt_wrp_col_paddings=\u00bbfalse\u00bb rt_border_top=\u00bb\u00bb rt_border_bottom=\u00bb\u00bb rt_border_left=\u00bb\u00bb rt_border_right=\u00bb\u00bb rt_border_top_mobile=\u00bb\u00bb rt_border_bottom_mobile=\u00bb\u00bb rt_border_left_mobile=\u00bb\u00bb rt_border_right_mobile=\u00bb\u00bb rt_bg_image_repeat=\u00bbrepeat\u00bb rt_bg_size=\u00bbauto auto\u00bb rt_bg_position=\u00bbright top\u00bb rt_bg_attachment=\u00bbscroll\u00bb]<div class=\"rt_heading_wrapper style-1\">\n\t\t\t\t\t\t<h4 class=\"rt_heading  style-1\" >Nuestro visi\u00f3n<\/h4>\n\t\t\t\t\t<\/div>[vc_column_text]\u00a1Valora cada gramo!<\/p>\n<p>Llegar\u00e1 a ser una de las m\u00e1s mejores compa\u00f1\u00edas de balanza en el mundo.<\/p>\n<p>Denos una oportunidad y no le defraudaremos, \u00a1m\u00e1s beneficios para todos sus negocios!<\/p>\n<p><img loading=\"lazy\" decoding=\"async\" class=\" wp-image-21368 aligncenter\" src=\"https:\/\/www.hiweigh.com\/wp-content\/uploads\/2022\/08\/Map-300x196.png\" alt=\"\" width=\"610\" height=\"398\" srcset=\"https:\/\/www.hiweigh.com\/wp-content\/uploads\/2022\/08\/Map-300x196.png 300w, https:\/\/www.hiweigh.com\/wp-content\/uploads\/2022\/08\/Map-600x392.png 600w, https:\/\/www.hiweigh.com\/wp-content\/uploads\/2022\/08\/Map-768x501.png 768w, https:\/\/www.hiweigh.com\/wp-content\/uploads\/2022\/08\/Map-1024x669.png 1024w, https:\/\/www.hiweigh.com\/wp-content\/uploads\/2022\/08\/Map.png 1556w\" sizes=\"auto, (max-width: 610px) 100vw, 610px\" \/>[\/vc_column_text][\/vc_column][\/vc_row][vc_row rt_row_background_width=\u00bbfullwidth\u00bb rt_row_content_width=\u00bbdefault\u00bb rt_row_style=\u00bbalt-style-1&#8243; rt_row_borders=\u00bb\u00bb rt_row_paddings=\u00bbtrue\u00bb rt_bg_effect=\u00bbclassic\u00bb rt_bg_image_repeat=\u00bbrepeat\u00bb rt_bg_size=\u00bbcover\u00bb rt_bg_position=\u00bbright top\u00bb rt_bg_attachment=\u00bbscroll\u00bb rt_bg_video_format=\u00bbself-hosted\u00bb rt_padding_top=\u00bb60&#8243; rt_padding_bottom=\u00bb60&#8243;][vc_column rt_wrp_col_paddings=\u00bbfalse\u00bb rt_border_top=\u00bb\u00bb rt_border_bottom=\u00bb\u00bb rt_border_left=\u00bb\u00bb rt_border_right=\u00bb\u00bb rt_border_top_mobile=\u00bb\u00bb rt_border_bottom_mobile=\u00bb\u00bb rt_border_left_mobile=\u00bb\u00bb rt_border_right_mobile=\u00bb\u00bb rt_bg_image_repeat=\u00bbrepeat\u00bb rt_bg_size=\u00bbauto auto\u00bb rt_bg_position=\u00bbright top\u00bb rt_bg_attachment=\u00bbscroll\u00bb]<div class=\"rt_heading_wrapper style-4\">\n\t\t\t\t\t\t<h3 class=\"rt_heading  style-4\" >Nuestros certificaciones<\/h3>\n\t\t\t\t\t<\/div>[\/vc_column][vc_column rt_wrp_col_paddings=\u00bbfalse\u00bb rt_border_top=\u00bb\u00bb rt_border_bottom=\u00bb\u00bb rt_border_left=\u00bb\u00bb rt_border_right=\u00bb\u00bb rt_border_top_mobile=\u00bb\u00bb rt_border_bottom_mobile=\u00bb\u00bb rt_border_left_mobile=\u00bb\u00bb rt_border_right_mobile=\u00bb\u00bb rt_bg_image_repeat=\u00bbrepeat\u00bb rt_bg_size=\u00bbauto auto\u00bb rt_bg_position=\u00bbright top\u00bb rt_bg_attachment=\u00bbscroll\u00bb][vc_row_inner rt_row_style=\u00bbglobal-style\u00bb rt_row_borders=\u00bb\u00bb rt_row_paddings=\u00bbtrue\u00bb rt_bg_effect=\u00bbclassic\u00bb rt_bg_image_repeat=\u00bbrepeat\u00bb rt_bg_size=\u00bbcover\u00bb rt_bg_position=\u00bbright top\u00bb rt_bg_attachment=\u00bbscroll\u00bb rt_bg_video_format=\u00bbself-hosted\u00bb class=\u00bbour-certificates-list\u00bb][vc_column_inner width=\u00bb1\/4&#8243; rt_wrp_col_paddings=\u00bbfalse\u00bb rt_border_top=\u00bb\u00bb rt_border_bottom=\u00bb\u00bb rt_border_left=\u00bb\u00bb rt_border_right=\u00bb\u00bb rt_border_top_mobile=\u00bb\u00bb rt_border_bottom_mobile=\u00bb\u00bb rt_border_left_mobile=\u00bb\u00bb rt_border_right_mobile=\u00bb\u00bb rt_bg_image_repeat=\u00bbrepeat\u00bb rt_bg_size=\u00bbauto auto\u00bb rt_bg_position=\u00bbright top\u00bb rt_bg_attachment=\u00bbscroll\u00bb]<article   class=\"image-content-box content-box box-style-1 center\"><div class=\"featured_image_holder\"style=\"margin-bottom:10px;\"><img decoding=\"async\" class=\"img-responsive\" src=\"https:\/\/www.hiweigh.com\/wp-content\/uploads\/2015\/02\/OIML-1.png\" alt=\"OIML Certificate 1\" \/><\/div><div class=\"text-holder\"> <p>OIML approval for X1M\/X3AM\/X3M\/X5M indicators, with EC Type Approval and new test standard of 10V\/m<\/p>\n<\/div><\/article>[\/vc_column_inner][vc_column_inner width=\u00bb1\/4&#8243; rt_wrp_col_paddings=\u00bbfalse\u00bb rt_border_top=\u00bb\u00bb rt_border_bottom=\u00bb\u00bb rt_border_left=\u00bb\u00bb rt_border_right=\u00bb\u00bb rt_border_top_mobile=\u00bb\u00bb rt_border_bottom_mobile=\u00bb\u00bb rt_border_left_mobile=\u00bb\u00bb rt_border_right_mobile=\u00bb\u00bb rt_bg_image_repeat=\u00bbrepeat\u00bb rt_bg_size=\u00bbauto auto\u00bb rt_bg_position=\u00bbright top\u00bb rt_bg_attachment=\u00bbscroll\u00bb]<article   class=\"image-content-box content-box box-style-1 center\"><div class=\"featured_image_holder\"style=\"margin-bottom:10px;\"><img decoding=\"async\" class=\"img-responsive\" src=\"https:\/\/www.hiweigh.com\/wp-content\/uploads\/2015\/02\/OIML-2.png\" alt=\"OIML Certificate 2\" \/><\/div><div class=\"text-holder\"> <p>OIML approval for the rest X1\/X3A\/X3\/X5 series indicators, with EC Type Approval and new test standard of 10V\/m<\/p>\n<\/div><\/article>[\/vc_column_inner][vc_column_inner width=\u00bb1\/4&#8243; rt_wrp_col_paddings=\u00bbfalse\u00bb rt_border_top=\u00bb\u00bb rt_border_bottom=\u00bb\u00bb rt_border_left=\u00bb\u00bb rt_border_right=\u00bb\u00bb rt_border_top_mobile=\u00bb\u00bb rt_border_bottom_mobile=\u00bb\u00bb rt_border_left_mobile=\u00bb\u00bb rt_border_right_mobile=\u00bb\u00bb rt_bg_image_repeat=\u00bbrepeat\u00bb rt_bg_size=\u00bbauto auto\u00bb rt_bg_position=\u00bbright top\u00bb rt_bg_attachment=\u00bbscroll\u00bb]<article   class=\"image-content-box content-box box-style-1 center\"><div class=\"featured_image_holder\"style=\"margin-bottom:10px;\"><img decoding=\"async\" class=\"img-responsive\" src=\"https:\/\/www.hiweigh.com\/wp-content\/uploads\/2015\/02\/EC-TYPE.png\" alt=\"EC TYPE Certificate\" \/><\/div><div class=\"text-holder\"> <p>EC Type approval for WX\/CST\/PC5\/PC6 weighing and price computing scales, suitable for retail market and there will be stainless steel version<\/p>\n<\/div><\/article>[\/vc_column_inner][vc_column_inner width=\u00bb1\/4&#8243; rt_wrp_col_paddings=\u00bbfalse\u00bb rt_border_top=\u00bb\u00bb rt_border_bottom=\u00bb\u00bb rt_border_left=\u00bb\u00bb rt_border_right=\u00bb\u00bb rt_border_top_mobile=\u00bb\u00bb rt_border_bottom_mobile=\u00bb\u00bb rt_border_left_mobile=\u00bb\u00bb rt_border_right_mobile=\u00bb\u00bb rt_bg_image_repeat=\u00bbrepeat\u00bb rt_bg_size=\u00bbauto auto\u00bb rt_bg_position=\u00bbright top\u00bb rt_bg_attachment=\u00bbscroll\u00bb]<article   class=\"image-content-box content-box box-style-1 center\"><div class=\"featured_image_holder\"style=\"margin-bottom:10px;\"><img decoding=\"async\" class=\"img-responsive\" src=\"https:\/\/www.hiweigh.com\/wp-content\/uploads\/2015\/02\/ISO9001.jpg\" alt=\"Image 1\" \/><\/div><div class=\"text-holder\"> <p>ISO9001 certification for the company operate, it\u2019s to be updated.<\/p>\n<\/div><\/article>[\/vc_column_inner][\/vc_row_inner][\/vc_column][\/vc_row][vc_row rt_row_background_width=\u00bbfullwidth\u00bb rt_row_content_width=\u00bbdefault\u00bb rt_row_style=\u00bbalt-style-2&#8243; rt_row_borders=\u00bb\u00bb rt_grid=\u00bbtrue\u00bb rt_row_paddings=\u00bbtrue\u00bb rt_bg_image=\u00bb2742&#8243; rt_bg_effect=\u00bbparallax\u00bb rt_bg_parallax_effect=\u00bb3&#8243; rt_bg_image_repeat=\u00bbno-repeat\u00bb rt_bg_size=\u00bbcover\u00bb rt_bg_position=\u00bbright top\u00bb rt_bg_video_format=\u00bbself-hosted\u00bb rt_padding_top=\u00bb100&#8243; rt_padding_bottom=\u00bb140&#8243; rt_bg_color=\u00bb#4b5a6b\u00bb][vc_column width=\u00bb1\/4&#8243; rt_wrp_col_paddings=\u00bbfalse\u00bb rt_border_top=\u00bb\u00bb rt_border_bottom=\u00bb\u00bb rt_border_left=\u00bb\u00bb rt_border_right=\u00bb\u00bb rt_border_top_mobile=\u00bb\u00bb rt_border_bottom_mobile=\u00bb\u00bb rt_border_left_mobile=\u00bb\u00bb rt_border_right_mobile=\u00bb\u00bb rt_bg_image_repeat=\u00bbrepeat\u00bb rt_bg_size=\u00bbauto auto\u00bb rt_bg_position=\u00bbright top\u00bb rt_bg_attachment=\u00bbscroll\u00bb]<div  class=\"rt_counter\"><span class=\"number\">60<\/span>more Countries<\/div>[\/vc_column][vc_column width=\u00bb1\/4&#8243; rt_wrp_col_paddings=\u00bbfalse\u00bb rt_border_top=\u00bb\u00bb rt_border_bottom=\u00bb\u00bb rt_border_left=\u00bb\u00bb rt_border_right=\u00bb\u00bb rt_border_top_mobile=\u00bb\u00bb rt_border_bottom_mobile=\u00bb\u00bb rt_border_left_mobile=\u00bb\u00bb rt_border_right_mobile=\u00bb\u00bb rt_bg_image_repeat=\u00bbrepeat\u00bb rt_bg_size=\u00bbauto auto\u00bb rt_bg_position=\u00bbright top\u00bb rt_bg_attachment=\u00bbscroll\u00bb]<div  class=\"rt_counter\"><span class=\"number\">100<\/span>more Distributors<\/div>[\/vc_column][vc_column width=\u00bb1\/4&#8243; rt_wrp_col_paddings=\u00bbfalse\u00bb rt_border_top=\u00bb\u00bb rt_border_bottom=\u00bb\u00bb rt_border_left=\u00bb\u00bb rt_border_right=\u00bb\u00bb rt_border_top_mobile=\u00bb\u00bb rt_border_bottom_mobile=\u00bb\u00bb rt_border_left_mobile=\u00bb\u00bb rt_border_right_mobile=\u00bb\u00bb rt_bg_image_repeat=\u00bbrepeat\u00bb rt_bg_size=\u00bbauto auto\u00bb rt_bg_position=\u00bbright top\u00bb rt_bg_attachment=\u00bbscroll\u00bb]<div  class=\"rt_counter\"><span class=\"number\">1600<\/span>more Models<\/div>[\/vc_column][vc_column width=\u00bb1\/4&#8243; rt_wrp_col_paddings=\u00bbfalse\u00bb rt_border_top=\u00bb\u00bb rt_border_bottom=\u00bb\u00bb rt_border_left=\u00bb\u00bb rt_border_right=\u00bb\u00bb rt_border_top_mobile=\u00bb\u00bb rt_border_bottom_mobile=\u00bb\u00bb rt_border_left_mobile=\u00bb\u00bb rt_border_right_mobile=\u00bb\u00bb rt_bg_image_repeat=\u00bbrepeat\u00bb rt_bg_size=\u00bbauto auto\u00bb rt_bg_position=\u00bbright top\u00bb rt_bg_attachment=\u00bbscroll\u00bb]<div  class=\"rt_counter\"><span class=\"number\">100000<\/span>more Products Shipped<\/div>[\/vc_column][\/vc_row][vc_row rt_row_background_width=\u00bbfullwidth\u00bb rt_row_content_width=\u00bbdefault\u00bb rt_row_style=\u00bbdefault-style\u00bb rt_row_borders=\u00bbtop\u00bb rt_row_paddings=\u00bbtrue\u00bb rt_bg_effect=\u00bbclassic\u00bb rt_bg_image_repeat=\u00bbno-repeat\u00bb rt_bg_size=\u00bbcover\u00bb rt_bg_position=\u00bbright top\u00bb rt_bg_attachment=\u00bbfixed\u00bb rt_bg_video_format=\u00bbself-hosted\u00bb rt_padding_top=\u00bb60&#8243; rt_padding_bottom=\u00bb60&#8243;][vc_column rt_wrp_col_paddings=\u00bbfalse\u00bb rt_border_top=\u00bb\u00bb rt_border_bottom=\u00bb\u00bb rt_border_left=\u00bb\u00bb rt_border_right=\u00bb\u00bb rt_border_top_mobile=\u00bb\u00bb rt_border_bottom_mobile=\u00bb\u00bb rt_border_left_mobile=\u00bb\u00bb rt_border_right_mobile=\u00bb\u00bb rt_bg_image_repeat=\u00bbrepeat\u00bb rt_bg_size=\u00bbauto auto\u00bb rt_bg_position=\u00bbright top\u00bb rt_bg_attachment=\u00bbscroll\u00bb]<div class=\"rt_heading_wrapper style-4\">\n\t\t\t\t\t\t<span class=\"punchline\">Milestones<\/span><h4 class=\"rt_heading  with_punchline style-4\" >Brief History of Our Company<\/h4>\n\t\t\t\t\t<\/div>\t \n\t\t<section  class=\"timeline  \">\n\t\t\t \n\t\t<div  >\n\t\t\t \n\t\t<span class=\"event-date\">\n\t\t\t<span class=\"day\">10,<\/span>\n\t\t\t<span class=\"month\">December,<\/span>\n\t\t\t<span class=\"year\">2016<\/span>\n\t\t<\/span>\n\t<div class=\"event-details\"><p>Restructuring\u00a0with\u00a0new\u00a0brands\u00a0included<\/p>\n<\/div>\n\t\t<\/div>\n\t\t \n\t\t<div  >\n\t\t\t \n\t\t<span class=\"event-date\">\n\t\t\t<span class=\"day\">01,<\/span>\n\t\t\t<span class=\"month\">October,<\/span>\n\t\t\t<span class=\"year\">2014<\/span>\n\t\t<\/span>\n\t<div class=\"event-details\"><p>Workshop moved to No.335, Haishen Cun, Xingxin Road, Pudong District, with double production and warehouse area, expand more models.<\/p>\n<\/div>\n\t\t<\/div>\n\t\t \n\t\t<div  >\n\t\t\t \n\t\t<span class=\"event-date\">\n\t\t\t<span class=\"day\">22,<\/span>\n\t\t\t<span class=\"month\">February,<\/span>\n\t\t\t<span class=\"year\">2012<\/span>\n\t\t<\/span>\n\t<div class=\"event-details\"><p>New branch company found \u2013 Shanghai JoyScale Industry Co.,Ltd.<\/p>\n<\/div>\n\t\t<\/div>\n\t\t \n\t\t<div  >\n\t\t\t \n\t\t<span class=\"event-date\">\n\t\t\t<span class=\"day\">01,<\/span>\n\t\t\t<span class=\"month\">October,<\/span>\n\t\t\t<span class=\"year\">2010<\/span>\n\t\t<\/span>\n\t<div class=\"event-details\"><p>01-Workshop moved to No.2278, Zhaotai Road, Minhang District, from Baikexing Industrial Park, Songjiang District.<\/p>\n<\/div>\n\t\t<\/div>\n\t\t \n\t\t<div  >\n\t\t\t \n\t\t<span class=\"event-date\">\n\t\t\t<span class=\"day\">17,<\/span>\n\t\t\t<span class=\"month\">June,<\/span>\n\t\t\t<span class=\"year\">2009<\/span>\n\t\t<\/span>\n\t<div class=\"event-details\"><p>Reconstructed of the factory, start to produce the complete scales and weighing systems.<\/p>\n<\/div>\n\t\t<\/div>\n\t\t \n\t\t<div  >\n\t\t\t \n\t\t<span class=\"event-date\">\n\t\t\t<span class=\"day\">21,<\/span>\n\t\t\t<span class=\"month\">October,<\/span>\n\t\t\t<span class=\"year\">1998<\/span>\n\t\t<\/span>\n\t<div class=\"event-details\"><p>Found by Mr.YANG, mainly produce junction boxes and remote displays.<\/p>\n<\/div>\n\t\t<\/div>\n\t\n\t\t<\/section>\n\t[\/vc_column][\/vc_row][vc_row rt_row_background_width=\u00bbfullwidth\u00bb rt_row_content_width=\u00bbdefault\u00bb rt_row_style=\u00bbalt-style-2&#8243; rt_row_borders=\u00bb\u00bb rt_row_paddings=\u00bbtrue\u00bb rt_bg_effect=\u00bbclassic\u00bb rt_bg_image_repeat=\u00bbrepeat\u00bb rt_bg_size=\u00bbcover\u00bb rt_bg_position=\u00bbright top\u00bb rt_bg_attachment=\u00bbscroll\u00bb rt_bg_video_format=\u00bbself-hosted\u00bb rt_padding_top=\u00bb40&#8243; rt_padding_bottom=\u00bb40&#8243; class=\u00bbvalue-each-gram\u00bb rt_bg_color=\u00bb#f4f4f4&#8243;][vc_column rt_wrp_col_paddings=\u00bbfalse\u00bb rt_border_top=\u00bb\u00bb rt_border_bottom=\u00bb\u00bb rt_border_left=\u00bb\u00bb rt_border_right=\u00bb\u00bb rt_border_top_mobile=\u00bb\u00bb rt_border_bottom_mobile=\u00bb\u00bb rt_border_left_mobile=\u00bb\u00bb rt_border_right_mobile=\u00bb\u00bb rt_bg_image_repeat=\u00bbrepeat\u00bb rt_bg_size=\u00bbauto auto\u00bb rt_bg_position=\u00bbright top\u00bb rt_bg_attachment=\u00bbscroll\u00bb]<div class=\"rt_heading_wrapper \">\n\t\t\t\t\t\t<h3 class=\"rt_heading hide aligncenter mobile_aligncenter \"  style=\"color:#8af50c;\">Value Each Gram<\/h3>\n\t\t\t\t\t<\/div>[vc_single_image image=\u00bb21045&#8243; img_size=\u00bbfull\u00bb alignment=\u00bbcenter\u00bb onclick=\u00bbcustom_link\u00bb link=\u00bbhttps:\/\/www.hiweigh.com\/?lang=es\u00bb][\/vc_column][\/vc_row]<\/p>\n<\/div>","protected":false},"excerpt":{"rendered":"<p>[vc_row rt_row_background_width=\u00bbfullwidth\u00bb rt_row_content_width=\u00bbdefault\u00bb rt_row_style=\u00bbdefault-style\u00bb rt_row_borders=\u00bb\u00bb rt_row_paddings=\u00bbtrue\u00bb rt_bg_image=\u00bb23858&#8243; rt_bg_effect=\u00bbparallax\u00bb rt_bg_parallax_effect=\u00bb3&#8243; rt_bg_image_repeat=\u00bbrepeat\u00bb rt_bg_size=\u00bbcover\u00bb rt_bg_position=\u00bbright top\u00bb rt_bg_video_format=\u00bbself-hosted\u00bb rt_padding_top=\u00bb100&#8243; rt_padding_bottom=\u00bb140&#8243;][vc_column rt_wrp_col_paddings=\u00bbfalse\u00bb rt_border_top=\u00bb\u00bb rt_border_bottom=\u00bb\u00bb rt_border_left=\u00bb\u00bb rt_border_right=\u00bb\u00bb rt_border_top_mobile=\u00bb\u00bb rt_border_bottom_mobile=\u00bb\u00bb rt_border_left_mobile=\u00bb\u00bb rt_border_right_mobile=\u00bb\u00bb rt_bg_image_repeat=\u00bbrepeat\u00bb rt_bg_size=\u00bbauto auto\u00bb rt_bg_position=\u00bbright top\u00bb rt_bg_attachment=\u00bbscroll\u00bb][\/vc_column][\/vc_row][vc_row rt_row_background_width=\u00bbfullwidth\u00bb rt_row_content_width=\u00bbdefault\u00bb rt_row_style=\u00bbdefault-style\u00bb rt_row_borders=\u00bbbottom\u00bb rt_row_paddings=\u00bbtrue\u00bb rt_bg_effect=\u00bbclassic\u00bb rt_bg_image_repeat=\u00bbrepeat\u00bb rt_bg_size=\u00bbcover\u00bb rt_bg_position=\u00bbright top\u00bb rt_bg_attachment=\u00bbscroll\u00bb rt_bg_video_format=\u00bbself-hosted\u00bb][vc_column rt_wrp_col_paddings=\u00bbfalse\u00bb rt_border_top=\u00bb\u00bb rt_border_bottom=\u00bb\u00bb rt_border_left=\u00bb\u00bb rt_border_right=\u00bb\u00bb rt_border_top_mobile=\u00bb\u00bb rt_border_bottom_mobile=\u00bb\u00bb rt_border_left_mobile=\u00bb\u00bb rt_border_right_mobile=\u00bb\u00bb rt_bg_image_repeat=\u00bbrepeat\u00bb rt_bg_size=\u00bbauto auto\u00bb [&hellip;]<\/p>\n","protected":false},"author":1,"featured_media":0,"parent":0,"menu_order":0,"comment_status":"open","ping_status":"open","template":"","meta":{"footnotes":""},"class_list":["post-5908","page","type-page","status-publish","hentry"],"_links":{"self":[{"href":"https:\/\/www.hiweigh.com\/es\/wp-json\/wp\/v2\/pages\/5908","targetHints":{"allow":["GET"]}}],"collection":[{"href":"https:\/\/www.hiweigh.com\/es\/wp-json\/wp\/v2\/pages"}],"about":[{"href":"https:\/\/www.hiweigh.com\/es\/wp-json\/wp\/v2\/types\/page"}],"author":[{"embeddable":true,"href":"https:\/\/www.hiweigh.com\/es\/wp-json\/wp\/v2\/users\/1"}],"replies":[{"embeddable":true,"href":"https:\/\/www.hiweigh.com\/es\/wp-json\/wp\/v2\/comments?post=5908"}],"version-history":[{"count":21,"href":"https:\/\/www.hiweigh.com\/es\/wp-json\/wp\/v2\/pages\/5908\/revisions"}],"predecessor-version":[{"id":15335,"href":"https:\/\/www.hiweigh.com\/es\/wp-json\/wp\/v2\/pages\/5908\/revisions\/15335"}],"wp:attachment":[{"href":"https:\/\/www.hiweigh.com\/es\/wp-json\/wp\/v2\/media?parent=5908"}],"curies":[{"name":"wp","href":"https:\/\/api.w.org\/{rel}","templated":true}]}}