{"id":5925,"date":"2015-02-02T04:30:36","date_gmt":"2015-02-02T04:30:36","guid":{"rendered":"http:\/\/www.hiweigh.com\/our-products\/"},"modified":"2025-08-01T02:29:33","modified_gmt":"2025-08-01T02:29:33","slug":"our-products","status":"publish","type":"page","link":"https:\/\/www.hiweigh.com\/es\/our-products\/","title":{"rendered":"PRODUCTOS"},"content":{"rendered":"<div class=\"wpb-content-wrapper\"><p>[vc_row rt_row_background_width=\u00bbfullwidth\u00bb rt_row_content_width=\u00bbdefault\u00bb rt_row_style=\u00bbdefault-style\u00bb rt_row_borders=\u00bb\u00bb rt_row_paddings=\u00bbtrue\u00bb rt_bg_effect=\u00bbclassic\u00bb rt_bg_image_repeat=\u00bbrepeat\u00bb rt_bg_size=\u00bbcover\u00bb rt_bg_position=\u00bbright top\u00bb rt_bg_attachment=\u00bbscroll\u00bb rt_bg_video_format=\u00bbself-hosted\u00bb][vc_column rt_wrp_col_paddings=\u00bbfalse\u00bb rt_border_top=\u00bb\u00bb rt_border_bottom=\u00bb\u00bb rt_border_left=\u00bb\u00bb rt_border_right=\u00bb\u00bb rt_border_top_mobile=\u00bb\u00bb rt_border_bottom_mobile=\u00bb\u00bb rt_border_left_mobile=\u00bb\u00bb rt_border_right_mobile=\u00bb\u00bb rt_bg_image_repeat=\u00bbrepeat\u00bb rt_bg_size=\u00bbauto auto\u00bb rt_bg_position=\u00bbright top\u00bb rt_bg_attachment=\u00bbscroll\u00bb]\n<div  class=\"product_holder product-showcase product-showcase-categories clearfix border_grid fixed_heights\" data-column-width=\"4\" >\n<div class=\"row clearfix\">\n<div class=\"col product_item_holder col-sm-3\">\n\n<div class=\"product_item_holder product-showcase-category\">\n\n\t\t\t<!-- product image -->\n\t\t<div class=\"featured_image\"> \n\t\t\t\t<a href=\"https:\/\/www.hiweigh.com\/es\/products\/indicadores-de-peso\/\" title=\"Indicadores de Peso\" rel=\"bookmark\">\n\t\t\t\t    <img decoding=\"async\" src=\"https:\/\/www.hiweigh.com\/wp-content\/uploads\/2017\/06\/\u4fa7\u9762-2.jpg\" alt=\"washdown scale indicator for food processing\">\n\t\t\t\t\n\t\t\t\t\t\t<\/div> \n\t\n\t\t<div class=\"product_info\">\n\n\t\t\t\t<!-- title-->\n\t\t<h5 class=\"clean_heading\"><a href=\"https:\/\/www.hiweigh.com\/es\/products\/indicadores-de-peso\/\" title=\"Indicadores de Peso\" rel=\"bookmark\">Indicadores de Peso<span>19<\/span><\/a><\/h5>\n\t\t\n\t\t<!-- text-->\n\t\t<p>Los indicadores de pesaje se pueden conectar a b\u00e1sculas para proporcionar lecturas de peso precisas, incluidos indicadores generales, indicadores de b\u00e1sculas para camiones e indicadores de control.<\/p>\n\t<\/div>\n\t\n<\/div><\/div>\n<div class=\"col product_item_holder col-sm-3\">\n\n<div class=\"product_item_holder product-showcase-category\">\n\n\t\t\t<!-- product image -->\n\t\t<div class=\"featured_image\"> \n\t\t\t\t<a href=\"https:\/\/www.hiweigh.com\/es\/products\/basculas-de-plataformas\/\" title=\"B\u00e1sculas de Plataformas\" rel=\"bookmark\">\n\t\t\t\t    <img decoding=\"async\" src=\"https:\/\/www.hiweigh.com\/wp-content\/uploads\/2017\/06\/K9T-1.jpg\" alt=\"k9T China-weight-indicator\">\n\t\t\t\t\n\t\t\t\t\t\t<\/div> \n\t\n\t\t<div class=\"product_info\">\n\n\t\t\t\t<!-- title-->\n\t\t<h5 class=\"clean_heading\"><a href=\"https:\/\/www.hiweigh.com\/es\/products\/basculas-de-plataformas\/\" title=\"B\u00e1sculas de Plataformas\" rel=\"bookmark\">B\u00e1sculas de Plataformas<span>19<\/span><\/a><\/h5>\n\t\t\n\t\t<!-- text-->\n\t\t<div class=\"lRu31\" dir=\"ltr\"><span class=\"HwtZe\" lang=\"es\"><span class=\"jCAhz ChMk0b\"><span class=\"ryNqvb\">Las b\u00e1sculas de plataforma son adecuadas para el pesaje general en almacenes, f\u00e1bricas, etc. Tambi\u00e9n ofrecemos b\u00e1sculas de plataforma lavables adecuadas para f\u00e1bricas de alimentos.<\/span><\/span><\/span><\/div>\n\t<\/div>\n\t\n<\/div><\/div>\n<div class=\"col product_item_holder col-sm-3\">\n\n<div class=\"product_item_holder product-showcase-category\">\n\n\t\t\t<!-- product image -->\n\t\t<div class=\"featured_image\"> \n\t\t\t\t<a href=\"https:\/\/www.hiweigh.com\/es\/products\/bascula-ganadera\/\" title=\"B\u00e1scula Ganadera\" rel=\"bookmark\">\n\t\t\t\t    <img decoding=\"async\" src=\"https:\/\/www.hiweigh.com\/wp-content\/uploads\/2015\/02\/DSC03156-.jpg\" alt=\"\">\n\t\t\t\t\n\t\t\t\t\t\t<\/div> \n\t\n\t\t<div class=\"product_info\">\n\n\t\t\t\t<!-- title-->\n\t\t<h5 class=\"clean_heading\"><a href=\"https:\/\/www.hiweigh.com\/es\/products\/bascula-ganadera\/\" title=\"B\u00e1scula Ganadera\" rel=\"bookmark\">B\u00e1scula Ganadera<span>10<\/span><\/a><\/h5>\n\t\t\n\t\t<!-- text-->\n\t\t<p>Las b\u00e1sculas para ganado dise\u00f1adas para ganado vacuno, ovino y porcino, desde b\u00e1sculas de viga hasta b\u00e1sculas de canal, son robustas y resistentes a la corrosi\u00f3n y la humedad, lo que las hace ideales para entornos agr\u00edcolas.<\/p>\n\t<\/div>\n\t\n<\/div><\/div>\n<div class=\"col product_item_holder col-sm-3\">\n\n<div class=\"product_item_holder product-showcase-category\">\n\n\t\t\t<!-- product image -->\n\t\t<div class=\"featured_image\"> \n\t\t\t\t<a href=\"https:\/\/www.hiweigh.com\/es\/products\/bascula-de-suelo\/\" title=\"B\u00e1scula de suelo\" rel=\"bookmark\">\n\t\t\t\t    <img decoding=\"async\" src=\"https:\/\/www.hiweigh.com\/wp-content\/uploads\/2021\/10\/\u4e3b\u56fe2.jpg\" alt=\"\">\n\t\t\t\t\n\t\t\t\t\t\t<\/div> \n\t\n\t\t<div class=\"product_info\">\n\n\t\t\t\t<!-- title-->\n\t\t<h5 class=\"clean_heading\"><a href=\"https:\/\/www.hiweigh.com\/es\/products\/bascula-de-suelo\/\" title=\"B\u00e1scula de suelo\" rel=\"bookmark\">B\u00e1scula de suelo<span>8<\/span><\/a><\/h5>\n\t\t\n\t\t<!-- text-->\n\t\t<div class=\"lRu31\" dir=\"ltr\"><span class=\"HwtZe\" lang=\"es\"><span class=\"jCAhz ChMk0b\"><span class=\"ryNqvb\">Las b\u00e1sculas de suelo son ideales para pesar tanto mercanc\u00edas paletizadas como a granel.<\/span><\/span> <span class=\"jCAhz ChMk0b\"><span class=\"ryNqvb\">Tanto si busca portabilidad, un dise\u00f1o higi\u00e9nico o una construcci\u00f3n robusta, podemos satisfacer sus necesidades espec\u00edficas.<\/span><\/span><\/span><\/div>\n\t<\/div>\n\t\n<\/div><\/div>\n<\/div>\n<div class=\"row clearfix\">\n<div class=\"col product_item_holder col-sm-3\">\n\n<div class=\"product_item_holder product-showcase-category\">\n\n\t\t\t<!-- product image -->\n\t\t<div class=\"featured_image\"> \n\t\t\t\t<a href=\"https:\/\/www.hiweigh.com\/es\/products\/balanza-a-prueba-de-agua\/\" title=\"Balanza a Prueba de Agua\" rel=\"bookmark\">\n\t\t\t\t    <img decoding=\"async\" src=\"https:\/\/www.hiweigh.com\/wp-content\/uploads\/2021\/05\/ISS\u5de6\u4fa7\u9762-1.jpg\" alt=\"IP68 stainless steel waterproof scale\">\n\t\t\t\t\n\t\t\t\t\t\t<\/div> \n\t\n\t\t<div class=\"product_info\">\n\n\t\t\t\t<!-- title-->\n\t\t<h5 class=\"clean_heading\"><a href=\"https:\/\/www.hiweigh.com\/es\/products\/balanza-a-prueba-de-agua\/\" title=\"Balanza a Prueba de Agua\" rel=\"bookmark\">Balanza a Prueba de Agua<span>4<\/span><\/a><\/h5>\n\t\t\n\t\t<!-- text-->\n\t\t<p>Las b\u00e1sculas a prueba de agua IP68 son a prueba de humedad, resistentes a la corrosi\u00f3n y f\u00e1ciles de limpiar, lo que las hace ideales para el procesamiento de alimentos, la manipulaci\u00f3n de mariscos y las industrias qu\u00edmicas.<\/p>\n\t<\/div>\n\t\n<\/div><\/div>\n<div class=\"col product_item_holder col-sm-3\">\n\n<div class=\"product_item_holder product-showcase-category\">\n\n\t\t\t<!-- product image -->\n\t\t<div class=\"featured_image\"> \n\t\t\t\t<a href=\"https:\/\/www.hiweigh.com\/es\/products\/escala-minorista\/\" title=\"Escala minorista\" rel=\"bookmark\">\n\t\t\t\t    <img decoding=\"async\" src=\"https:\/\/www.hiweigh.com\/wp-content\/uploads\/2017\/06\/PC6S\u4fa7\u9762.jpg\" alt=\"retail scale for supermarket\">\n\t\t\t\t\n\t\t\t\t\t\t<\/div> \n\t\n\t\t<div class=\"product_info\">\n\n\t\t\t\t<!-- title-->\n\t\t<h5 class=\"clean_heading\"><a href=\"https:\/\/www.hiweigh.com\/es\/products\/escala-minorista\/\" title=\"Escala minorista\" rel=\"bookmark\">Escala minorista<span>5<\/span><\/a><\/h5>\n\t\t\n\t\t<!-- text-->\n\t\t<p><span class=\"jCAhz ChMk0b\"><span class=\"ryNqvb\">Las b\u00e1sculas para comercios minoristas se integran con sistemas TPV, impresoras de etiquetas y lectores de c\u00f3digos de barras.<\/span><\/span> <span class=\"jCAhz ChMk0b\"><span class=\"ryNqvb\">Dise\u00f1adas para supermercados y charcuter\u00edas, ofrecen precios precisos y control de inventario.<\/span><\/span><\/p>\n\t<\/div>\n\t\n<\/div><\/div>\n<div class=\"col product_item_holder col-sm-3\">\n\n<div class=\"product_item_holder product-showcase-category\">\n\n\t\t\t<!-- product image -->\n\t\t<div class=\"featured_image\"> \n\t\t\t\t<a href=\"https:\/\/www.hiweigh.com\/es\/products\/escala-de-mesa\/\" title=\"Escala de mesa\" rel=\"bookmark\">\n\t\t\t\t    <img decoding=\"async\" src=\"https:\/\/www.hiweigh.com\/wp-content\/uploads\/2020\/07\/PC1\u4fa7\u9762.jpg\" alt=\"pc1 china-electronic-scale\">\n\t\t\t\t\n\t\t\t\t\t\t<\/div> \n\t\n\t\t<div class=\"product_info\">\n\n\t\t\t\t<!-- title-->\n\t\t<h5 class=\"clean_heading\"><a href=\"https:\/\/www.hiweigh.com\/es\/products\/escala-de-mesa\/\" title=\"Escala de mesa\" rel=\"bookmark\">Escala de mesa<span>5<\/span><\/a><\/h5>\n\t\t\n\t\t<!-- text-->\n\t\t<div class=\"AxqVh\">\r\n<div class=\"OPPzxe\">\r\n<div class=\"QcsUad BDJ8fb BLojaf sMVRZe hCXDsb wneUed\">\r\n<div class=\"usGWQd\">\r\n<div class=\"KkbLmb\">\r\n<div class=\"lRu31\" dir=\"ltr\"><span class=\"jCAhz ChMk0b\"><span class=\"ryNqvb\">Las b\u00e1sculas de sobremesa son ideales para la preparaci\u00f3n y el envasado de alimentos, as\u00ed como para uso industrial ligero.<\/span><\/span> <span class=\"jCAhz ChMk0b\"><span class=\"ryNqvb\">Compactas y f\u00e1ciles de usar, son perfectas para mostradores, laboratorios y operaciones internas en tiendas.<\/span><\/span><\/div>\r\n<\/div>\r\n<\/div>\r\n<\/div>\r\n<\/div>\r\n<\/div>\n\t<\/div>\n\t\n<\/div><\/div>\n<div class=\"col product_item_holder col-sm-3\">\n\n<div class=\"product_item_holder product-showcase-category\">\n\n\t\t\t<!-- product image -->\n\t\t<div class=\"featured_image\"> \n\t\t\t\t<a href=\"https:\/\/www.hiweigh.com\/es\/products\/balanza-cuenta-piezas\/\" title=\"Balanza Cuenta Piezas\" rel=\"bookmark\">\n\t\t\t\t    <img decoding=\"async\" src=\"https:\/\/www.hiweigh.com\/wp-content\/uploads\/2020\/07\/CSQ\u4fa7\u9762.jpg\" alt=\"\">\n\t\t\t\t\n\t\t\t\t\t\t<\/div> \n\t\n\t\t<div class=\"product_info\">\n\n\t\t\t\t<!-- title-->\n\t\t<h5 class=\"clean_heading\"><a href=\"https:\/\/www.hiweigh.com\/es\/products\/balanza-cuenta-piezas\/\" title=\"Balanza Cuenta Piezas\" rel=\"bookmark\">Balanza Cuenta Piezas<span>4<\/span><\/a><\/h5>\n\t\t\n\t\t<!-- text-->\n\t\t<p><span class=\"jCAhz ChMk0b\"><span class=\"ryNqvb\">Las b\u00e1sculas contadoras optimizan el inventario y el embalaje al determinar r\u00e1pidamente la cantidad seg\u00fan el peso unitario.<\/span><\/span> <span class=\"jCAhz JpY6Fd\"><span class=\"ryNqvb\">Ideales para f\u00e1bricas, proveedores de ferreter\u00eda y l\u00edneas de montaje que manipulan piezas peque\u00f1as.<\/span><\/span><\/p>\n\t<\/div>\n\t\n<\/div><\/div>\n<\/div>\n<div class=\"row clearfix\">\n<div class=\"col product_item_holder col-sm-3\">\n\n<div class=\"product_item_holder product-showcase-category\">\n\n\t\t\t<!-- product image -->\n\t\t<div class=\"featured_image\"> \n\t\t\t\t<a href=\"https:\/\/www.hiweigh.com\/es\/products\/gancho-pesador\/\" title=\"Gancho Pesador\" rel=\"bookmark\">\n\t\t\t\t    <img decoding=\"async\" src=\"https:\/\/www.hiweigh.com\/wp-content\/uploads\/2021\/10\/CF\u6b63\u9762.jpg\" alt=\"cf china-crane-scale\">\n\t\t\t\t\n\t\t\t\t\t\t<\/div> \n\t\n\t\t<div class=\"product_info\">\n\n\t\t\t\t<!-- title-->\n\t\t<h5 class=\"clean_heading\"><a href=\"https:\/\/www.hiweigh.com\/es\/products\/gancho-pesador\/\" title=\"Gancho Pesador\" rel=\"bookmark\">Gancho Pesador<span>6<\/span><\/a><\/h5>\n\t\t\n\t\t<!-- text-->\n\t\t<div class=\"lRu31\" dir=\"ltr\">\r\n<div class=\"lRu31\" dir=\"ltr\"><span class=\"HwtZe\" lang=\"es\"><span class=\"jCAhz ChMk0b\"><span class=\"ryNqvb\">Las b\u00e1sculas para gr\u00faas est\u00e1n dise\u00f1adas para pesar cargas suspendidas en procesos de fabricaci\u00f3n, log\u00edstica y transporte.<\/span><\/span> <span class=\"jCAhz ChMk0b\"><span class=\"ryNqvb\">Cuentan con control remoto y ganchos de gran capacidad de carga.<\/span><\/span><\/span><\/div>\r\n<\/div>\n\t<\/div>\n\t\n<\/div><\/div>\n<div class=\"col product_item_holder col-sm-3\">\n\n<div class=\"product_item_holder product-showcase-category\">\n\n\t\t\t<!-- product image -->\n\t\t<div class=\"featured_image\"> \n\t\t\t\t<a href=\"https:\/\/www.hiweigh.com\/es\/products\/transpaleta-pesadora\/\" title=\"Transpaleta Pesadora\" rel=\"bookmark\">\n\t\t\t\t    <img decoding=\"async\" src=\"https:\/\/www.hiweigh.com\/wp-content\/uploads\/2017\/06\/PHA\u4fa7\u9762.jpg\" alt=\"truck scale manufacturer\">\n\t\t\t\t\n\t\t\t\t\t\t<\/div> \n\t\n\t\t<div class=\"product_info\">\n\n\t\t\t\t<!-- title-->\n\t\t<h5 class=\"clean_heading\"><a href=\"https:\/\/www.hiweigh.com\/es\/products\/transpaleta-pesadora\/\" title=\"Transpaleta Pesadora\" rel=\"bookmark\">Transpaleta Pesadora<span>3<\/span><\/a><\/h5>\n\t\t\n\t\t<!-- text-->\n\t\t<div class=\"lRu31\" dir=\"ltr\"><span class=\"HwtZe\" lang=\"es\"><span class=\"jCAhz ChMk0b\"><span class=\"ryNqvb\">Las transpaletas son una parte integral de cualquier almac\u00e9n o planta de fabricaci\u00f3n, combinando movilidad y resistencia para mover y pesar mercanc\u00edas f\u00e1cilmente, mejorando la eficiencia del trabajo.<\/span><\/span><\/span><\/div>\n\t<\/div>\n\t\n<\/div><\/div>\n<div class=\"col product_item_holder col-sm-3\">\n\n<div class=\"product_item_holder product-showcase-category\">\n\n\t\t\t<!-- product image -->\n\t\t<div class=\"featured_image\"> \n\t\t\t\t<a href=\"https:\/\/www.hiweigh.com\/es\/products\/bascula-de-puente\/\" title=\"b\u00e1scula de puente\" rel=\"bookmark\">\n\t\t\t\t    <img decoding=\"async\" src=\"https:\/\/www.hiweigh.com\/wp-content\/uploads\/2021\/10\/\u4e3b\u56fe.jpg\" alt=\"\">\n\t\t\t\t\n\t\t\t\t\t\t<\/div> \n\t\n\t\t<div class=\"product_info\">\n\n\t\t\t\t<!-- title-->\n\t\t<h5 class=\"clean_heading\"><a href=\"https:\/\/www.hiweigh.com\/es\/products\/bascula-de-puente\/\" title=\"b\u00e1scula de puente\" rel=\"bookmark\">b\u00e1scula de puente<span>14<\/span><\/a><\/h5>\n\t\t\n\t\t<!-- text-->\n\t\t<p><span class=\"jCAhz ChMk0b\"><span class=\"ryNqvb\">Dise\u00f1ado para camiones, remolques y veh\u00edculos pesados \u200b\u200ben sectores como la log\u00edstica, la miner\u00eda, la agricultura y la construcci\u00f3n.<\/span><\/span> <span class=\"jCAhz ChMk0b\"><span class=\"ryNqvb\">Disponible en configuraciones con y sin foso, personalizable seg\u00fan las necesidades del lugar de instalaci\u00f3n.<\/span><\/span><\/p>\n\t<\/div>\n\t\n<\/div><\/div>\n<div class=\"col product_item_holder col-sm-3\">\n\n<div class=\"product_item_holder product-showcase-category\">\n\n\t\t\t<!-- product image -->\n\t\t<div class=\"featured_image\"> \n\t\t\t\t<a href=\"https:\/\/www.hiweigh.com\/es\/products\/celulas-de-carga\/\" title=\"C\u00e9lulas de Carga\" rel=\"bookmark\">\n\t\t\t\t    <img decoding=\"async\" src=\"https:\/\/www.hiweigh.com\/wp-content\/uploads\/2021\/10\/\u4e3b\u56fe-4.jpg\" alt=\"\">\n\t\t\t\t\n\t\t\t\t\t\t<\/div> \n\t\n\t\t<div class=\"product_info\">\n\n\t\t\t\t<!-- title-->\n\t\t<h5 class=\"clean_heading\"><a href=\"https:\/\/www.hiweigh.com\/es\/products\/celulas-de-carga\/\" title=\"C\u00e9lulas de Carga\" rel=\"bookmark\">C\u00e9lulas de Carga<span>32<\/span><\/a><\/h5>\n\t\t\n\t\t<!-- text-->\n\t\t<p><span class=\"jCAhz ChMk0b\"><span class=\"ryNqvb\">Las celdas de carga convierten la fuerza mec\u00e1nica en se\u00f1ales el\u00e9ctricas para lograr un pesaje preciso.<\/span><\/span> <span class=\"jCAhz ChMk0b\"><span class=\"ryNqvb\">Incluye modelos de punto \u00fanico, de viga de corte, de viga de flexi\u00f3n, de doble extremo, tipo S, de recipiente y de compresi\u00f3n.<\/span><\/span><\/p>\n\t<\/div>\n\t\n<\/div><\/div>\n<\/div>\n<div class=\"row clearfix\">\n<div class=\"col product_item_holder col-sm-3\">\n\n<div class=\"product_item_holder product-showcase-category\">\n\n\t\t\t<!-- product image -->\n\t\t<div class=\"featured_image\"> \n\t\t\t\t<a href=\"https:\/\/www.hiweigh.com\/es\/products\/basculas-medicas\/\" title=\"B\u00e1sculas M\u00e9dicas\" rel=\"bookmark\">\n\t\t\t\t    <img decoding=\"async\" src=\"https:\/\/www.hiweigh.com\/wp-content\/uploads\/2018\/01\/1-\u526f\u672c.jpg\" alt=\"\">\n\t\t\t\t\n\t\t\t\t\t\t<\/div> \n\t\n\t\t<div class=\"product_info\">\n\n\t\t\t\t<!-- title-->\n\t\t<h5 class=\"clean_heading\"><a href=\"https:\/\/www.hiweigh.com\/es\/products\/basculas-medicas\/\" title=\"B\u00e1sculas M\u00e9dicas\" rel=\"bookmark\">B\u00e1sculas M\u00e9dicas<span>1<\/span><\/a><\/h5>\n\t\t\n\t\t<!-- text-->\n\t\t<p>Las b\u00e1sculas m\u00e9dicas permiten que los hospitales, cl\u00ednicas y centros de atenci\u00f3n controlen el peso de forma segura y precisa, incluidas las b\u00e1sculas para sillas de ruedas, b\u00e1sculas para beb\u00e9s, b\u00e1sculas para m\u00e9dicos y m\u00e1s.<\/p>\n\t<\/div>\n\t\n<\/div><\/div>\n<div class=\"col product_item_holder col-sm-3\">\n\n<div class=\"product_item_holder product-showcase-category\">\n\n\t\t\t<!-- product image -->\n\t\t<div class=\"featured_image\"> \n\t\t\t\t<a href=\"https:\/\/www.hiweigh.com\/es\/products\/balanzas-es\/\" title=\"Balanzas de Precisi\u00f3n\" rel=\"bookmark\">\n\t\t\t\t    <img decoding=\"async\" src=\"https:\/\/www.hiweigh.com\/wp-content\/uploads\/2017\/07\/BAE\u4fa7\u9762-scaled.jpg\" alt=\"BAE China electronic-scale\">\n\t\t\t\t\n\t\t\t\t\t\t<\/div> \n\t\n\t\t<div class=\"product_info\">\n\n\t\t\t\t<!-- title-->\n\t\t<h5 class=\"clean_heading\"><a href=\"https:\/\/www.hiweigh.com\/es\/products\/balanzas-es\/\" title=\"Balanzas de Precisi\u00f3n\" rel=\"bookmark\">Balanzas de Precisi\u00f3n<span>12<\/span><\/a><\/h5>\n\t\t\n\t\t<!-- text-->\n\t\t<p>Las balanzas de precisi\u00f3n son adecuadas para pesaje de alta precisi\u00f3n en el laboratorio con una legibilidad de 0,1 g a 0,1 mg y protectores contra corrientes de aire para garantizar el mejor rendimiento.<\/p>\n\t<\/div>\n\t\n<\/div><\/div>\n<div class=\"col product_item_holder col-sm-3\">\n\n<div class=\"product_item_holder product-showcase-category\">\n\n\t\t\t<!-- product image -->\n\t\t<div class=\"featured_image\"> \n\t\t\t\t<a href=\"https:\/\/www.hiweigh.com\/es\/products\/pesos-de-prueba\/\" title=\"Pesos de prueba\" rel=\"bookmark\">\n\t\t\t\t    <img decoding=\"async\" src=\"https:\/\/www.hiweigh.com\/wp-content\/uploads\/2017\/07\/SCW-5.jpg\" alt=\"SCW Grip Test Weights\">\n\t\t\t\t\n\t\t\t\t\t\t<\/div> \n\t\n\t\t<div class=\"product_info\">\n\n\t\t\t\t<!-- title-->\n\t\t<h5 class=\"clean_heading\"><a href=\"https:\/\/www.hiweigh.com\/es\/products\/pesos-de-prueba\/\" title=\"Pesos de prueba\" rel=\"bookmark\">Pesos de prueba<span>16<\/span><\/a><\/h5>\n\t\t\n\t\t<!-- text-->\n\t\t<div class=\"lRu31\" dir=\"ltr\"><span class=\"HwtZe\" lang=\"es\"><span class=\"jCAhz JpY6Fd\"><span class=\"ryNqvb\">Las pesas de prueba industriales HiWEIGH est\u00e1n dise\u00f1adas para la calibraci\u00f3n y verificaci\u00f3n precisas de equipos de pesaje, y se utilizan ampliamente en laboratorios, fabricaci\u00f3n y aplicaciones de control de calidad.<\/span><\/span><\/span><\/div>\n\t<\/div>\n\t\n<\/div><\/div>\n<div class=\"col product_item_holder col-sm-3\">\n\n<div class=\"product_item_holder product-showcase-category\">\n\n\t\t\t<!-- product image -->\n\t\t<div class=\"featured_image\"> \n\t\t\t\t<a href=\"https:\/\/www.hiweigh.com\/es\/products\/accesorios\/\" title=\"Accesorios\" rel=\"bookmark\">\n\t\t\t\t    <img decoding=\"async\" src=\"https:\/\/www.hiweigh.com\/wp-content\/uploads\/2021\/10\/DSC02304-1.jpg\" alt=\"\">\n\t\t\t\t\n\t\t\t\t\t\t<\/div> \n\t\n\t\t<div class=\"product_info\">\n\n\t\t\t\t<!-- title-->\n\t\t<h5 class=\"clean_heading\"><a href=\"https:\/\/www.hiweigh.com\/es\/products\/accesorios\/\" title=\"Accesorios\" rel=\"bookmark\">Accesorios<span>33<\/span><\/a><\/h5>\n\t\t\n\t\t<!-- text-->\n\t\t<p>Cajas de conexiones, pantallas remotas, impresoras, soluciones inal\u00e1mbricas, estimuladores de c\u00e9lulas de carga, bater\u00edas, adaptadores y cables.<\/p>\n\t<\/div>\n\t\n<\/div><\/div>\n<\/div>\n<div class=\"row clearfix\">\n<div class=\"col product_item_holder col-sm-3\">\n\n<div class=\"product_item_holder product-showcase-category\">\n\n\t\t\t<!-- product image -->\n\t\t<div class=\"featured_image\"> \n\t\t\t\t<a href=\"https:\/\/www.hiweigh.com\/es\/products\/controladora-de-peso\/\" title=\"Controladora de peso\" rel=\"bookmark\">\n\t\t\t\t    <img decoding=\"async\" src=\"https:\/\/www.hiweigh.com\/wp-content\/uploads\/2021\/10\/WG-\u4e3b\u56fe-2.jpg\" alt=\"\">\n\t\t\t\t\n\t\t\t\t\t\t<\/div> \n\t\n\t\t<div class=\"product_info\">\n\n\t\t\t\t<!-- title-->\n\t\t<h5 class=\"clean_heading\"><a href=\"https:\/\/www.hiweigh.com\/es\/products\/controladora-de-peso\/\" title=\"Controladora de peso\" rel=\"bookmark\">Controladora de peso<span>2<\/span><\/a><\/h5>\n\t\t\n\t\t<!-- text-->\n\t\t<div class=\"AxqVh\">\r\n<div class=\"OPPzxe\">\r\n<div class=\"QcsUad BDJ8fb BLojaf sMVRZe hCXDsb wneUed\">\r\n<div class=\"usGWQd\">\r\n<div class=\"KkbLmb\">\r\n<div class=\"lRu31\" dir=\"ltr\"><span class=\"HwtZe\" lang=\"es\"><span class=\"jCAhz ChMk0b\"><span class=\"ryNqvb\">Las controladoras de peso son sistemas de pesaje de alta precisi\u00f3n que se utilizan para verificar el peso de los productos que se mueven en una l\u00ednea de producci\u00f3n en tiempo real, integr\u00e1ndose perfectamente con los sistemas de etiquetado, rechazo y clasificaci\u00f3n.<\/span><\/span><\/span><\/div>\r\n<\/div>\r\n<\/div>\r\n<\/div>\r\n<\/div>\r\n<\/div>\n\t<\/div>\n\t\n<\/div><\/div>\n<\/div>\n<\/div>[\/vc_column][\/vc_row]<\/p>\n<\/div>","protected":false},"excerpt":{"rendered":"<p>[vc_row rt_row_background_width=\u00bbfullwidth\u00bb rt_row_content_width=\u00bbdefault\u00bb rt_row_style=\u00bbdefault-style\u00bb rt_row_borders=\u00bb\u00bb rt_row_paddings=\u00bbtrue\u00bb rt_bg_effect=\u00bbclassic\u00bb rt_bg_image_repeat=\u00bbrepeat\u00bb rt_bg_size=\u00bbcover\u00bb rt_bg_position=\u00bbright top\u00bb rt_bg_attachment=\u00bbscroll\u00bb rt_bg_video_format=\u00bbself-hosted\u00bb][vc_column rt_wrp_col_paddings=\u00bbfalse\u00bb rt_border_top=\u00bb\u00bb rt_border_bottom=\u00bb\u00bb rt_border_left=\u00bb\u00bb rt_border_right=\u00bb\u00bb rt_border_top_mobile=\u00bb\u00bb rt_border_bottom_mobile=\u00bb\u00bb rt_border_left_mobile=\u00bb\u00bb rt_border_right_mobile=\u00bb\u00bb rt_bg_image_repeat=\u00bbrepeat\u00bb rt_bg_size=\u00bbauto auto\u00bb rt_bg_position=\u00bbright top\u00bb rt_bg_attachment=\u00bbscroll\u00bb][\/vc_column][\/vc_row]<\/p>\n","protected":false},"author":1,"featured_media":0,"parent":0,"menu_order":0,"comment_status":"open","ping_status":"open","template":"","meta":{"footnotes":""},"class_list":["post-5925","page","type-page","status-publish","hentry"],"_links":{"self":[{"href":"https:\/\/www.hiweigh.com\/es\/wp-json\/wp\/v2\/pages\/5925","targetHints":{"allow":["GET"]}}],"collection":[{"href":"https:\/\/www.hiweigh.com\/es\/wp-json\/wp\/v2\/pages"}],"about":[{"href":"https:\/\/www.hiweigh.com\/es\/wp-json\/wp\/v2\/types\/page"}],"author":[{"embeddable":true,"href":"https:\/\/www.hiweigh.com\/es\/wp-json\/wp\/v2\/users\/1"}],"replies":[{"embeddable":true,"href":"https:\/\/www.hiweigh.com\/es\/wp-json\/wp\/v2\/comments?post=5925"}],"version-history":[{"count":3,"href":"https:\/\/www.hiweigh.com\/es\/wp-json\/wp\/v2\/pages\/5925\/revisions"}],"predecessor-version":[{"id":24468,"href":"https:\/\/www.hiweigh.com\/es\/wp-json\/wp\/v2\/pages\/5925\/revisions\/24468"}],"wp:attachment":[{"href":"https:\/\/www.hiweigh.com\/es\/wp-json\/wp\/v2\/media?parent=5925"}],"curies":[{"name":"wp","href":"https:\/\/api.w.org\/{rel}","templated":true}]}}