{"id":17760,"date":"2022-07-01T07:03:32","date_gmt":"2022-07-01T07:03:32","guid":{"rendered":"https:\/\/www.hiweigh.com\/?page_id=17760"},"modified":"2026-02-04T07:28:46","modified_gmt":"2026-02-04T07:28:46","slug":"catalogs","status":"publish","type":"page","link":"https:\/\/www.hiweigh.com\/fr\/catalogs\/","title":{"rendered":"Catalogs | HIWEIGH"},"content":{"rendered":"<p><span class=\"jCAhz ChMk0b\"><span class=\"ryNqvb\">Notre catalogue de produits de pesage offre un aper\u00e7u complet de nos solutions de pesage industriel, incluant capteurs de force, indicateurs, balances \u00e0 plateforme, ponts-bascules et syst\u00e8mes de pesage sur mesure.<\/span><\/span> <span class=\"jCAhz ChMk0b\"><span class=\"ryNqvb\">Des sp\u00e9cifications techniques d\u00e9taill\u00e9es et des guides d&rsquo;application sont fournis pour accompagner les \u00e9quipementiers et les int\u00e9grateurs de syst\u00e8mes.<\/span><\/span><\/p>\n<table>\n<tbody>\n<tr style=\"height: 288px;\">\n<td style=\"width: 240.288px; height: 288px;\"><a href=\"https:\/\/www.hiweigh.com\/wp-content\/uploads\/2025\/07\/HIWEIGH-Catalog-1.pdf\"><img data-recalc-dims=\"1\" loading=\"lazy\" decoding=\"async\" class=\"alignnone wp-image-21068 aligncenter\" src=\"https:\/\/i0.wp.com\/www.hiweigh.com\/wp-content\/uploads\/2022\/07\/Catalog.png?resize=201%2C284&#038;ssl=1\" alt=\"\" width=\"201\" height=\"284\" srcset=\"https:\/\/i0.wp.com\/www.hiweigh.com\/wp-content\/uploads\/2022\/07\/Catalog.png?resize=212%2C300&amp;ssl=1 212w, https:\/\/i0.wp.com\/www.hiweigh.com\/wp-content\/uploads\/2022\/07\/Catalog.png?w=579&amp;ssl=1 579w\" sizes=\"auto, (max-width: 201px) 100vw, 201px\" \/><\/a><\/td>\n<td style=\"width: 248.7px; height: 288px;\"><a href=\"https:\/\/www.hiweigh.com\/wp-content\/uploads\/2021\/12\/Indicators-HiWEIGH-2022.pdf\"><img data-recalc-dims=\"1\" loading=\"lazy\" decoding=\"async\" class=\"wp-image-20689 aligncenter\" src=\"https:\/\/i0.wp.com\/www.hiweigh.com\/wp-content\/uploads\/2022\/03\/%E6%A0%B7%E5%86%8C-01.jpg?resize=201%2C282&#038;ssl=1\" alt=\"\" width=\"201\" height=\"282\" srcset=\"https:\/\/i0.wp.com\/www.hiweigh.com\/wp-content\/uploads\/2022\/03\/%E6%A0%B7%E5%86%8C-01-scaled.jpg?resize=214%2C300&amp;ssl=1 214w, https:\/\/i0.wp.com\/www.hiweigh.com\/wp-content\/uploads\/2022\/03\/%E6%A0%B7%E5%86%8C-01-scaled.jpg?resize=600%2C842&amp;ssl=1 600w, https:\/\/i0.wp.com\/www.hiweigh.com\/wp-content\/uploads\/2022\/03\/%E6%A0%B7%E5%86%8C-01-scaled.jpg?resize=768%2C1077&amp;ssl=1 768w, https:\/\/i0.wp.com\/www.hiweigh.com\/wp-content\/uploads\/2022\/03\/%E6%A0%B7%E5%86%8C-01-scaled.jpg?resize=730%2C1024&amp;ssl=1 730w, https:\/\/i0.wp.com\/www.hiweigh.com\/wp-content\/uploads\/2022\/03\/%E6%A0%B7%E5%86%8C-01-scaled.jpg?w=1825&amp;ssl=1 1825w\" sizes=\"auto, (max-width: 201px) 100vw, 201px\" \/><\/a><\/td>\n<td style=\"width: 229.738px; height: 288px;\"><a href=\"https:\/\/www.hiweigh.com\/wp-content\/uploads\/2025\/07\/Platform-Scale.pdf\"><img data-recalc-dims=\"1\" loading=\"lazy\" decoding=\"async\" class=\"wp-image-20719 aligncenter\" src=\"https:\/\/i0.wp.com\/www.hiweigh.com\/wp-content\/uploads\/2022\/03\/%E5%8F%B0%E7%A7%A4_%E7%94%BB%E6%9D%BF-1.jpg?resize=201%2C284&#038;ssl=1\" alt=\"\" width=\"201\" height=\"284\" srcset=\"https:\/\/i0.wp.com\/www.hiweigh.com\/wp-content\/uploads\/2022\/03\/%E5%8F%B0%E7%A7%A4_%E7%94%BB%E6%9D%BF-1-scaled.jpg?resize=212%2C300&amp;ssl=1 212w, https:\/\/i0.wp.com\/www.hiweigh.com\/wp-content\/uploads\/2022\/03\/%E5%8F%B0%E7%A7%A4_%E7%94%BB%E6%9D%BF-1-scaled.jpg?resize=600%2C848&amp;ssl=1 600w, https:\/\/i0.wp.com\/www.hiweigh.com\/wp-content\/uploads\/2022\/03\/%E5%8F%B0%E7%A7%A4_%E7%94%BB%E6%9D%BF-1-scaled.jpg?resize=768%2C1086&amp;ssl=1 768w, https:\/\/i0.wp.com\/www.hiweigh.com\/wp-content\/uploads\/2022\/03\/%E5%8F%B0%E7%A7%A4_%E7%94%BB%E6%9D%BF-1-scaled.jpg?resize=724%2C1024&amp;ssl=1 724w, https:\/\/i0.wp.com\/www.hiweigh.com\/wp-content\/uploads\/2022\/03\/%E5%8F%B0%E7%A7%A4_%E7%94%BB%E6%9D%BF-1-scaled.jpg?w=1811&amp;ssl=1 1811w\" sizes=\"auto, (max-width: 201px) 100vw, 201px\" \/><\/a><\/td>\n<td style=\"width: 239.275px; height: 288px;\"><a href=\"https:\/\/www.hiweigh.com\/wp-content\/uploads\/2025\/07\/Floor-Scale.pdf\"><img data-recalc-dims=\"1\" loading=\"lazy\" decoding=\"async\" class=\"wp-image-20710 aligncenter\" src=\"https:\/\/i0.wp.com\/www.hiweigh.com\/wp-content\/uploads\/2022\/03\/%E5%9C%B0%E7%A3%85_%E7%94%BB%E6%9D%BF-1.jpg?resize=201%2C285&#038;ssl=1\" alt=\"\" width=\"201\" height=\"285\" srcset=\"https:\/\/i0.wp.com\/www.hiweigh.com\/wp-content\/uploads\/2022\/03\/%E5%9C%B0%E7%A3%85_%E7%94%BB%E6%9D%BF-1-scaled.jpg?resize=212%2C300&amp;ssl=1 212w, https:\/\/i0.wp.com\/www.hiweigh.com\/wp-content\/uploads\/2022\/03\/%E5%9C%B0%E7%A3%85_%E7%94%BB%E6%9D%BF-1-scaled.jpg?resize=600%2C848&amp;ssl=1 600w, https:\/\/i0.wp.com\/www.hiweigh.com\/wp-content\/uploads\/2022\/03\/%E5%9C%B0%E7%A3%85_%E7%94%BB%E6%9D%BF-1-scaled.jpg?resize=768%2C1086&amp;ssl=1 768w, https:\/\/i0.wp.com\/www.hiweigh.com\/wp-content\/uploads\/2022\/03\/%E5%9C%B0%E7%A3%85_%E7%94%BB%E6%9D%BF-1-scaled.jpg?resize=724%2C1024&amp;ssl=1 724w, https:\/\/i0.wp.com\/www.hiweigh.com\/wp-content\/uploads\/2022\/03\/%E5%9C%B0%E7%A3%85_%E7%94%BB%E6%9D%BF-1-scaled.jpg?w=1811&amp;ssl=1 1811w\" sizes=\"auto, (max-width: 201px) 100vw, 201px\" \/><\/a><\/td>\n<\/tr>\n<tr style=\"height: 24px;\">\n<td style=\"width: 240.288px; text-align: center; height: 24px;\"><a href=\"https:\/\/www.hiweigh.com\/wp-content\/uploads\/2025\/07\/HIWEIGH-Catalog-1.pdf\">HiWEIGH<\/a><\/td>\n<td style=\"width: 248.7px; text-align: center; height: 24px;\"><a href=\"https:\/\/www.hiweigh.com\/wp-content\/uploads\/2021\/12\/Indicators-HiWEIGH-2022.pdf\">Weighing Indicator<\/a><\/td>\n<td style=\"width: 229.738px; text-align: center; height: 24px;\"><a href=\"https:\/\/www.hiweigh.com\/wp-content\/uploads\/2025\/07\/Platform-Scale.pdf\">Platform Scale<\/a><\/td>\n<td style=\"width: 239.275px; height: 24px; text-align: center;\"><a href=\"https:\/\/www.hiweigh.com\/wp-content\/uploads\/2025\/07\/Floor-Scale.pdf\">Floor Scale<\/a><\/td>\n<\/tr>\n<tr style=\"height: 288px;\">\n<td style=\"width: 240.288px; height: 288px;\"><a href=\"https:\/\/www.hiweigh.com\/wp-content\/uploads\/2025\/07\/Waterproof_Scale.pdf\"><img data-recalc-dims=\"1\" loading=\"lazy\" decoding=\"async\" class=\"wp-image-20698 aligncenter\" src=\"https:\/\/i0.wp.com\/www.hiweigh.com\/wp-content\/uploads\/2022\/03\/%E6%A1%8C%E7%A7%A4_%E7%94%BB%E6%9D%BF-1.jpg?resize=201%2C282&#038;ssl=1\" alt=\"\" width=\"201\" height=\"282\" srcset=\"https:\/\/i0.wp.com\/www.hiweigh.com\/wp-content\/uploads\/2022\/03\/%E6%A1%8C%E7%A7%A4_%E7%94%BB%E6%9D%BF-1-scaled.jpg?resize=214%2C300&amp;ssl=1 214w, https:\/\/i0.wp.com\/www.hiweigh.com\/wp-content\/uploads\/2022\/03\/%E6%A1%8C%E7%A7%A4_%E7%94%BB%E6%9D%BF-1-scaled.jpg?resize=600%2C842&amp;ssl=1 600w, https:\/\/i0.wp.com\/www.hiweigh.com\/wp-content\/uploads\/2022\/03\/%E6%A1%8C%E7%A7%A4_%E7%94%BB%E6%9D%BF-1-scaled.jpg?resize=768%2C1077&amp;ssl=1 768w, https:\/\/i0.wp.com\/www.hiweigh.com\/wp-content\/uploads\/2022\/03\/%E6%A1%8C%E7%A7%A4_%E7%94%BB%E6%9D%BF-1-scaled.jpg?resize=730%2C1024&amp;ssl=1 730w, https:\/\/i0.wp.com\/www.hiweigh.com\/wp-content\/uploads\/2022\/03\/%E6%A1%8C%E7%A7%A4_%E7%94%BB%E6%9D%BF-1-scaled.jpg?w=1825&amp;ssl=1 1825w\" sizes=\"auto, (max-width: 201px) 100vw, 201px\" \/><\/a><\/td>\n<td style=\"width: 248.7px; height: 288px;\"><a href=\"https:\/\/www.hiweigh.com\/wp-content\/uploads\/2025\/07\/Balance.pdf\"><img data-recalc-dims=\"1\" loading=\"lazy\" decoding=\"async\" class=\"wp-image-20704 aligncenter\" src=\"https:\/\/i0.wp.com\/www.hiweigh.com\/wp-content\/uploads\/2022\/03\/%E6%A1%8C%E7%A7%A4-25.jpg?resize=201%2C282&#038;ssl=1\" alt=\"\" width=\"201\" height=\"282\" srcset=\"https:\/\/i0.wp.com\/www.hiweigh.com\/wp-content\/uploads\/2022\/03\/%E6%A1%8C%E7%A7%A4-25-scaled.jpg?resize=214%2C300&amp;ssl=1 214w, https:\/\/i0.wp.com\/www.hiweigh.com\/wp-content\/uploads\/2022\/03\/%E6%A1%8C%E7%A7%A4-25-scaled.jpg?resize=600%2C842&amp;ssl=1 600w, https:\/\/i0.wp.com\/www.hiweigh.com\/wp-content\/uploads\/2022\/03\/%E6%A1%8C%E7%A7%A4-25-scaled.jpg?resize=768%2C1077&amp;ssl=1 768w, https:\/\/i0.wp.com\/www.hiweigh.com\/wp-content\/uploads\/2022\/03\/%E6%A1%8C%E7%A7%A4-25-scaled.jpg?resize=730%2C1024&amp;ssl=1 730w, https:\/\/i0.wp.com\/www.hiweigh.com\/wp-content\/uploads\/2022\/03\/%E6%A1%8C%E7%A7%A4-25-scaled.jpg?w=1825&amp;ssl=1 1825w\" sizes=\"auto, (max-width: 201px) 100vw, 201px\" \/><\/a><\/td>\n<td style=\"width: 229.738px; height: 288px;\"><a href=\"https:\/\/www.hiweigh.com\/wp-content\/uploads\/2025\/07\/Retail_Scale.pdf\"><img data-recalc-dims=\"1\" loading=\"lazy\" decoding=\"async\" class=\"wp-image-20701 aligncenter\" src=\"https:\/\/i0.wp.com\/www.hiweigh.com\/wp-content\/uploads\/2022\/03\/%E6%A1%8C%E7%A7%A4-11.jpg?resize=201%2C282&#038;ssl=1\" alt=\"\" width=\"201\" height=\"282\" srcset=\"https:\/\/i0.wp.com\/www.hiweigh.com\/wp-content\/uploads\/2022\/03\/%E6%A1%8C%E7%A7%A4-11-scaled.jpg?resize=214%2C300&amp;ssl=1 214w, https:\/\/i0.wp.com\/www.hiweigh.com\/wp-content\/uploads\/2022\/03\/%E6%A1%8C%E7%A7%A4-11-scaled.jpg?resize=600%2C842&amp;ssl=1 600w, https:\/\/i0.wp.com\/www.hiweigh.com\/wp-content\/uploads\/2022\/03\/%E6%A1%8C%E7%A7%A4-11-scaled.jpg?resize=768%2C1077&amp;ssl=1 768w, https:\/\/i0.wp.com\/www.hiweigh.com\/wp-content\/uploads\/2022\/03\/%E6%A1%8C%E7%A7%A4-11-scaled.jpg?resize=730%2C1024&amp;ssl=1 730w, https:\/\/i0.wp.com\/www.hiweigh.com\/wp-content\/uploads\/2022\/03\/%E6%A1%8C%E7%A7%A4-11-scaled.jpg?w=1825&amp;ssl=1 1825w\" sizes=\"auto, (max-width: 201px) 100vw, 201px\" \/><\/a><\/td>\n<td style=\"width: 239.275px; height: 288px;\"><a href=\"https:\/\/www.hiweigh.com\/wp-content\/uploads\/2025\/07\/Table_Weighing_Scale.pdf\"><img data-recalc-dims=\"1\" loading=\"lazy\" decoding=\"async\" class=\"wp-image-20707 aligncenter\" src=\"https:\/\/i0.wp.com\/www.hiweigh.com\/wp-content\/uploads\/2022\/03\/%E6%A1%8C%E7%A7%A4-37.jpg?resize=201%2C282&#038;ssl=1\" alt=\"\" width=\"201\" height=\"282\" srcset=\"https:\/\/i0.wp.com\/www.hiweigh.com\/wp-content\/uploads\/2022\/03\/%E6%A1%8C%E7%A7%A4-37-scaled.jpg?resize=214%2C300&amp;ssl=1 214w, https:\/\/i0.wp.com\/www.hiweigh.com\/wp-content\/uploads\/2022\/03\/%E6%A1%8C%E7%A7%A4-37-scaled.jpg?resize=600%2C842&amp;ssl=1 600w, https:\/\/i0.wp.com\/www.hiweigh.com\/wp-content\/uploads\/2022\/03\/%E6%A1%8C%E7%A7%A4-37-scaled.jpg?resize=768%2C1077&amp;ssl=1 768w, https:\/\/i0.wp.com\/www.hiweigh.com\/wp-content\/uploads\/2022\/03\/%E6%A1%8C%E7%A7%A4-37-scaled.jpg?resize=730%2C1024&amp;ssl=1 730w, https:\/\/i0.wp.com\/www.hiweigh.com\/wp-content\/uploads\/2022\/03\/%E6%A1%8C%E7%A7%A4-37-scaled.jpg?w=1825&amp;ssl=1 1825w\" sizes=\"auto, (max-width: 201px) 100vw, 201px\" \/><\/a><\/td>\n<\/tr>\n<tr style=\"height: 48px;\">\n<td style=\"width: 240.288px; height: 11px; text-align: center;\"><a href=\"https:\/\/www.hiweigh.com\/wp-content\/uploads\/2025\/07\/Waterproof_Scale.pdf\">Waterproof Scale<\/a><\/td>\n<td style=\"width: 248.7px; height: 11px; text-align: center;\"><a href=\"https:\/\/www.hiweigh.com\/wp-content\/uploads\/2025\/07\/Balance.pdf\">Counting Scale<\/a><\/td>\n<td style=\"width: 229.738px; height: 11px; text-align: center;\"><a href=\"https:\/\/www.hiweigh.com\/wp-content\/uploads\/2025\/07\/Retail_Scale.pdf\">Retail Scale<\/a><\/td>\n<td style=\"width: 239.275px; height: 11px; text-align: center;\"><a href=\"https:\/\/www.hiweigh.com\/wp-content\/uploads\/2025\/07\/Table_Weighing_Scale.pdf\">Table Weighing Scale<\/a><\/td>\n<\/tr>\n<tr style=\"height: 291px;\">\n<td style=\"width: 240.288px; height: 291px;\"><a href=\"https:\/\/www.hiweigh.com\/wp-content\/uploads\/2025\/07\/Pallet-Scale.pdf\"><img data-recalc-dims=\"1\" loading=\"lazy\" decoding=\"async\" class=\"wp-image-20695 size-medium aligncenter\" src=\"https:\/\/i0.wp.com\/www.hiweigh.com\/wp-content\/uploads\/2022\/03\/%E5%8F%89%E8%BD%A6%E7%A7%A4%E6%A0%B7%E5%86%8C_%E7%94%BB%E6%9D%BF-1.jpg?resize=212%2C300&#038;ssl=1\" alt=\"\" width=\"212\" height=\"300\" srcset=\"https:\/\/i0.wp.com\/www.hiweigh.com\/wp-content\/uploads\/2022\/03\/%E5%8F%89%E8%BD%A6%E7%A7%A4%E6%A0%B7%E5%86%8C_%E7%94%BB%E6%9D%BF-1-scaled.jpg?resize=212%2C300&amp;ssl=1 212w, https:\/\/i0.wp.com\/www.hiweigh.com\/wp-content\/uploads\/2022\/03\/%E5%8F%89%E8%BD%A6%E7%A7%A4%E6%A0%B7%E5%86%8C_%E7%94%BB%E6%9D%BF-1-scaled.jpg?resize=600%2C848&amp;ssl=1 600w, https:\/\/i0.wp.com\/www.hiweigh.com\/wp-content\/uploads\/2022\/03\/%E5%8F%89%E8%BD%A6%E7%A7%A4%E6%A0%B7%E5%86%8C_%E7%94%BB%E6%9D%BF-1-scaled.jpg?resize=768%2C1086&amp;ssl=1 768w, https:\/\/i0.wp.com\/www.hiweigh.com\/wp-content\/uploads\/2022\/03\/%E5%8F%89%E8%BD%A6%E7%A7%A4%E6%A0%B7%E5%86%8C_%E7%94%BB%E6%9D%BF-1-scaled.jpg?resize=724%2C1024&amp;ssl=1 724w, https:\/\/i0.wp.com\/www.hiweigh.com\/wp-content\/uploads\/2022\/03\/%E5%8F%89%E8%BD%A6%E7%A7%A4%E6%A0%B7%E5%86%8C_%E7%94%BB%E6%9D%BF-1-scaled.jpg?w=1811&amp;ssl=1 1811w\" sizes=\"auto, (max-width: 212px) 100vw, 212px\" \/><\/a><\/td>\n<td style=\"width: 248.7px; height: 291px;\"><a href=\"https:\/\/www.hiweigh.com\/wp-content\/uploads\/2025\/07\/Crane-Scale.pdf\"><img data-recalc-dims=\"1\" loading=\"lazy\" decoding=\"async\" class=\"wp-image-20692 size-medium aligncenter\" src=\"https:\/\/i0.wp.com\/www.hiweigh.com\/wp-content\/uploads\/2022\/03\/%E5%90%8A%E9%92%A9%E7%A7%A4_%E7%94%BB%E6%9D%BF-1.jpg?resize=212%2C300&#038;ssl=1\" alt=\"\" width=\"212\" height=\"300\" srcset=\"https:\/\/i0.wp.com\/www.hiweigh.com\/wp-content\/uploads\/2022\/03\/%E5%90%8A%E9%92%A9%E7%A7%A4_%E7%94%BB%E6%9D%BF-1-scaled.jpg?resize=212%2C300&amp;ssl=1 212w, https:\/\/i0.wp.com\/www.hiweigh.com\/wp-content\/uploads\/2022\/03\/%E5%90%8A%E9%92%A9%E7%A7%A4_%E7%94%BB%E6%9D%BF-1-scaled.jpg?resize=600%2C848&amp;ssl=1 600w, https:\/\/i0.wp.com\/www.hiweigh.com\/wp-content\/uploads\/2022\/03\/%E5%90%8A%E9%92%A9%E7%A7%A4_%E7%94%BB%E6%9D%BF-1-scaled.jpg?resize=768%2C1086&amp;ssl=1 768w, https:\/\/i0.wp.com\/www.hiweigh.com\/wp-content\/uploads\/2022\/03\/%E5%90%8A%E9%92%A9%E7%A7%A4_%E7%94%BB%E6%9D%BF-1-scaled.jpg?resize=724%2C1024&amp;ssl=1 724w, https:\/\/i0.wp.com\/www.hiweigh.com\/wp-content\/uploads\/2022\/03\/%E5%90%8A%E9%92%A9%E7%A7%A4_%E7%94%BB%E6%9D%BF-1-scaled.jpg?w=1811&amp;ssl=1 1811w\" sizes=\"auto, (max-width: 212px) 100vw, 212px\" \/><\/a><\/td>\n<td style=\"width: 229.738px; height: 291px;\"><a href=\"https:\/\/www.hiweigh.com\/wp-content\/uploads\/2025\/07\/Load-Cell.pdf\"><img data-recalc-dims=\"1\" loading=\"lazy\" decoding=\"async\" class=\"size-medium wp-image-20827 aligncenter\" src=\"https:\/\/i0.wp.com\/www.hiweigh.com\/wp-content\/uploads\/2022\/04\/load-cell.jpg?resize=212%2C300&#038;ssl=1\" alt=\"\" width=\"212\" height=\"300\" srcset=\"https:\/\/i0.wp.com\/www.hiweigh.com\/wp-content\/uploads\/2022\/04\/load-cell-scaled.jpg?resize=212%2C300&amp;ssl=1 212w, https:\/\/i0.wp.com\/www.hiweigh.com\/wp-content\/uploads\/2022\/04\/load-cell-scaled.jpg?resize=600%2C848&amp;ssl=1 600w, https:\/\/i0.wp.com\/www.hiweigh.com\/wp-content\/uploads\/2022\/04\/load-cell-scaled.jpg?resize=768%2C1086&amp;ssl=1 768w, https:\/\/i0.wp.com\/www.hiweigh.com\/wp-content\/uploads\/2022\/04\/load-cell-scaled.jpg?resize=724%2C1024&amp;ssl=1 724w, https:\/\/i0.wp.com\/www.hiweigh.com\/wp-content\/uploads\/2022\/04\/load-cell-scaled.jpg?w=1811&amp;ssl=1 1811w\" sizes=\"auto, (max-width: 212px) 100vw, 212px\" \/><\/a><\/td>\n<td style=\"width: 239.275px; height: 291px;\"><a href=\"https:\/\/www.hiweigh.com\/wp-content\/uploads\/2025\/07\/Animal-Scale.pdf\"><img data-recalc-dims=\"1\" loading=\"lazy\" decoding=\"async\" class=\"wp-image-20713 size-medium aligncenter\" src=\"https:\/\/i0.wp.com\/www.hiweigh.com\/wp-content\/uploads\/2022\/03\/%E5%8A%A8%E7%89%A9%E7%A7%A4_%E7%94%BB%E6%9D%BF-1.jpg?resize=212%2C300&#038;ssl=1\" alt=\"\" width=\"212\" height=\"300\" srcset=\"https:\/\/i0.wp.com\/www.hiweigh.com\/wp-content\/uploads\/2022\/03\/%E5%8A%A8%E7%89%A9%E7%A7%A4_%E7%94%BB%E6%9D%BF-1-scaled.jpg?resize=212%2C300&amp;ssl=1 212w, https:\/\/i0.wp.com\/www.hiweigh.com\/wp-content\/uploads\/2022\/03\/%E5%8A%A8%E7%89%A9%E7%A7%A4_%E7%94%BB%E6%9D%BF-1-scaled.jpg?resize=600%2C848&amp;ssl=1 600w, https:\/\/i0.wp.com\/www.hiweigh.com\/wp-content\/uploads\/2022\/03\/%E5%8A%A8%E7%89%A9%E7%A7%A4_%E7%94%BB%E6%9D%BF-1-scaled.jpg?resize=768%2C1086&amp;ssl=1 768w, https:\/\/i0.wp.com\/www.hiweigh.com\/wp-content\/uploads\/2022\/03\/%E5%8A%A8%E7%89%A9%E7%A7%A4_%E7%94%BB%E6%9D%BF-1-scaled.jpg?resize=724%2C1024&amp;ssl=1 724w, https:\/\/i0.wp.com\/www.hiweigh.com\/wp-content\/uploads\/2022\/03\/%E5%8A%A8%E7%89%A9%E7%A7%A4_%E7%94%BB%E6%9D%BF-1-scaled.jpg?w=1811&amp;ssl=1 1811w\" sizes=\"auto, (max-width: 212px) 100vw, 212px\" \/><\/a><\/td>\n<\/tr>\n<tr style=\"height: 48px;\">\n<td style=\"width: 240.288px; height: 26px; text-align: center;\"><a href=\"https:\/\/www.hiweigh.com\/wp-content\/uploads\/2025\/07\/Pallet-Scale.pdf\">Pallet Scale<\/a><\/td>\n<td style=\"width: 248.7px; height: 26px; text-align: center;\"><a href=\"https:\/\/www.hiweigh.com\/wp-content\/uploads\/2025\/07\/Crane-Scale.pdf\">Crane Scale<\/a><\/td>\n<td style=\"width: 229.738px; height: 26px; text-align: center;\"><a href=\"https:\/\/www.hiweigh.com\/wp-content\/uploads\/2025\/07\/Load-Cell.pdf\">Load Cell<\/a><\/td>\n<td style=\"width: 239.275px; height: 26px; text-align: center;\"><a href=\"https:\/\/www.hiweigh.com\/wp-content\/uploads\/2025\/07\/Animal-Scale.pdf\">Animal Scale<\/a><\/td>\n<\/tr>\n<tr style=\"height: 291px;\">\n<td style=\"width: 240.288px; height: 291px;\"><a href=\"https:\/\/www.hiweigh.com\/wp-content\/uploads\/2025\/07\/Weighbridge.pdf\"><img data-recalc-dims=\"1\" loading=\"lazy\" decoding=\"async\" class=\" wp-image-20821 aligncenter\" src=\"https:\/\/i0.wp.com\/www.hiweigh.com\/wp-content\/uploads\/2022\/04\/weighbridge.jpg?resize=201%2C284&#038;ssl=1\" alt=\"\" width=\"201\" height=\"284\" srcset=\"https:\/\/i0.wp.com\/www.hiweigh.com\/wp-content\/uploads\/2022\/04\/weighbridge-scaled.jpg?resize=212%2C300&amp;ssl=1 212w, https:\/\/i0.wp.com\/www.hiweigh.com\/wp-content\/uploads\/2022\/04\/weighbridge-scaled.jpg?resize=600%2C848&amp;ssl=1 600w, https:\/\/i0.wp.com\/www.hiweigh.com\/wp-content\/uploads\/2022\/04\/weighbridge-scaled.jpg?resize=768%2C1086&amp;ssl=1 768w, https:\/\/i0.wp.com\/www.hiweigh.com\/wp-content\/uploads\/2022\/04\/weighbridge-scaled.jpg?resize=724%2C1024&amp;ssl=1 724w, https:\/\/i0.wp.com\/www.hiweigh.com\/wp-content\/uploads\/2022\/04\/weighbridge-scaled.jpg?w=1811&amp;ssl=1 1811w\" sizes=\"auto, (max-width: 201px) 100vw, 201px\" \/><\/a><\/td>\n<td style=\"width: 248.7px; height: 291px;\"><img data-recalc-dims=\"1\" loading=\"lazy\" decoding=\"async\" class=\" wp-image-20824 aligncenter\" src=\"https:\/\/i0.wp.com\/www.hiweigh.com\/wp-content\/uploads\/2022\/04\/axle-scale.jpg?resize=201%2C284&#038;ssl=1\" alt=\"\" width=\"201\" height=\"284\" srcset=\"https:\/\/i0.wp.com\/www.hiweigh.com\/wp-content\/uploads\/2022\/04\/axle-scale-scaled.jpg?resize=212%2C300&amp;ssl=1 212w, https:\/\/i0.wp.com\/www.hiweigh.com\/wp-content\/uploads\/2022\/04\/axle-scale-scaled.jpg?resize=600%2C848&amp;ssl=1 600w, https:\/\/i0.wp.com\/www.hiweigh.com\/wp-content\/uploads\/2022\/04\/axle-scale-scaled.jpg?resize=768%2C1086&amp;ssl=1 768w, https:\/\/i0.wp.com\/www.hiweigh.com\/wp-content\/uploads\/2022\/04\/axle-scale-scaled.jpg?resize=724%2C1024&amp;ssl=1 724w, https:\/\/i0.wp.com\/www.hiweigh.com\/wp-content\/uploads\/2022\/04\/axle-scale-scaled.jpg?w=1811&amp;ssl=1 1811w\" sizes=\"auto, (max-width: 201px) 100vw, 201px\" \/><\/td>\n<td style=\"width: 229.738px; height: 291px;\"><a href=\"https:\/\/www.hiweigh.com\/wp-content\/uploads\/2025\/07\/Balance.pdf\"><img data-recalc-dims=\"1\" loading=\"lazy\" decoding=\"async\" class=\"wp-image-20722 alignnone aligncenter\" src=\"https:\/\/i0.wp.com\/www.hiweigh.com\/wp-content\/uploads\/2022\/03\/%E5%A4%A9%E5%B9%B3_%E7%94%BB%E6%9D%BF-1.jpg?resize=201%2C284&#038;ssl=1\" alt=\"\" width=\"201\" height=\"284\" srcset=\"https:\/\/i0.wp.com\/www.hiweigh.com\/wp-content\/uploads\/2022\/03\/%E5%A4%A9%E5%B9%B3_%E7%94%BB%E6%9D%BF-1-scaled.jpg?resize=212%2C300&amp;ssl=1 212w, https:\/\/i0.wp.com\/www.hiweigh.com\/wp-content\/uploads\/2022\/03\/%E5%A4%A9%E5%B9%B3_%E7%94%BB%E6%9D%BF-1-scaled.jpg?resize=600%2C848&amp;ssl=1 600w, https:\/\/i0.wp.com\/www.hiweigh.com\/wp-content\/uploads\/2022\/03\/%E5%A4%A9%E5%B9%B3_%E7%94%BB%E6%9D%BF-1-scaled.jpg?resize=768%2C1086&amp;ssl=1 768w, https:\/\/i0.wp.com\/www.hiweigh.com\/wp-content\/uploads\/2022\/03\/%E5%A4%A9%E5%B9%B3_%E7%94%BB%E6%9D%BF-1-scaled.jpg?resize=724%2C1024&amp;ssl=1 724w, https:\/\/i0.wp.com\/www.hiweigh.com\/wp-content\/uploads\/2022\/03\/%E5%A4%A9%E5%B9%B3_%E7%94%BB%E6%9D%BF-1-scaled.jpg?w=1811&amp;ssl=1 1811w\" sizes=\"auto, (max-width: 201px) 100vw, 201px\" \/><\/a><\/td>\n<td style=\"width: 239.275px; height: 291px;\"><a href=\"https:\/\/www.hiweigh.com\/wp-content\/uploads\/2025\/07\/Test_Weights.pdf\"><img data-recalc-dims=\"1\" loading=\"lazy\" decoding=\"async\" class=\"wp-image-20716 aligncenter\" src=\"https:\/\/i0.wp.com\/www.hiweigh.com\/wp-content\/uploads\/2022\/03\/%E7%A0%9D%E7%A0%81_%E7%94%BB%E6%9D%BF-1.jpg?resize=201%2C284&#038;ssl=1\" alt=\"\" width=\"201\" height=\"284\" srcset=\"https:\/\/i0.wp.com\/www.hiweigh.com\/wp-content\/uploads\/2022\/03\/%E7%A0%9D%E7%A0%81_%E7%94%BB%E6%9D%BF-1-scaled.jpg?resize=212%2C300&amp;ssl=1 212w, https:\/\/i0.wp.com\/www.hiweigh.com\/wp-content\/uploads\/2022\/03\/%E7%A0%9D%E7%A0%81_%E7%94%BB%E6%9D%BF-1-scaled.jpg?resize=600%2C848&amp;ssl=1 600w, https:\/\/i0.wp.com\/www.hiweigh.com\/wp-content\/uploads\/2022\/03\/%E7%A0%9D%E7%A0%81_%E7%94%BB%E6%9D%BF-1-scaled.jpg?resize=768%2C1086&amp;ssl=1 768w, https:\/\/i0.wp.com\/www.hiweigh.com\/wp-content\/uploads\/2022\/03\/%E7%A0%9D%E7%A0%81_%E7%94%BB%E6%9D%BF-1-scaled.jpg?resize=724%2C1024&amp;ssl=1 724w, https:\/\/i0.wp.com\/www.hiweigh.com\/wp-content\/uploads\/2022\/03\/%E7%A0%9D%E7%A0%81_%E7%94%BB%E6%9D%BF-1-scaled.jpg?w=1811&amp;ssl=1 1811w\" sizes=\"auto, (max-width: 201px) 100vw, 201px\" \/><\/a><\/td>\n<\/tr>\n<tr style=\"height: 48px;\">\n<td style=\"width: 240.288px; height: 26px; text-align: center;\"><a href=\"https:\/\/www.hiweigh.com\/wp-content\/uploads\/2025\/07\/Weighbridge.pdf\">Weighbridge<\/a><\/td>\n<td style=\"width: 248.7px; height: 26px; text-align: center;\"><a href=\"https:\/\/www.hiweigh.com\/wp-content\/uploads\/2017\/06\/Axle-Scale-1.pdf\">Axle Scale<\/a><\/td>\n<td style=\"width: 229.738px; height: 26px; text-align: center;\"><a href=\"https:\/\/www.hiweigh.com\/wp-content\/uploads\/2025\/07\/Balance.pdf\">Precision Balance<\/a><\/td>\n<td style=\"width: 239.275px; height: 26px; text-align: center;\"><a href=\"https:\/\/www.hiweigh.com\/wp-content\/uploads\/2025\/07\/Test_Weights.pdf\">Test Weights<\/a><\/td>\n<\/tr>\n<tr style=\"height: 280px;\">\n<td style=\"width: 240.288px; height: 280px;\"><a href=\"https:\/\/www.hiweigh.com\/wp-content\/uploads\/2025\/07\/Medical-Scale.pdf\"><img data-recalc-dims=\"1\" loading=\"lazy\" decoding=\"async\" class=\"wp-image-20725 aligncenter\" src=\"https:\/\/i0.wp.com\/www.hiweigh.com\/wp-content\/uploads\/2022\/03\/%E5%8C%BB%E7%96%97%E7%A7%A4_%E7%94%BB%E6%9D%BF-1.jpg?resize=201%2C284&#038;ssl=1\" alt=\"\" width=\"201\" height=\"284\" srcset=\"https:\/\/i0.wp.com\/www.hiweigh.com\/wp-content\/uploads\/2022\/03\/%E5%8C%BB%E7%96%97%E7%A7%A4_%E7%94%BB%E6%9D%BF-1-scaled.jpg?resize=212%2C300&amp;ssl=1 212w, https:\/\/i0.wp.com\/www.hiweigh.com\/wp-content\/uploads\/2022\/03\/%E5%8C%BB%E7%96%97%E7%A7%A4_%E7%94%BB%E6%9D%BF-1-scaled.jpg?resize=600%2C848&amp;ssl=1 600w, https:\/\/i0.wp.com\/www.hiweigh.com\/wp-content\/uploads\/2022\/03\/%E5%8C%BB%E7%96%97%E7%A7%A4_%E7%94%BB%E6%9D%BF-1-scaled.jpg?resize=768%2C1086&amp;ssl=1 768w, https:\/\/i0.wp.com\/www.hiweigh.com\/wp-content\/uploads\/2022\/03\/%E5%8C%BB%E7%96%97%E7%A7%A4_%E7%94%BB%E6%9D%BF-1-scaled.jpg?resize=724%2C1024&amp;ssl=1 724w, https:\/\/i0.wp.com\/www.hiweigh.com\/wp-content\/uploads\/2022\/03\/%E5%8C%BB%E7%96%97%E7%A7%A4_%E7%94%BB%E6%9D%BF-1-scaled.jpg?w=1811&amp;ssl=1 1811w\" sizes=\"auto, (max-width: 201px) 100vw, 201px\" \/><\/a><\/td>\n<td style=\"width: 248.7px; height: 280px;\"><\/td>\n<td style=\"width: 229.738px; height: 280px;\"><\/td>\n<td style=\"width: 239.275px; height: 280px;\"><\/td>\n<\/tr>\n<tr style=\"height: 24px;\">\n<td style=\"width: 240.288px; height: 24px; text-align: center;\"><a href=\"https:\/\/www.hiweigh.com\/wp-content\/uploads\/2025\/07\/Medical-Scale.pdf\">Medical Scale<\/a><\/td>\n<td style=\"width: 248.7px; height: 24px;\"><\/td>\n<td style=\"width: 229.738px; height: 24px;\"><\/td>\n<td style=\"width: 239.275px; height: 24px;\"><\/td>\n<\/tr>\n<\/tbody>\n<\/table>\n","protected":false},"excerpt":{"rendered":"<p>Notre catalogue de produits de pesage offre un aper\u00e7u complet de nos solutions de pesage industriel, incluant capteurs de force, indicateurs, balances \u00e0 plateforme, ponts-bascules et syst\u00e8mes de pesage sur mesure. Des sp\u00e9cifications techniques d\u00e9taill\u00e9es et des guides d&rsquo;application sont fournis pour accompagner les \u00e9quipementiers et les int\u00e9grateurs de syst\u00e8mes. HiWEIGH Weighing Indicator Platform Scale [&hellip;]<\/p>\n","protected":false},"author":1,"featured_media":0,"parent":0,"menu_order":0,"comment_status":"closed","ping_status":"closed","template":"","meta":{"footnotes":""},"class_list":["post-17760","page","type-page","status-publish","hentry"],"_links":{"self":[{"href":"https:\/\/www.hiweigh.com\/fr\/wp-json\/wp\/v2\/pages\/17760","targetHints":{"allow":["GET"]}}],"collection":[{"href":"https:\/\/www.hiweigh.com\/fr\/wp-json\/wp\/v2\/pages"}],"about":[{"href":"https:\/\/www.hiweigh.com\/fr\/wp-json\/wp\/v2\/types\/page"}],"author":[{"embeddable":true,"href":"https:\/\/www.hiweigh.com\/fr\/wp-json\/wp\/v2\/users\/1"}],"replies":[{"embeddable":true,"href":"https:\/\/www.hiweigh.com\/fr\/wp-json\/wp\/v2\/comments?post=17760"}],"version-history":[{"count":6,"href":"https:\/\/www.hiweigh.com\/fr\/wp-json\/wp\/v2\/pages\/17760\/revisions"}],"predecessor-version":[{"id":26309,"href":"https:\/\/www.hiweigh.com\/fr\/wp-json\/wp\/v2\/pages\/17760\/revisions\/26309"}],"wp:attachment":[{"href":"https:\/\/www.hiweigh.com\/fr\/wp-json\/wp\/v2\/media?parent=17760"}],"curies":[{"name":"wp","href":"https:\/\/api.w.org\/{rel}","templated":true}]}}