{"id":17815,"date":"2019-10-24T06:34:41","date_gmt":"2019-10-24T06:34:41","guid":{"rendered":"https:\/\/www.hiweigh.com\/obtenir-un-devis\/"},"modified":"2019-10-24T06:49:52","modified_gmt":"2019-10-24T06:49:52","slug":"obtenir-un-devis","status":"publish","type":"page","link":"https:\/\/www.hiweigh.com\/fr\/obtenir-un-devis\/","title":{"rendered":"Obtenir un devis"},"content":{"rendered":"\n<div class=\"wpcf7 no-js\" id=\"wpcf7-f17819-o1\" lang=\"en-US\" dir=\"ltr\" data-wpcf7-id=\"17819\">\n<div class=\"screen-reader-response\"><p role=\"status\" aria-live=\"polite\" aria-atomic=\"true\"><\/p> <ul><\/ul><\/div>\n<form action=\"\/fr\/wp-json\/wp\/v2\/pages\/17815#wpcf7-f17819-o1\" method=\"post\" class=\"wpcf7-form init\" aria-label=\"Contact form\" novalidate=\"novalidate\" data-status=\"init\">\n<fieldset class=\"hidden-fields-container\"><input type=\"hidden\" name=\"_wpcf7\" value=\"17819\" \/><input type=\"hidden\" name=\"_wpcf7_version\" value=\"6.1.1\" \/><input type=\"hidden\" name=\"_wpcf7_locale\" value=\"en_US\" \/><input type=\"hidden\" name=\"_wpcf7_unit_tag\" value=\"wpcf7-f17819-o1\" \/><input type=\"hidden\" name=\"_wpcf7_container_post\" value=\"0\" \/><input type=\"hidden\" name=\"_wpcf7_posted_data_hash\" value=\"\" \/>\n<\/fieldset>\n<div class=\"contactpg\">\n\t<p><span class=\"wpcf7-form-control-wrap\" data-name=\"text-696\"><input size=\"40\" maxlength=\"400\" class=\"wpcf7-form-control wpcf7-text wpcf7-validates-as-required\" aria-required=\"true\" aria-invalid=\"false\" placeholder=\"votre nom: (*)\" value=\"\" type=\"text\" name=\"text-696\" \/><\/span><br \/>\n<span class=\"wpcf7-form-control-wrap\" data-name=\"email-908\"><input size=\"40\" maxlength=\"400\" class=\"wpcf7-form-control wpcf7-email wpcf7-validates-as-required wpcf7-text wpcf7-validates-as-email\" aria-required=\"true\" aria-invalid=\"false\" placeholder=\"Votre email: (*)\" value=\"\" type=\"email\" name=\"email-908\" \/><\/span><br \/>\n<span class=\"wpcf7-form-control-wrap\" data-name=\"phone\"><input size=\"40\" maxlength=\"400\" class=\"wpcf7-form-control wpcf7-tel wpcf7-validates-as-required wpcf7-text wpcf7-validates-as-tel\" aria-required=\"true\" aria-invalid=\"false\" placeholder=\"num\u00e9ro de t\u00e9l\u00e9phone: (*)\" value=\"\" type=\"tel\" name=\"phone\" \/><\/span><br \/>\n<span class=\"wpcf7-form-control-wrap\" data-name=\"textarea-989\"><textarea cols=\"40\" rows=\"10\" maxlength=\"2000\" class=\"wpcf7-form-control wpcf7-textarea wpcf7-validates-as-required\" aria-required=\"true\" aria-invalid=\"false\" placeholder=\"exigences: (*)\" name=\"textarea-989\"><\/textarea><\/span><br \/>\n<input type=\"hidden\" name=\"_wpcf7_captcha_challenge_captcha-1\" value=\"3755530486\" \/><img loading=\"lazy\" decoding=\"async\" class=\"wpcf7-form-control wpcf7-captchac wpcf7-captcha-captcha-1\" width=\"72\" height=\"24\" alt=\"captcha\" src=\"https:\/\/www.hiweigh.com\/wp-content\/uploads\/wpcf7_captcha\/3755530486.png\" \/><span class=\"wpcf7-form-control-wrap\" data-name=\"captcha-1\"><input size=\"40\" class=\"wpcf7-form-control wpcf7-captchar mrgtp\" autocomplete=\"off\" aria-invalid=\"false\" placeholder=\"Entrez le code ci-dessus\" value=\"\" type=\"text\" name=\"captcha-1\" \/><\/span><input class=\"wpcf7-form-control wpcf7-submit has-spinner\" type=\"submit\" value=\"Soumettre\" \/>\n\t<\/p>\n<\/div><div class=\"wpcf7-response-output\" aria-hidden=\"true\"><\/div>\n<\/form>\n<\/div>\n\n","protected":false},"excerpt":{"rendered":"","protected":false},"author":1,"featured_media":0,"parent":0,"menu_order":0,"comment_status":"closed","ping_status":"closed","template":"","meta":{"footnotes":""},"class_list":["post-17815","page","type-page","status-publish","hentry"],"_links":{"self":[{"href":"https:\/\/www.hiweigh.com\/fr\/wp-json\/wp\/v2\/pages\/17815","targetHints":{"allow":["GET"]}}],"collection":[{"href":"https:\/\/www.hiweigh.com\/fr\/wp-json\/wp\/v2\/pages"}],"about":[{"href":"https:\/\/www.hiweigh.com\/fr\/wp-json\/wp\/v2\/types\/page"}],"author":[{"embeddable":true,"href":"https:\/\/www.hiweigh.com\/fr\/wp-json\/wp\/v2\/users\/1"}],"replies":[{"embeddable":true,"href":"https:\/\/www.hiweigh.com\/fr\/wp-json\/wp\/v2\/comments?post=17815"}],"version-history":[{"count":6,"href":"https:\/\/www.hiweigh.com\/fr\/wp-json\/wp\/v2\/pages\/17815\/revisions"}],"predecessor-version":[{"id":17829,"href":"https:\/\/www.hiweigh.com\/fr\/wp-json\/wp\/v2\/pages\/17815\/revisions\/17829"}],"wp:attachment":[{"href":"https:\/\/www.hiweigh.com\/fr\/wp-json\/wp\/v2\/media?parent=17815"}],"curies":[{"name":"wp","href":"https:\/\/api.w.org\/{rel}","templated":true}]}}