{"id":24278,"date":"2017-02-11T06:20:28","date_gmt":"2017-02-11T06:20:28","guid":{"rendered":"https:\/\/www.hiweigh.com\/manuals-2\/"},"modified":"2026-02-04T08:06:08","modified_gmt":"2026-02-04T08:06:08","slug":"manuels","status":"publish","type":"page","link":"https:\/\/www.hiweigh.com\/fr\/manuels\/","title":{"rendered":"Manuals"},"content":{"rendered":"<p><span class=\"jCAhz ChMk0b\"><span class=\"ryNqvb\">Cette page sera r\u00e9guli\u00e8rement mise \u00e0 jour avec les manuels d&rsquo;utilisation des \u00e9quipements de pesage.<\/span><\/span> <span class=\"jCAhz ChMk0b\"><span class=\"ryNqvb\">Ces manuels couvrent les proc\u00e9dures d&rsquo;installation, les instructions de c\u00e2blage, les proc\u00e9dures d&rsquo;\u00e9talonnage et les recommandations de maintenance. Ils sont con\u00e7us pour accompagner les fabricants d&rsquo;\u00e9quipement d&rsquo;origine, les int\u00e9grateurs de syst\u00e8mes et les utilisateurs finaux.<\/span><\/span><\/p>\n<table style=\"height: 336px;\" width=\"981\">\n<tbody>\n<tr>\n<td style=\"width: 972.6px; text-align: center;\" colspan=\"5\">Livestock Farming<\/td>\n<\/tr>\n<tr>\n<td style=\"width: 190.35px; text-align: center;\"><a href=\"https:\/\/www.hiweigh.com\/wp-content\/uploads\/2025\/07\/K7-User-Manual.pdf\"><img loading=\"lazy\" decoding=\"async\" class=\"size-medium wp-image-24299 aligncenter\" src=\"https:\/\/www.hiweigh.com\/wp-content\/uploads\/2025\/07\/k7-cover-212x300.jpg\" alt=\"\" width=\"212\" height=\"300\" srcset=\"https:\/\/www.hiweigh.com\/wp-content\/uploads\/2025\/07\/k7-cover-212x300.jpg 212w, https:\/\/www.hiweigh.com\/wp-content\/uploads\/2025\/07\/k7-cover.jpg 298w\" sizes=\"auto, (max-width: 212px) 100vw, 212px\" \/><\/a><\/td>\n<td style=\"width: 190.35px; text-align: center;\"><a href=\"https:\/\/www.hiweigh.com\/wp-content\/uploads\/2025\/07\/ABH-User-Manual.pdf\"><img loading=\"lazy\" decoding=\"async\" class=\"size-medium wp-image-24286 aligncenter\" src=\"https:\/\/www.hiweigh.com\/wp-content\/uploads\/2025\/07\/ABH-Manual-1-210x300.png\" alt=\"ABH Load bars\" width=\"210\" height=\"300\" srcset=\"https:\/\/www.hiweigh.com\/wp-content\/uploads\/2025\/07\/ABH-Manual-1-210x300.png 210w, https:\/\/www.hiweigh.com\/wp-content\/uploads\/2025\/07\/ABH-Manual-1-600x857.png 600w, https:\/\/www.hiweigh.com\/wp-content\/uploads\/2025\/07\/ABH-Manual-1.png 619w\" sizes=\"auto, (max-width: 210px) 100vw, 210px\" \/><\/a><\/td>\n<td style=\"width: 190.35px; text-align: center;\"><\/td>\n<td style=\"width: 190.35px; text-align: center;\"><\/td>\n<td style=\"width: 190.4px; text-align: center;\"><\/td>\n<\/tr>\n<tr>\n<td style=\"width: 190.35px; text-align: center;\"><a href=\"https:\/\/www.hiweigh.com\/wp-content\/uploads\/2025\/07\/K7-User-Manual.pdf\">K7 Indicator<\/a><\/td>\n<td style=\"width: 190.35px; text-align: center;\"><a href=\"https:\/\/www.hiweigh.com\/wp-content\/uploads\/2025\/07\/ABH-User-Manual.pdf\">ABH Load Bars<\/a><\/td>\n<td style=\"width: 190.35px; text-align: center;\"><\/td>\n<td style=\"width: 190.35px; text-align: center;\"><\/td>\n<td style=\"width: 190.4px; text-align: center;\"><\/td>\n<\/tr>\n<tr>\n<td style=\"width: 190.35px; text-align: center;\" colspan=\"5\">Medical and Health<\/td>\n<\/tr>\n<tr>\n<td style=\"width: 190.35px; text-align: center;\"><a href=\"https:\/\/www.hiweigh.com\/wp-content\/uploads\/2025\/08\/HH-User-Manual.pdf\"><img loading=\"lazy\" decoding=\"async\" class=\"size-medium wp-image-24653 aligncenter\" src=\"https:\/\/www.hiweigh.com\/wp-content\/uploads\/2025\/08\/HH-User-manual-2-212x300.jpg\" alt=\"\" width=\"212\" height=\"300\" srcset=\"https:\/\/www.hiweigh.com\/wp-content\/uploads\/2025\/08\/HH-User-manual-2-212x300.jpg 212w, https:\/\/www.hiweigh.com\/wp-content\/uploads\/2025\/08\/HH-User-manual-2-600x847.jpg 600w, https:\/\/www.hiweigh.com\/wp-content\/uploads\/2025\/08\/HH-User-manual-2.jpg 621w\" sizes=\"auto, (max-width: 212px) 100vw, 212px\" \/><\/a><\/td>\n<td style=\"width: 190.35px; text-align: center;\"><\/td>\n<td style=\"width: 190.35px; text-align: center;\"><\/td>\n<td style=\"width: 190.35px; text-align: center;\"><\/td>\n<td style=\"width: 190.4px; text-align: center;\"><\/td>\n<\/tr>\n<tr>\n<td style=\"width: 190.35px; text-align: center;\"><a href=\"https:\/\/www.hiweigh.com\/wp-content\/uploads\/2025\/08\/HH-User-Manual.pdf\">HH Height &amp; Weight Scale<\/a><\/td>\n<td style=\"width: 190.35px; text-align: center;\"><\/td>\n<td style=\"width: 190.35px; text-align: center;\"><\/td>\n<td style=\"width: 190.35px; text-align: center;\"><\/td>\n<td style=\"width: 190.4px; text-align: center;\"><\/td>\n<\/tr>\n<\/tbody>\n<\/table>\n","protected":false},"excerpt":{"rendered":"<p>Cette page sera r\u00e9guli\u00e8rement mise \u00e0 jour avec les manuels d&rsquo;utilisation des \u00e9quipements de pesage. Ces manuels couvrent les proc\u00e9dures d&rsquo;installation, les instructions de c\u00e2blage, les proc\u00e9dures d&rsquo;\u00e9talonnage et les recommandations de maintenance. Ils sont con\u00e7us pour accompagner les fabricants d&rsquo;\u00e9quipement d&rsquo;origine, les int\u00e9grateurs de syst\u00e8mes et les utilisateurs finaux. Livestock Farming K7 Indicator ABH [&hellip;]<\/p>\n","protected":false},"author":1,"featured_media":0,"parent":0,"menu_order":0,"comment_status":"closed","ping_status":"closed","template":"","meta":{"footnotes":""},"class_list":["post-24278","page","type-page","status-publish","hentry"],"_links":{"self":[{"href":"https:\/\/www.hiweigh.com\/fr\/wp-json\/wp\/v2\/pages\/24278","targetHints":{"allow":["GET"]}}],"collection":[{"href":"https:\/\/www.hiweigh.com\/fr\/wp-json\/wp\/v2\/pages"}],"about":[{"href":"https:\/\/www.hiweigh.com\/fr\/wp-json\/wp\/v2\/types\/page"}],"author":[{"embeddable":true,"href":"https:\/\/www.hiweigh.com\/fr\/wp-json\/wp\/v2\/users\/1"}],"replies":[{"embeddable":true,"href":"https:\/\/www.hiweigh.com\/fr\/wp-json\/wp\/v2\/comments?post=24278"}],"version-history":[{"count":9,"href":"https:\/\/www.hiweigh.com\/fr\/wp-json\/wp\/v2\/pages\/24278\/revisions"}],"predecessor-version":[{"id":26320,"href":"https:\/\/www.hiweigh.com\/fr\/wp-json\/wp\/v2\/pages\/24278\/revisions\/26320"}],"wp:attachment":[{"href":"https:\/\/www.hiweigh.com\/fr\/wp-json\/wp\/v2\/media?parent=24278"}],"curies":[{"name":"wp","href":"https:\/\/api.w.org\/{rel}","templated":true}]}}