{"id":5516,"date":"2017-07-29T08:49:31","date_gmt":"2017-07-29T08:49:31","guid":{"rendered":"http:\/\/www.hiweigh.com\/register\/"},"modified":"2022-07-22T11:24:26","modified_gmt":"2022-07-22T11:24:26","slug":"register","status":"publish","type":"page","link":"https:\/\/www.hiweigh.com\/fr\/register\/","title":{"rendered":"Register"},"content":{"rendered":"\n<div class=\"w3eden wpdm-auth-page\" id=\"wpdmregpage\">\n    <div class=\"wpdm-auth-split\" id=\"wpdmreg\">\n                    <div class=\"wpdm-auth-panel\">\n                <!-- Left Panel - Decorative -->\n                <div class=\"wpdm-auth-left\">\n                    <div class=\"wpdm-auth-grid\"><\/div>\n                    <div class=\"wpdm-auth-circles\">\n                        <div class=\"wpdm-auth-circle\"><\/div>\n                        <div class=\"wpdm-auth-circle\"><\/div>\n                        <div class=\"wpdm-auth-circle\"><\/div>\n                        <div class=\"wpdm-auth-circle\"><\/div>\n                    <\/div>\n\n                    <div class=\"wpdm-auth-brand\">\n                        <a href=\"https:\/\/www.hiweigh.com\/fr\/\">\n                                                    <img decoding=\"async\" src=\"https:\/\/i0.wp.com\/www.hiweigh.com\/wp-content\/uploads\/2022\/07\/cropped-ID.png?fit=512%2C512&amp;ssl=1\" alt=\"HIWEIGH\" \/>\n                                                <span>HIWEIGH<\/span>\n                        <\/a>\n                    <\/div>\n\n                    <div class=\"wpdm-auth-welcome\">\n                        <div class=\"wpdm-auth-welcome-sub\">Commencez votre aventure<\/div>\n                        <div class=\"wpdm-auth-welcome-title\">REJOIGNEZ-NOUS<\/div>\n                        <div class=\"wpdm-auth-welcome-line\"><\/div>\n                        <div class=\"wpdm-auth-welcome-text\">\n                            Cr\u00e9ez votre compte gratuit d\u00e8s aujourd\u2019hui pour acc\u00e9der \u00e0 des t\u00e9l\u00e9chargements exclusifs, g\u00e9rer vos fichiers et d\u00e9bloquer toutes les fonctionnalit\u00e9s.                        <\/div>\n                    <\/div>\n                <\/div>\n\n                <!-- Right Panel - Form -->\n                <div class=\"wpdm-auth-right wpdm-auth-right--scroll\">\n                    <div class=\"wpdm-auth-form-header wpdm-auth-form-header--compact\">\n                        <h1 class=\"wpdm-auth-form-title\">Cr\u00e9er un compte<\/h1>\n                        <p class=\"wpdm-auth-form-desc\">Remplissez vos coordonn\u00e9es ci-dessous pour commencer avec votre compte gratuit.<\/p>\n                    <\/div>\n\n                    <form method=\"post\" action=\"\" id=\"registerform\" name=\"registerform\">\n                        <input type=\"hidden\" id=\"wdpmregnonce\" name=\"wdpmregnonce\" value=\"03d0603361\" \/><input type=\"hidden\" name=\"_wp_http_referer\" value=\"\/fr\/wp-json\/wp\/v2\/pages\/5516\" \/>\n                        <div id=\"__signup_msg\"><\/div>\n\n                                                    \n                            <input type='hidden' name='__phash' id='__phash' value='OmKyce7vgehfpPKeD42xKwB87wFyuAd7dAlwozkqyDhhgZF2NiUnn_W92t56KCiDEqSS5jzfMgLQe_sRiXCo-5p6mgl6IvSZ917gZowESteW8fKxEMYrT3M155u9r5y8TOfoIDHUZZrNS3zS4XjpNJ2m9BP0Y1LrJGa2S9HGhGJfb4SxFq-RowWN_szRiyHBMA7OM67ngYFv8AiNmEXgN6wDTZQ8sxRQD0kxOLPA7Q49Zi6sHvjncChN-lRjzDG3diA0s5HxcOVacuK7F-mXC8OrMZaP4gDhlUUEF-oKAivwrob04OBIUGmiDKIfnbcFoaJxyzJGO_SkfREQ0fh05Fl9WDTxHe1BFPfcfLmlbMNs9jKQey1XmwnsIyhFPog6frsGzi9dMLq4ac0P4t6bMGDPrsnooWNs1YFIPsj9harA'  \/><input type='hidden' name='__reg_nonce' id='__reg_nonce' value=''  \/><input type='hidden' name='loginurl' id='loginurl' value='https:\/\/www.hiweigh.com\/login\/'  \/><input type='hidden' name='permalink' id='permalink' value='https:\/\/www.hiweigh.com\/fr\/register\/'  \/><input type='hidden' name='reg_redirect' id='reg_redirect' value='https:\/\/www.hiweigh.com\/login\/'  \/><div class='row' id='row_name'><div class='form-group col-md-6 col-sm-12' id='row_0'><div class='input-wrapper text-input-wrapper' id='row_0_wrapper'><label form='0'>Pr\u00e9nom<\/label><input type='text' name='wpdm_reg[first_name]' id='first_name' placeholder='Votre pr\u00e9nom' required='required' class='form-control'  \/><\/div><\/div><div class='form-group col-md-6 col-sm-12' id='row_1'><div class='input-wrapper text-input-wrapper' id='row_1_wrapper'><label form='1'>Nom<\/label><input type='text' name='wpdm_reg[last_name]' id='last_name' placeholder='Votre Nom' required='required' class='form-control'  \/><\/div><\/div><\/div><div class='form-group ' id='row_username'><div class='input-wrapper text-input-wrapper' id='row_username_wrapper'><label form='username'>Identifiant<\/label><input type='text' name='wpdm_reg[user_login]' id='user_login' placeholder='ID de connexion utilisateur\/utilisatrice' required='required' validate='alphanum' class='form-control'  \/><\/div><\/div><div class='form-group ' id='row_email'><div class='input-wrapper email-input-wrapper' id='row_email_wrapper'><label form='email'>Courriel<\/label><input type='email' name='wpdm_reg[user_email]' id='user_email' placeholder='Votre adresse e-mail' required='required' class='form-control'  \/><\/div><\/div><div class='row' id='row_password'><div class='form-group col-md-6 col-sm-12' id='row_0'><div class='input-wrapper password-input-wrapper' id='row_0_wrapper'><label form='0'>Mot de passe<\/label><input type='password' name='wpdm_reg[user_pass]' id='reg_password' placeholder='Mot de passe' required='required' strength='0' class='form-control'  \/><\/div><\/div><div class='form-group col-md-6 col-sm-12' id='row_1'><div class='input-wrapper password-input-wrapper' id='row_1_wrapper'><label form='1'>Confirmation du mot de passe<\/label><input type='password' name='confirm_user_pass' data-match='#reg_password' id='reg_confirm_pass' placeholder='Confirmation du mot de passe' required='required' class='form-control'  \/><\/div><\/div><\/div>\n                            \n                                                        \n                            <button type=\"submit\" class=\"wpdm-auth-btn wpdm-auth-btn--margin-top\" id=\"registerform-submit\" name=\"wp-submit\">\n                                <span>Cr\u00e9er un compte<\/span>\n                            <\/button>\n                        \n                        <!-- Social Login -->\n                        \n                        <!-- Login Link -->\n                                                    <div class=\"wpdm-auth-link\">\n                                Vous avez d\u00e9j\u00e0 un compte\u00a0?                                <a href=\"https:\/\/www.hiweigh.com\/login\/\">Connectez-vous<\/a>\n                            <\/div>\n                                            <\/form>\n                <\/div>\n            <\/div>\n            <\/div>\n<\/div>\n\n<script data-jetpack-boost=\"ignore\">\njQuery(function ($) {\n    $('#__reg_nonce').val('0571d1ddb6');\n\n        var $btn = $('#registerform-submit');\n    var btnHtml = $btn.html();\n\n    $('#registerform').submit(function (e) {\n        e.preventDefault();\n\n        if ($('#reg_password').val() !== $('#reg_confirm_pass').val()) {\n            $('#reg_confirm_pass').parent('.input-wrapper').addClass('input-error');\n            showErr('Les mots de passe ne correspondent pas.');\n            return false;\n        } else {\n            $('#reg_confirm_pass').parent('.input-wrapper').removeClass('input-error');\n        }\n\n        $btn.html('<span class=\"wpdm-auth-spinner\"><\/span><span>Cr\u00e9ation en cours\u2026<\/span>').attr('disabled', 'disabled');\n\n        var form_data = $(this).serializeArray();\n\n        $(this).ajaxSubmit({\n            success: function (res) {\n                if (res.success == false) {\n                    showErr(res.message);\n                    $btn.html(btnHtml).removeAttr('disabled');\n                } else if (res.success == true) {\n                    WPDM.doAction(\"wpdm_new_signup\", form_data);\n                    $btn.html('<svg viewBox=\"0 0 24 24\" width=\"16\" height=\"16\" fill=\"none\" stroke=\"currentColor\" stroke-width=\"2\"><path d=\"M22 11.08V12a10 10 0 1 1-5.93-9.14\"\/><polyline points=\"22 4 12 14.01 9 11.01\"\/><\/svg><span>R\u00e9ussi\u00a0!<\/span>');\n                    setTimeout(function () {\n                        location.href = res.redirect_to;\n                    }, 1500);\n                } else {\n                    alert(res);\n                }\n            },\n            error: function() {\n                showErr('Une erreur s\u2019est produite. Veuillez r\u00e9essayer.');\n                $btn.html(btnHtml).removeAttr('disabled');\n            }\n        });\n\n        return false;\n    });\n    \n    function showErr(msg) {\n        $('#registerform .wpdm-auth-alert.error').remove();\n        var html = '<div class=\"wpdm-auth-alert error\">' +\n            '<svg viewBox=\"0 0 24 24\" fill=\"none\" stroke=\"currentColor\" stroke-width=\"2\"><circle cx=\"12\" cy=\"12\" r=\"10\"\/><line x1=\"15\" y1=\"9\" x2=\"9\" y2=\"15\"\/><line x1=\"9\" y1=\"9\" x2=\"15\" y2=\"15\"\/><\/svg>' +\n            '<span>' + msg + '<\/span><\/div>';\n        $('#__signup_msg').html(html);\n    }\n\n    $('body').on('click', '.wpdm-auth-alert.error', function() {\n        $(this).slideUp(150, function() { $(this).remove(); });\n    });\n\n    });\n<\/script>\n\n","protected":false},"excerpt":{"rendered":"HIWEIGH Commencez votre aventure REJOIGNEZ-NOUS Cr\u00e9ez votre compte gratuit d\u00e8s aujourd\u2019hui pour acc\u00e9der \u00e0 des t\u00e9l\u00e9chargements exclusifs, g\u00e9rer vos fichiers et d\u00e9bloquer toutes les fonctionnalit\u00e9s. Cr\u00e9er un compte Remplissez vos coordonn\u00e9es ci-dessous pour commencer avec votre compte gratuit. Pr\u00e9nomNomIdentifiantCourrielMot de passeConfirmation du mot de passe Cr\u00e9er un compte Vous avez d\u00e9j\u00e0 un compte\u00a0? Connectez-vous","protected":false},"author":1,"featured_media":0,"parent":0,"menu_order":0,"comment_status":"closed","ping_status":"closed","template":"","meta":{"footnotes":""},"class_list":["post-5516","page","type-page","status-publish","hentry"],"_links":{"self":[{"href":"https:\/\/www.hiweigh.com\/fr\/wp-json\/wp\/v2\/pages\/5516","targetHints":{"allow":["GET"]}}],"collection":[{"href":"https:\/\/www.hiweigh.com\/fr\/wp-json\/wp\/v2\/pages"}],"about":[{"href":"https:\/\/www.hiweigh.com\/fr\/wp-json\/wp\/v2\/types\/page"}],"author":[{"embeddable":true,"href":"https:\/\/www.hiweigh.com\/fr\/wp-json\/wp\/v2\/users\/1"}],"replies":[{"embeddable":true,"href":"https:\/\/www.hiweigh.com\/fr\/wp-json\/wp\/v2\/comments?post=5516"}],"version-history":[{"count":1,"href":"https:\/\/www.hiweigh.com\/fr\/wp-json\/wp\/v2\/pages\/5516\/revisions"}],"predecessor-version":[{"id":5522,"href":"https:\/\/www.hiweigh.com\/fr\/wp-json\/wp\/v2\/pages\/5516\/revisions\/5522"}],"wp:attachment":[{"href":"https:\/\/www.hiweigh.com\/fr\/wp-json\/wp\/v2\/media?parent=5516"}],"curies":[{"name":"wp","href":"https:\/\/api.w.org\/{rel}","templated":true}]}}