{"id":5527,"date":"2017-07-29T08:49:13","date_gmt":"2017-07-29T08:49:13","guid":{"rendered":"http:\/\/www.hiweigh.com\/login\/"},"modified":"2022-07-22T11:29:58","modified_gmt":"2022-07-22T11:29:58","slug":"login","status":"publish","type":"page","link":"https:\/\/www.hiweigh.com\/fr\/login\/","title":{"rendered":"Login"},"content":{"rendered":"\n<div class=\"w3eden wpdm-auth-page\" id=\"wpdmloginpage\">\n    <div class=\"wpdm-auth-split\" id=\"wpdmlogin\">\n        <div class=\"wpdm-auth-panel\">\n            <!-- Left Panel - Decorative -->\n            <div class=\"wpdm-auth-left\">\n                <div class=\"wpdm-auth-grid\"><\/div>\n                <div class=\"wpdm-auth-circles\">\n                    <div class=\"wpdm-auth-circle\"><\/div>\n                    <div class=\"wpdm-auth-circle\"><\/div>\n                    <div class=\"wpdm-auth-circle\"><\/div>\n                    <div class=\"wpdm-auth-circle\"><\/div>\n                <\/div>\n\n                <div class=\"wpdm-auth-brand\">\n                    <a href=\"https:\/\/www.hiweigh.com\/fr\/\">\n                                            <img decoding=\"async\" src=\"https:\/\/i0.wp.com\/www.hiweigh.com\/wp-content\/uploads\/2022\/07\/cropped-ID.png?fit=512%2C512&amp;ssl=1\" alt=\"HIWEIGH\" \/>\n                                        <span>HIWEIGH<\/span>\n                    <\/a>\n                <\/div>\n\n                <div class=\"wpdm-auth-welcome\">\n                    <div class=\"wpdm-auth-welcome-sub\">Ravi de vous revoir<\/div>\n                    <div class=\"wpdm-auth-welcome-title\">Heureux de vous revoir<\/div>\n                    <div class=\"wpdm-auth-welcome-line\"><\/div>\n                    <div class=\"wpdm-auth-welcome-text\">\n                        Connectez-vous pour acc\u00e9der \u00e0 votre compte, g\u00e9rer vos t\u00e9l\u00e9chargements et d\u00e9couvrir toutes les fonctionnalit\u00e9s \u00e0 votre disposition.                    <\/div>\n                <\/div>\n            <\/div>\n\n            <!-- Right Panel - Form -->\n            <div class=\"wpdm-auth-right\">\n\n\n                <div class=\"wpdm-auth-form-header\">\n                    <h1 class=\"wpdm-auth-form-title\">Connexion au compte<\/h1>\n                    <p class=\"wpdm-auth-form-desc\">Saisissez vos identifiants pour acc\u00e9der \u00e0 votre compte et reprendre l\u00e0 o\u00f9 vous en \u00e9tiez.<\/p>\n                <\/div>\n                                <form name=\"loginform\" id=\"loginform\" action=\"\" method=\"post\">\n                    <input type=\"hidden\" name=\"permalink\" value=\"https:\/\/www.hiweigh.com\/fr\/login\/\" \/>\n\n                    <!-- Alerts -->\n                    <div id=\"__signin_msg\">\n                                            <\/div>\n\n                    \n                    <!-- Email -->\n                    <div class=\"wpdm-auth-field\">\n                        <div class=\"wpdm-auth-input-wrap\">\n                            <input type=\"text\" name=\"wpdm_login[log]\" id=\"user_login\" class=\"wpdm-auth-input\" required placeholder=\"ID de l\u2019e-mail\" autocomplete=\"username\" \/>\n                        <\/div>\n                    <\/div>\n\n                    <!-- Password -->\n                    <div class=\"wpdm-auth-field\">\n                        <div class=\"wpdm-auth-input-wrap\">\n                            <input type=\"password\" name=\"wpdm_login[pwd]\" id=\"password\" class=\"wpdm-auth-input has-toggle\" required placeholder=\"Mot de passe\" autocomplete=\"current-password\" \/>\n                            <button type=\"button\" class=\"wpdm-auth-pwd-toggle\" onclick=\"wpdmTogglePwd()\" aria-label=\"Toggle password visibility\">\n                                <svg id=\"wpdm-eye\" viewBox=\"0 0 24 24\" fill=\"none\" stroke=\"currentColor\" stroke-width=\"2\"><path d=\"M1 12s4-8 11-8 11 8 11 8-4 8-11 8-11-8-11-8z\"\/><circle cx=\"12\" cy=\"12\" r=\"3\"\/><\/svg>\n                                <svg id=\"wpdm-eye-off\" style=\"display:none\" viewBox=\"0 0 24 24\" fill=\"none\" stroke=\"currentColor\" stroke-width=\"2\"><path d=\"M17.94 17.94A10.07 10.07 0 0 1 12 20c-7 0-11-8-11-8a18.45 18.45 0 0 1 5.06-5.94M9.9 4.24A9.12 9.12 0 0 1 12 4c7 0 11 8 11 8a18.5 18.5 0 0 1-2.16 3.19m-6.72-1.07a3 3 0 1 1-4.24-4.24\"\/><line x1=\"1\" y1=\"1\" x2=\"23\" y2=\"23\"\/><\/svg>\n                            <\/button>\n                        <\/div>\n                    <\/div>\n\n                    <!-- Hidden hash -->\n                                        <input type=\"hidden\" name=\"__phash\" id=\"__phash\" value=\"OsqK8HI6Z8ZcN-9fArpL7lRYxW58rO2HJRKJQ05IwI-rTv_RlPbes-cgJhBfB-VskZF5A5YKU8--OFivsBvg4RZjvv9CEDBMNwgdOaveSAjzYeroHp6cM1hLnG3-FLg_R8UDgoTFflMzwjbAjDF9OtQI_l39VIJJbfgDH37magn4yd_kCnyGYaaqnMaX2bWx4WKOLnr31fs_4QCT5P2j5V0Vhiu7rQyzBRroUOfTQipo\" \/>\n\n                    \n                                        \n                    <!-- Remember & Forgot -->\n                    <div class=\"wpdm-auth-meta\">\n                        <label class=\"wpdm-auth-remember\">\n                            <input type=\"checkbox\" name=\"rememberme\" id=\"rememberme\" value=\"forever\" \/>\n                            <span class=\"wpdm-auth-check\">\n                                <svg viewBox=\"0 0 24 24\" fill=\"none\" stroke=\"currentColor\" stroke-width=\"3\"><polyline points=\"20 6 9 17 4 12\"\/><\/svg>\n                            <\/span>\n                            <span>Gardez-moi connect\u00e9<\/span>\n                        <\/label>\n                        <a href=\"https:\/\/www.hiweigh.com\/login\/?action=lostpassword\" class=\"wpdm-auth-forgot\">Mot de passe oubli\u00e9\u00a0?<\/a>\n                    <\/div>\n\n                    <!-- Submit -->\n                    <button type=\"submit\" name=\"wp-submit\" id=\"loginform-submit\" class=\"wpdm-auth-btn\">\n                        <span>Connexion<\/span>\n                    <\/button>\n\n                    <!-- Register Link -->\n                                            <div class=\"wpdm-auth-link\">\n                            Vous n\u2019avez pas de compte\u00a0?                            <a href=\"https:\/\/www.hiweigh.com\/register\/\">Abonnez-vous<\/a>\n                        <\/div>\n                    \n                    <input type=\"hidden\" name=\"redirect_to\" value=\"\/fr\/wp-json\/wp\/v2\/pages\/5527\" \/>\n                <\/form>\n\n                <!-- Social Login -->\n                \n                            <\/div>\n        <\/div>\n    <\/div>\n<\/div>\n\n<script data-jetpack-boost=\"ignore\">\nfunction wpdmTogglePwd() {\n    var pwd = document.getElementById('password');\n    var eye = document.getElementById('wpdm-eye');\n    var eyeOff = document.getElementById('wpdm-eye-off');\n    if (pwd.type === 'password') {\n        pwd.type = 'text';\n        eye.style.display = 'none';\n        eyeOff.style.display = 'block';\n    } else {\n        pwd.type = 'password';\n        eye.style.display = 'block';\n        eyeOff.style.display = 'none';\n    }\n}\n\njQuery(function ($) {\n        var $btn = $('#loginform-submit');\n    var btnHtml = $btn.html();\n\n    $('#loginform').submit(function () {\n        $btn.html('<span class=\"wpdm-auth-spinner\"><\/span><span>Connexion\u2026<\/span>').attr('disabled', 'disabled');\n\n        $(this).ajaxSubmit({\n            error: function(error) {\n                if(typeof error.responseJSON !== 'undefined') {\n                    showErr(error.responseJSON.messages || error.responseJSON.message);\n                    $btn.html(btnHtml).removeAttr('disabled');\n                                    } else {\n                    setTimeout(function () {\n                        location.href = \"\/fr\/wp-json\/wp\/v2\/pages\/5527\";\n                    }, 1000);\n                }\n            },\n            success: async function (res) {\n                if (!res.success) {\n                    showErr(res.message);\n                    $btn.html(btnHtml).removeAttr('disabled');\n                                    } else {\n                    let proceed = await WPDM.doAction(\"wpdm_user_login\", res);\n                    $btn.html('<svg viewBox=\"0 0 24 24\" width=\"16\" height=\"16\" fill=\"none\" stroke=\"currentColor\" stroke-width=\"2\"><path d=\"M22 11.08V12a10 10 0 1 1-5.93-9.14\"\/><polyline points=\"22 4 12 14.01 9 11.01\"\/><\/svg><span>' + res.message + '<\/span>');\n                    setTimeout(function () {\n                        location.href = \"\/fr\/wp-json\/wp\/v2\/pages\/5527\";\n                    }, 1000);\n                }\n            }\n        });\n        return false;\n    });\n    \n    function showErr(msg) {\n        $('#loginform .wpdm-auth-alert.error').remove();\n        var html = '<div class=\"wpdm-auth-alert error\">' +\n            '<svg viewBox=\"0 0 24 24\" fill=\"none\" stroke=\"currentColor\" stroke-width=\"2\"><circle cx=\"12\" cy=\"12\" r=\"10\"\/><line x1=\"15\" y1=\"9\" x2=\"9\" y2=\"15\"\/><line x1=\"9\" y1=\"9\" x2=\"15\" y2=\"15\"\/><\/svg>' +\n            '<span>' + msg + '<\/span><\/div>';\n        $('#loginform').prepend(html);\n    }\n\n    $('body').on('click', '.wpdm-auth-alert.error', function(){\n        $(this).slideUp(150, function() { $(this).remove(); });\n    });\n});\n<\/script>\n\n","protected":false},"excerpt":{"rendered":"HIWEIGH Ravi de vous revoir Heureux de vous revoir Connectez-vous pour acc\u00e9der \u00e0 votre compte, g\u00e9rer vos t\u00e9l\u00e9chargements et d\u00e9couvrir toutes les fonctionnalit\u00e9s \u00e0 votre disposition. Connexion au compte Saisissez vos identifiants pour acc\u00e9der \u00e0 votre compte et reprendre l\u00e0 o\u00f9 vous en \u00e9tiez. Gardez-moi connect\u00e9 Mot de passe oubli\u00e9\u00a0? Connexion Vous n\u2019avez pas de [...]","protected":false},"author":1,"featured_media":0,"parent":0,"menu_order":0,"comment_status":"closed","ping_status":"closed","template":"","meta":{"footnotes":""},"class_list":["post-5527","page","type-page","status-publish","hentry"],"_links":{"self":[{"href":"https:\/\/www.hiweigh.com\/fr\/wp-json\/wp\/v2\/pages\/5527","targetHints":{"allow":["GET"]}}],"collection":[{"href":"https:\/\/www.hiweigh.com\/fr\/wp-json\/wp\/v2\/pages"}],"about":[{"href":"https:\/\/www.hiweigh.com\/fr\/wp-json\/wp\/v2\/types\/page"}],"author":[{"embeddable":true,"href":"https:\/\/www.hiweigh.com\/fr\/wp-json\/wp\/v2\/users\/1"}],"replies":[{"embeddable":true,"href":"https:\/\/www.hiweigh.com\/fr\/wp-json\/wp\/v2\/comments?post=5527"}],"version-history":[{"count":1,"href":"https:\/\/www.hiweigh.com\/fr\/wp-json\/wp\/v2\/pages\/5527\/revisions"}],"predecessor-version":[{"id":5533,"href":"https:\/\/www.hiweigh.com\/fr\/wp-json\/wp\/v2\/pages\/5527\/revisions\/5533"}],"wp:attachment":[{"href":"https:\/\/www.hiweigh.com\/fr\/wp-json\/wp\/v2\/media?parent=5527"}],"curies":[{"name":"wp","href":"https:\/\/api.w.org\/{rel}","templated":true}]}}