{"id":5649,"date":"2017-01-18T09:43:13","date_gmt":"2017-01-18T09:43:13","guid":{"rendered":"http:\/\/www.hiweigh.com\/download\/"},"modified":"2022-07-28T09:23:02","modified_gmt":"2022-07-28T09:23:02","slug":"soutien","status":"publish","type":"page","link":"https:\/\/www.hiweigh.com\/fr\/soutien\/","title":{"rendered":"Soutien"},"content":{"rendered":"<div class=\"wpb-content-wrapper\"><p>[vc_row rt_row_background_width=\u00a0\u00bbdefault\u00a0\u00bb rt_row_style=\u00a0\u00bbdefault-style\u00a0\u00bb rt_row_borders=\u00a0\u00bb\u00a0\u00bb rt_row_paddings=\u00a0\u00bbtrue\u00a0\u00bb rt_bg_effect=\u00a0\u00bbclassic\u00a0\u00bb rt_bg_image_repeat=\u00a0\u00bbrepeat\u00a0\u00bb rt_bg_size=\u00a0\u00bbcover\u00a0\u00bb rt_bg_position=\u00a0\u00bbright top\u00a0\u00bb rt_bg_attachment=\u00a0\u00bbscroll\u00a0\u00bb rt_bg_video_format=\u00a0\u00bbself-hosted\u00a0\u00bb][vc_column width=\u00a0\u00bb1\/3&Prime; rt_wrp_col_paddings=\u00a0\u00bbfalse\u00a0\u00bb rt_border_top=\u00a0\u00bb\u00a0\u00bb rt_border_bottom=\u00a0\u00bb\u00a0\u00bb rt_border_left=\u00a0\u00bb\u00a0\u00bb rt_border_right=\u00a0\u00bb\u00a0\u00bb rt_border_top_mobile=\u00a0\u00bb\u00a0\u00bb rt_border_bottom_mobile=\u00a0\u00bb\u00a0\u00bb rt_border_left_mobile=\u00a0\u00bb\u00a0\u00bb rt_border_right_mobile=\u00a0\u00bb\u00a0\u00bb rt_bg_image_repeat=\u00a0\u00bbrepeat\u00a0\u00bb rt_bg_size=\u00a0\u00bbauto auto\u00a0\u00bb rt_bg_position=\u00a0\u00bbright top\u00a0\u00bb rt_bg_attachment=\u00a0\u00bbscroll\u00a0\u00bb]<article   class=\"image-content-box content-box box-style-1 left\"><div class=\"featured_image_holder\"><a href=\"https:\/\/www.hiweigh.com\/catalogs\/\" title=\"Go to CATALOGS\" target=\"_self\"><img decoding=\"async\" class=\"img-responsive\" src=\"https:\/\/www.hiweigh.com\/wp-content\/uploads\/2022\/07\/Catalog-1.png\" alt=\"\" \/><\/a><\/div><div class=\"text-holder\">\n\t<h3 class=\"heading\" >\n\t\t<a href=\"https:\/\/www.hiweigh.com\/catalogs\/\" title=\"Catalogues\" target=\"_self\" >\n\t\t\tCatalogues\n\t\t<\/a>\n\t<\/h3> <p>Catalogue ma\u00eetre et catalogues industriels sp\u00e9cifi\u00e9s<\/p>\n<a class=\"read_more\" href=\"https:\/\/www.hiweigh.com\/catalogs\/\" title=\"Go to CATALOGS\" target=\"_self\" >Go to CATALOGS<\/a><\/div><\/article>[\/vc_column][vc_column width=\u00a0\u00bb1\/3&Prime; rt_wrp_col_paddings=\u00a0\u00bbfalse\u00a0\u00bb rt_border_top=\u00a0\u00bb\u00a0\u00bb rt_border_bottom=\u00a0\u00bb\u00a0\u00bb rt_border_left=\u00a0\u00bb\u00a0\u00bb rt_border_right=\u00a0\u00bb\u00a0\u00bb rt_border_top_mobile=\u00a0\u00bb\u00a0\u00bb rt_border_bottom_mobile=\u00a0\u00bb\u00a0\u00bb rt_border_left_mobile=\u00a0\u00bb\u00a0\u00bb rt_border_right_mobile=\u00a0\u00bb\u00a0\u00bb rt_bg_image_repeat=\u00a0\u00bbrepeat\u00a0\u00bb rt_bg_size=\u00a0\u00bbauto auto\u00a0\u00bb rt_bg_position=\u00a0\u00bbright top\u00a0\u00bb rt_bg_attachment=\u00a0\u00bbscroll\u00a0\u00bb]<article   class=\"image-content-box content-box box-style-1 left\"><div class=\"featured_image_holder\"><a href=\"https:\/\/www.hiweigh.com\/manuals\/\" title=\"Go to MANUALS\" target=\"_self\"><img decoding=\"async\" class=\"img-responsive\" src=\"https:\/\/www.hiweigh.com\/wp-content\/uploads\/2022\/06\/K7\u8bf4\u660e\u4e66-\u6df1\u8272-01.jpg\" alt=\"\" \/><\/a><\/div><div class=\"text-holder\">\n\t<h3 class=\"heading\" >\n\t\t<a href=\"https:\/\/www.hiweigh.com\/manuals\/\" title=\"Manuels d\u2019utilisateur\" target=\"_self\" >\n\t\t\tManuels d\u2019utilisateur\n\t\t<\/a>\n\t<\/h3> <p>Manuels d\u2019utilisateur des indicateurs, balances, accessoires, etc.<\/p>\n<a class=\"read_more\" href=\"https:\/\/www.hiweigh.com\/manuals\/\" title=\"Go to MANUALS\" target=\"_self\" >Go to MANUALS<\/a><\/div><\/article>[\/vc_column][vc_column width=\u00a0\u00bb1\/3&Prime; rt_wrp_col_paddings=\u00a0\u00bbfalse\u00a0\u00bb rt_border_top=\u00a0\u00bb\u00a0\u00bb rt_border_bottom=\u00a0\u00bb\u00a0\u00bb rt_border_left=\u00a0\u00bb\u00a0\u00bb rt_border_right=\u00a0\u00bb\u00a0\u00bb rt_border_top_mobile=\u00a0\u00bb\u00a0\u00bb rt_border_bottom_mobile=\u00a0\u00bb\u00a0\u00bb rt_border_left_mobile=\u00a0\u00bb\u00a0\u00bb rt_border_right_mobile=\u00a0\u00bb\u00a0\u00bb rt_bg_image_repeat=\u00a0\u00bbrepeat\u00a0\u00bb rt_bg_size=\u00a0\u00bbauto auto\u00a0\u00bb rt_bg_position=\u00a0\u00bbright top\u00a0\u00bb rt_bg_attachment=\u00a0\u00bbscroll\u00a0\u00bb]<article   class=\"image-content-box content-box box-style-1 left\"><div class=\"featured_image_holder\"><a href=\"https:\/\/www.hiweigh.com\/certificates\/\" title=\"Go to CERTIFICATES\" target=\"_self\"><img decoding=\"async\" class=\"img-responsive\" src=\"https:\/\/www.hiweigh.com\/wp-content\/uploads\/2020\/11\/OIML-6.jpg\" alt=\"\" \/><\/a><\/div><div class=\"text-holder\">\n\t<h4 class=\"heading\" >\n\t\t<a href=\"https:\/\/www.hiweigh.com\/certificates\/\" title=\"Certifications\" target=\"_self\" >\n\t\t\tCertifications\n\t\t<\/a>\n\t<\/h4> <p>Certificats de CE, homologation de type CE, OIML, ISO et plus.<\/p>\n<a class=\"read_more\" href=\"https:\/\/www.hiweigh.com\/certificates\/\" title=\"Go to CERTIFICATES\" target=\"_self\" >Go to CERTIFICATES<\/a><\/div><\/article>[\/vc_column][\/vc_row][vc_row rt_row_background_width=\u00a0\u00bbdefault\u00a0\u00bb rt_row_style=\u00a0\u00bbdefault-style\u00a0\u00bb rt_row_borders=\u00a0\u00bb\u00a0\u00bb rt_row_paddings=\u00a0\u00bbtrue\u00a0\u00bb rt_bg_effect=\u00a0\u00bbclassic\u00a0\u00bb rt_bg_image_repeat=\u00a0\u00bbrepeat\u00a0\u00bb rt_bg_size=\u00a0\u00bbcover\u00a0\u00bb rt_bg_position=\u00a0\u00bbright top\u00a0\u00bb rt_bg_attachment=\u00a0\u00bbscroll\u00a0\u00bb rt_bg_video_format=\u00a0\u00bbself-hosted\u00a0\u00bb][vc_column width=\u00a0\u00bb1\/2&Prime; rt_wrp_col_paddings=\u00a0\u00bbfalse\u00a0\u00bb rt_border_top=\u00a0\u00bb\u00a0\u00bb rt_border_bottom=\u00a0\u00bb\u00a0\u00bb rt_border_left=\u00a0\u00bb\u00a0\u00bb rt_border_right=\u00a0\u00bb\u00a0\u00bb rt_border_top_mobile=\u00a0\u00bb\u00a0\u00bb rt_border_bottom_mobile=\u00a0\u00bb\u00a0\u00bb rt_border_left_mobile=\u00a0\u00bb\u00a0\u00bb rt_border_right_mobile=\u00a0\u00bb\u00a0\u00bb rt_bg_image_repeat=\u00a0\u00bbrepeat\u00a0\u00bb rt_bg_size=\u00a0\u00bbauto auto\u00a0\u00bb rt_bg_position=\u00a0\u00bbright top\u00a0\u00bb rt_bg_attachment=\u00a0\u00bbscroll\u00a0\u00bb]<article   class=\"image-content-box content-box box-style-1 left\"><div class=\"featured_image_holder\"><a href=\"https:\/\/www.hiweigh.com\/videos\/\" title=\"go to VIDEOS\" target=\"_self\"><img decoding=\"async\" class=\"img-responsive\" src=\"https:\/\/www.hiweigh.com\/wp-content\/uploads\/2022\/07\/X2-EN.png\" alt=\"\" \/><\/a><\/div><div class=\"text-holder\">\n\t<h4 class=\"heading\" >\n\t\t<a href=\"https:\/\/www.hiweigh.com\/videos\/\" title=\"Vid\u00e9o\" target=\"_self\" >\n\t\t\tVid\u00e9o\n\t\t<\/a>\n\t<\/h4> <p>Trieuse pond\u00e9rale en mouvement, niveleuses en ligne, et plus<\/p>\n<a class=\"read_more\" href=\"https:\/\/www.hiweigh.com\/videos\/\" title=\"go to VIDEOS\" target=\"_self\" >go to VIDEOS<\/a><\/div><\/article>[\/vc_column][vc_column width=\u00a0\u00bb1\/2&Prime; rt_wrp_col_paddings=\u00a0\u00bbfalse\u00a0\u00bb rt_border_top=\u00a0\u00bb\u00a0\u00bb rt_border_bottom=\u00a0\u00bb\u00a0\u00bb rt_border_left=\u00a0\u00bb\u00a0\u00bb rt_border_right=\u00a0\u00bb\u00a0\u00bb rt_border_top_mobile=\u00a0\u00bb\u00a0\u00bb rt_border_bottom_mobile=\u00a0\u00bb\u00a0\u00bb rt_border_left_mobile=\u00a0\u00bb\u00a0\u00bb rt_border_right_mobile=\u00a0\u00bb\u00a0\u00bb rt_bg_image_repeat=\u00a0\u00bbrepeat\u00a0\u00bb rt_bg_size=\u00a0\u00bbauto auto\u00a0\u00bb rt_bg_position=\u00a0\u00bbright top\u00a0\u00bb rt_bg_attachment=\u00a0\u00bbscroll\u00a0\u00bb]<article   class=\"image-content-box content-box box-style-1 left\"><div class=\"featured_image_holder\"><a href=\"https:\/\/www.hiweigh.com\/software\/\" title=\"go to SOFTWARE\" target=\"_self\"><img decoding=\"async\" class=\"img-responsive\" src=\"https:\/\/www.hiweigh.com\/wp-content\/uploads\/2022\/06\/software-3.png\" alt=\"\" \/><\/a><\/div><div class=\"text-holder\">\n\t<h4 class=\"heading\" >\n\t\t<a href=\"https:\/\/www.hiweigh.com\/software\/\" title=\"Logiciel\" target=\"_self\" >\n\t\t\tLogiciel\n\t\t<\/a>\n\t<\/h4> <p>Logiciel de d\u00e9bogage RS232, logiciel de d\u00e9bogage WiFi, Hscaler et Hscaler2 pour appareil Android *, et plus encore<\/p>\n<a class=\"read_more\" href=\"https:\/\/www.hiweigh.com\/software\/\" title=\"go to SOFTWARE\" target=\"_self\" >go to SOFTWARE<\/a><\/div><\/article>[\/vc_column][\/vc_row]<\/p>\n<\/div>","protected":false},"excerpt":{"rendered":"<p>[vc_row rt_row_background_width=\u00a0\u00bbdefault\u00a0\u00bb rt_row_style=\u00a0\u00bbdefault-style\u00a0\u00bb rt_row_borders=\u00a0\u00bb\u00a0\u00bb rt_row_paddings=\u00a0\u00bbtrue\u00a0\u00bb rt_bg_effect=\u00a0\u00bbclassic\u00a0\u00bb rt_bg_image_repeat=\u00a0\u00bbrepeat\u00a0\u00bb rt_bg_size=\u00a0\u00bbcover\u00a0\u00bb rt_bg_position=\u00a0\u00bbright top\u00a0\u00bb rt_bg_attachment=\u00a0\u00bbscroll\u00a0\u00bb rt_bg_video_format=\u00a0\u00bbself-hosted\u00a0\u00bb][vc_column width=\u00a0\u00bb1\/3&Prime; rt_wrp_col_paddings=\u00a0\u00bbfalse\u00a0\u00bb rt_border_top=\u00a0\u00bb\u00a0\u00bb rt_border_bottom=\u00a0\u00bb\u00a0\u00bb rt_border_left=\u00a0\u00bb\u00a0\u00bb rt_border_right=\u00a0\u00bb\u00a0\u00bb rt_border_top_mobile=\u00a0\u00bb\u00a0\u00bb rt_border_bottom_mobile=\u00a0\u00bb\u00a0\u00bb rt_border_left_mobile=\u00a0\u00bb\u00a0\u00bb rt_border_right_mobile=\u00a0\u00bb\u00a0\u00bb rt_bg_image_repeat=\u00a0\u00bbrepeat\u00a0\u00bb rt_bg_size=\u00a0\u00bbauto auto\u00a0\u00bb rt_bg_position=\u00a0\u00bbright top\u00a0\u00bb rt_bg_attachment=\u00a0\u00bbscroll\u00a0\u00bb][\/vc_column][vc_column width=\u00a0\u00bb1\/3&Prime; rt_wrp_col_paddings=\u00a0\u00bbfalse\u00a0\u00bb rt_border_top=\u00a0\u00bb\u00a0\u00bb rt_border_bottom=\u00a0\u00bb\u00a0\u00bb rt_border_left=\u00a0\u00bb\u00a0\u00bb rt_border_right=\u00a0\u00bb\u00a0\u00bb rt_border_top_mobile=\u00a0\u00bb\u00a0\u00bb rt_border_bottom_mobile=\u00a0\u00bb\u00a0\u00bb rt_border_left_mobile=\u00a0\u00bb\u00a0\u00bb rt_border_right_mobile=\u00a0\u00bb\u00a0\u00bb rt_bg_image_repeat=\u00a0\u00bbrepeat\u00a0\u00bb rt_bg_size=\u00a0\u00bbauto auto\u00a0\u00bb rt_bg_position=\u00a0\u00bbright top\u00a0\u00bb rt_bg_attachment=\u00a0\u00bbscroll\u00a0\u00bb][\/vc_column][vc_column width=\u00a0\u00bb1\/3&Prime; rt_wrp_col_paddings=\u00a0\u00bbfalse\u00a0\u00bb rt_border_top=\u00a0\u00bb\u00a0\u00bb rt_border_bottom=\u00a0\u00bb\u00a0\u00bb rt_border_left=\u00a0\u00bb\u00a0\u00bb rt_border_right=\u00a0\u00bb\u00a0\u00bb rt_border_top_mobile=\u00a0\u00bb\u00a0\u00bb rt_border_bottom_mobile=\u00a0\u00bb\u00a0\u00bb rt_border_left_mobile=\u00a0\u00bb\u00a0\u00bb rt_border_right_mobile=\u00a0\u00bb\u00a0\u00bb rt_bg_image_repeat=\u00a0\u00bbrepeat\u00a0\u00bb [&hellip;]<\/p>\n","protected":false},"author":1,"featured_media":0,"parent":0,"menu_order":0,"comment_status":"closed","ping_status":"closed","template":"","meta":{"footnotes":""},"class_list":["post-5649","page","type-page","status-publish","hentry"],"_links":{"self":[{"href":"https:\/\/www.hiweigh.com\/fr\/wp-json\/wp\/v2\/pages\/5649","targetHints":{"allow":["GET"]}}],"collection":[{"href":"https:\/\/www.hiweigh.com\/fr\/wp-json\/wp\/v2\/pages"}],"about":[{"href":"https:\/\/www.hiweigh.com\/fr\/wp-json\/wp\/v2\/types\/page"}],"author":[{"embeddable":true,"href":"https:\/\/www.hiweigh.com\/fr\/wp-json\/wp\/v2\/users\/1"}],"replies":[{"embeddable":true,"href":"https:\/\/www.hiweigh.com\/fr\/wp-json\/wp\/v2\/comments?post=5649"}],"version-history":[{"count":8,"href":"https:\/\/www.hiweigh.com\/fr\/wp-json\/wp\/v2\/pages\/5649\/revisions"}],"predecessor-version":[{"id":21242,"href":"https:\/\/www.hiweigh.com\/fr\/wp-json\/wp\/v2\/pages\/5649\/revisions\/21242"}],"wp:attachment":[{"href":"https:\/\/www.hiweigh.com\/fr\/wp-json\/wp\/v2\/media?parent=5649"}],"curies":[{"name":"wp","href":"https:\/\/api.w.org\/{rel}","templated":true}]}}