{"id":5660,"date":"2017-01-16T07:07:29","date_gmt":"2017-01-16T07:07:29","guid":{"rendered":"http:\/\/www.hiweigh.com\/industries\/"},"modified":"2025-12-11T07:06:22","modified_gmt":"2025-12-11T07:06:22","slug":"industries","status":"publish","type":"page","link":"https:\/\/www.hiweigh.com\/fr\/industries\/","title":{"rendered":"INDUSTRIES"},"content":{"rendered":"<div class=\"wpb-content-wrapper\"><p>[vc_row rt_row_background_width=\u00a0\u00bbdefault\u00a0\u00bb rt_row_style=\u00a0\u00bbdefault-style\u00a0\u00bb rt_row_borders=\u00a0\u00bb\u00a0\u00bb rt_row_paddings=\u00a0\u00bbtrue\u00a0\u00bb rt_bg_effect=\u00a0\u00bbclassic\u00a0\u00bb rt_bg_image_repeat=\u00a0\u00bbrepeat\u00a0\u00bb rt_bg_size=\u00a0\u00bbcover\u00a0\u00bb rt_bg_position=\u00a0\u00bbright top\u00a0\u00bb rt_bg_attachment=\u00a0\u00bbscroll\u00a0\u00bb rt_bg_video_format=\u00a0\u00bbself-hosted\u00a0\u00bb class=\u00a0\u00bbindustries-list\u00a0\u00bb][vc_column width=\u00a0\u00bb1\/3&Prime; rt_wrp_col_paddings=\u00a0\u00bbfalse\u00a0\u00bb rt_border_top=\u00a0\u00bb\u00a0\u00bb rt_border_bottom=\u00a0\u00bb\u00a0\u00bb rt_border_left=\u00a0\u00bb\u00a0\u00bb rt_border_right=\u00a0\u00bb\u00a0\u00bb rt_border_top_mobile=\u00a0\u00bb\u00a0\u00bb rt_border_bottom_mobile=\u00a0\u00bb\u00a0\u00bb rt_border_left_mobile=\u00a0\u00bb\u00a0\u00bb rt_border_right_mobile=\u00a0\u00bb\u00a0\u00bb rt_bg_image_repeat=\u00a0\u00bbrepeat\u00a0\u00bb rt_bg_size=\u00a0\u00bbauto auto\u00a0\u00bb rt_bg_position=\u00a0\u00bbright top\u00a0\u00bb rt_bg_attachment=\u00a0\u00bbscroll\u00a0\u00bb]<article   class=\"image-content-box content-box box-style-1 left\"><div class=\"featured_image_holder\"style=\"margin-bottom:10px;\"><a href=\"https:\/\/www.hiweigh.com\/fr\/products\/systemes-de-pesage-industriels\/\" title=\"Explore more\" target=\"_self\"><img decoding=\"async\" class=\"img-responsive\" src=\"https:\/\/www.hiweigh.com\/wp-content\/uploads\/2025\/11\/industial-weighing-systems-2.jpg\" alt=\"industrial weighing scale indicators\" \/><\/a><\/div><div class=\"text-holder\">\n\t<h1 class=\"heading\" >\n\t\t<a href=\"https:\/\/www.hiweigh.com\/fr\/products\/systemes-de-pesage-industriels\/\" title=\"Syst\u00e8mes de pesage industriels\" target=\"_self\" >\n\t\t\tSyst\u00e8mes de pesage industriels\n\t\t<\/a>\n\t<\/h1> <p><span class=\"jCAhz ChMk0b\"><span class=\"ryNqvb\">Les indicateurs de pesage sont largement utilis\u00e9s dans les balances au sol, les balances de table et les ponts-bascules.<\/span><\/span> <span class=\"jCAhz ChMk0b\"><span class=\"ryNqvb\">Ils offrent un affichage clair du poids, le stockage des donn\u00e9es et la connectivit\u00e9 pour des op\u00e9rations de pesage efficaces.<\/span><\/span><\/p>\n<a class=\"read_more\" href=\"https:\/\/www.hiweigh.com\/fr\/products\/systemes-de-pesage-industriels\/\" title=\"Explore more\" target=\"_self\" >Explore more<\/a><\/div><\/article>[\/vc_column][vc_column width=\u00a0\u00bb1\/3&Prime; rt_wrp_col_paddings=\u00a0\u00bbfalse\u00a0\u00bb rt_border_top=\u00a0\u00bb\u00a0\u00bb rt_border_bottom=\u00a0\u00bb\u00a0\u00bb rt_border_left=\u00a0\u00bb\u00a0\u00bb rt_border_right=\u00a0\u00bb\u00a0\u00bb rt_border_top_mobile=\u00a0\u00bb\u00a0\u00bb rt_border_bottom_mobile=\u00a0\u00bb\u00a0\u00bb rt_border_left_mobile=\u00a0\u00bb\u00a0\u00bb rt_border_right_mobile=\u00a0\u00bb\u00a0\u00bb rt_bg_image_repeat=\u00a0\u00bbrepeat\u00a0\u00bb rt_bg_size=\u00a0\u00bbauto auto\u00a0\u00bb rt_bg_position=\u00a0\u00bbright top\u00a0\u00bb rt_bg_attachment=\u00a0\u00bbscroll\u00a0\u00bb]<article   class=\"image-content-box content-box box-style-1 left\"><div class=\"featured_image_holder\"style=\"margin-bottom:10px;\"><a href=\"https:\/\/www.hiweigh.com\/fr\/products\/fabrication-et-assemblage\/\" title=\"Explore more\" target=\"_self\"><img decoding=\"async\" class=\"img-responsive\" src=\"https:\/\/www.hiweigh.com\/wp-content\/uploads\/2025\/11\/manufacturing-and-assembly.png\" alt=\"entire stainless steel platform scale for factory\" \/><\/a><\/div><div class=\"text-holder\">\n\t<h1 class=\"heading\" >\n\t\t<a href=\"https:\/\/www.hiweigh.com\/fr\/products\/fabrication-et-assemblage\/\" title=\"Fabrication et assemblage\" target=\"_self\" >\n\t\t\tFabrication et assemblage\n\t\t<\/a>\n\t<\/h1> <p>Les balances \u00e0 plate-forme prennent en charge une large gamme de flux de travail de fabrication, du pesage des composants \u00e0 l&rsquo;inspection finale du produit, garantissant un rendement constant et une efficacit\u00e9 op\u00e9rationnelle.<\/p>\n<a class=\"read_more\" href=\"https:\/\/www.hiweigh.com\/fr\/products\/fabrication-et-assemblage\/\" title=\"Explore more\" target=\"_self\" >Explore more<\/a><\/div><\/article>[\/vc_column][vc_column width=\u00a0\u00bb1\/3&Prime; rt_wrp_col_paddings=\u00a0\u00bbfalse\u00a0\u00bb rt_border_top=\u00a0\u00bb\u00a0\u00bb rt_border_bottom=\u00a0\u00bb\u00a0\u00bb rt_border_left=\u00a0\u00bb\u00a0\u00bb rt_border_right=\u00a0\u00bb\u00a0\u00bb rt_border_top_mobile=\u00a0\u00bb\u00a0\u00bb rt_border_bottom_mobile=\u00a0\u00bb\u00a0\u00bb rt_border_left_mobile=\u00a0\u00bb\u00a0\u00bb rt_border_right_mobile=\u00a0\u00bb\u00a0\u00bb rt_bg_image_repeat=\u00a0\u00bbrepeat\u00a0\u00bb rt_bg_size=\u00a0\u00bbauto auto\u00a0\u00bb rt_bg_position=\u00a0\u00bbright top\u00a0\u00bb rt_bg_attachment=\u00a0\u00bbscroll\u00a0\u00bb]<article   class=\"image-content-box content-box box-style-1 left\"><div class=\"featured_image_holder\"style=\"margin-bottom:10px;\"><a href=\"https:\/\/www.hiweigh.com\/fr\/products\/transport-et-pesee-des-vehicules\/\" title=\"Explore more\" target=\"_self\"><img decoding=\"async\" class=\"img-responsive\" src=\"https:\/\/www.hiweigh.com\/wp-content\/uploads\/2025\/11\/Transportation-and-Vehicle-Weighing-2.jpg\" alt=\"truck & car weighing scale\" \/><\/a><\/div><div class=\"text-holder\">\n\t<h1 class=\"heading\" >\n\t\t<a href=\"https:\/\/www.hiweigh.com\/fr\/products\/transport-et-pesee-des-vehicules\/\" title=\"Transport et pes\u00e9e des v\u00e9hicules\" target=\"_self\" >\n\t\t\tTransport et pes\u00e9e des v\u00e9hicules\n\t\t<\/a>\n\t<\/h1> <p><span class=\"HwtZe\" lang=\"fr\"><span class=\"jCAhz ChMk0b\"><span class=\"ryNqvb\">Les ponts-bascules sont essentiels dans les centres logistiques, les chantiers de construction et le transport agricole pour garantir la conformit\u00e9 de la charge des v\u00e9hicules et optimiser la gestion du fret.<\/span><\/span><\/span><\/p>\n<a class=\"read_more\" href=\"https:\/\/www.hiweigh.com\/fr\/products\/transport-et-pesee-des-vehicules\/\" title=\"Explore more\" target=\"_self\" >Explore more<\/a><\/div><\/article>[\/vc_column][\/vc_row][vc_row rt_row_background_width=\u00a0\u00bbdefault\u00a0\u00bb rt_row_style=\u00a0\u00bbdefault-style\u00a0\u00bb rt_row_borders=\u00a0\u00bb\u00a0\u00bb rt_row_paddings=\u00a0\u00bbtrue\u00a0\u00bb rt_bg_effect=\u00a0\u00bbclassic\u00a0\u00bb rt_bg_image_repeat=\u00a0\u00bbrepeat\u00a0\u00bb rt_bg_size=\u00a0\u00bbcover\u00a0\u00bb rt_bg_position=\u00a0\u00bbright top\u00a0\u00bb rt_bg_attachment=\u00a0\u00bbscroll\u00a0\u00bb rt_bg_video_format=\u00a0\u00bbself-hosted\u00a0\u00bb class=\u00a0\u00bbindustries-list\u00a0\u00bb][vc_column width=\u00a0\u00bb1\/3&Prime; rt_wrp_col_paddings=\u00a0\u00bbfalse\u00a0\u00bb rt_border_top=\u00a0\u00bb\u00a0\u00bb rt_border_bottom=\u00a0\u00bb\u00a0\u00bb rt_border_left=\u00a0\u00bb\u00a0\u00bb rt_border_right=\u00a0\u00bb\u00a0\u00bb rt_border_top_mobile=\u00a0\u00bb\u00a0\u00bb rt_border_bottom_mobile=\u00a0\u00bb\u00a0\u00bb rt_border_left_mobile=\u00a0\u00bb\u00a0\u00bb rt_border_right_mobile=\u00a0\u00bb\u00a0\u00bb rt_bg_image_repeat=\u00a0\u00bbrepeat\u00a0\u00bb rt_bg_size=\u00a0\u00bbauto auto\u00a0\u00bb rt_bg_position=\u00a0\u00bbright top\u00a0\u00bb rt_bg_attachment=\u00a0\u00bbscroll\u00a0\u00bb]<article   class=\"image-content-box content-box box-style-1 left\"><div class=\"featured_image_holder\"style=\"margin-bottom:10px;\"><a href=\"https:\/\/www.hiweigh.com\/fr\/products\/elevage\/\" title=\"Explore more\" target=\"_self\"><img decoding=\"async\" class=\"img-responsive\" src=\"https:\/\/www.hiweigh.com\/wp-content\/uploads\/2025\/07\/load-bars.jpg\" alt=\"livestock load bars\" \/><\/a><\/div><div class=\"text-holder\">\n\t<h1 class=\"heading\" >\n\t\t<a href=\"https:\/\/www.hiweigh.com\/fr\/products\/elevage\/\" title=\"\u00c9levage\" target=\"_self\" >\n\t\t\t\u00c9levage\n\t\t<\/a>\n\t<\/h1> <p>Les syst\u00e8mes de pesage intelligents pour le b\u00e9tail, des poutres de pes\u00e9e aux balances \u00e0 goulotte, sont con\u00e7us pour les fermes, robustes, pr\u00e9cis, fiables et sans danger pour les animaux pour une utilisation quotidienne.<\/p>\n<a class=\"read_more\" href=\"https:\/\/www.hiweigh.com\/fr\/products\/elevage\/\" title=\"Explore more\" target=\"_self\" >Explore more<\/a><\/div><\/article>[\/vc_column][vc_column width=\u00a0\u00bb1\/3&Prime; rt_wrp_col_paddings=\u00a0\u00bbfalse\u00a0\u00bb rt_border_top=\u00a0\u00bb\u00a0\u00bb rt_border_bottom=\u00a0\u00bb\u00a0\u00bb rt_border_left=\u00a0\u00bb\u00a0\u00bb rt_border_right=\u00a0\u00bb\u00a0\u00bb rt_border_top_mobile=\u00a0\u00bb\u00a0\u00bb rt_border_bottom_mobile=\u00a0\u00bb\u00a0\u00bb rt_border_left_mobile=\u00a0\u00bb\u00a0\u00bb rt_border_right_mobile=\u00a0\u00bb\u00a0\u00bb rt_bg_image_repeat=\u00a0\u00bbrepeat\u00a0\u00bb rt_bg_size=\u00a0\u00bbauto auto\u00a0\u00bb rt_bg_position=\u00a0\u00bbright top\u00a0\u00bb rt_bg_attachment=\u00a0\u00bbscroll\u00a0\u00bb]<article   class=\"image-content-box content-box box-style-1 left\"><div class=\"featured_image_holder\"style=\"margin-bottom:10px;\"><a href=\"https:\/\/www.hiweigh.com\/fr\/products\/transformation-des-aliments\/\" title=\"Explore more\" target=\"_self\"><img decoding=\"async\" class=\"img-responsive\" src=\"https:\/\/www.hiweigh.com\/wp-content\/uploads\/2025\/11\/food-processing-weigh-1.png\" alt=\"IP68 waterproof scale for meat\" \/><\/a><\/div><div class=\"text-holder\">\n\t<h1 class=\"heading\" >\n\t\t<a href=\"https:\/\/www.hiweigh.com\/fr\/products\/transformation-des-aliments\/\" title=\"Transformation des aliments\" target=\"_self\" >\n\t\t\tTransformation des aliments\n\t\t<\/a>\n\t<\/h1> <p>Solutions de pesage alimentaire con\u00e7ues pour la pr\u00e9cision, la durabilit\u00e9 au lavage et le respect strict des r\u00e8gles d&rsquo;hygi\u00e8ne pour une large gamme de transformations alimentaires telles que la viande, le poisson, les l\u00e9gumes et plus encore.<\/p>\n<a class=\"read_more\" href=\"https:\/\/www.hiweigh.com\/fr\/products\/transformation-des-aliments\/\" title=\"Explore more\" target=\"_self\" >Explore more<\/a><\/div><\/article>[\/vc_column][vc_column width=\u00a0\u00bb1\/3&Prime; rt_wrp_col_paddings=\u00a0\u00bbfalse\u00a0\u00bb rt_border_top=\u00a0\u00bb\u00a0\u00bb rt_border_bottom=\u00a0\u00bb\u00a0\u00bb rt_border_left=\u00a0\u00bb\u00a0\u00bb rt_border_right=\u00a0\u00bb\u00a0\u00bb rt_border_top_mobile=\u00a0\u00bb\u00a0\u00bb rt_border_bottom_mobile=\u00a0\u00bb\u00a0\u00bb rt_border_left_mobile=\u00a0\u00bb\u00a0\u00bb rt_border_right_mobile=\u00a0\u00bb\u00a0\u00bb rt_bg_image_repeat=\u00a0\u00bbrepeat\u00a0\u00bb rt_bg_size=\u00a0\u00bbauto auto\u00a0\u00bb rt_bg_position=\u00a0\u00bbright top\u00a0\u00bb rt_bg_attachment=\u00a0\u00bbscroll\u00a0\u00bb]<article   class=\"image-content-box content-box box-style-1 left\"><div class=\"featured_image_holder\"style=\"margin-bottom:10px;\"><a href=\"https:\/\/www.hiweigh.com\/fr\/products\/entreposage-et-logistique\/\" title=\"Explore more\" target=\"_self\"><img decoding=\"async\" class=\"img-responsive\" src=\"https:\/\/www.hiweigh.com\/wp-content\/uploads\/2025\/11\/Warehousing-and-Logistics-1-1-scaled.jpg\" alt=\"industrial floor scale\" \/><\/a><\/div><div class=\"text-holder\">\n\t<h1 class=\"heading\" >\n\t\t<a href=\"https:\/\/www.hiweigh.com\/fr\/products\/entreposage-et-logistique\/\" title=\"Entreposage et logistique\" target=\"_self\" >\n\t\t\tEntreposage et logistique\n\t\t<\/a>\n\t<\/h1> <p><span class=\"jCAhz ChMk0b\"><span class=\"ryNqvb\">Solutions de pesage professionnelles pour les secteurs de l&rsquo;entreposage et de la logistique, notamment des balances pour chariots \u00e9l\u00e9vateurs et des balances pour grues.<\/span><\/span> <span class=\"jCAhz ChMk0b\"><span class=\"ryNqvb\">Am\u00e9liorez l&rsquo;efficacit\u00e9, la s\u00e9curit\u00e9 et le contr\u00f4le des stocks gr\u00e2ce \u00e0 des balances industrielles pr\u00e9cises et durables.<\/span><\/span><\/p>\n<a class=\"read_more\" href=\"https:\/\/www.hiweigh.com\/fr\/products\/entreposage-et-logistique\/\" title=\"Explore more\" target=\"_self\" >Explore more<\/a><\/div><\/article>[\/vc_column][\/vc_row][vc_row rt_row_background_width=\u00a0\u00bbdefault\u00a0\u00bb rt_row_style=\u00a0\u00bbdefault-style\u00a0\u00bb rt_row_borders=\u00a0\u00bb\u00a0\u00bb rt_row_paddings=\u00a0\u00bbtrue\u00a0\u00bb rt_bg_effect=\u00a0\u00bbclassic\u00a0\u00bb rt_bg_image_repeat=\u00a0\u00bbrepeat\u00a0\u00bb rt_bg_size=\u00a0\u00bbcover\u00a0\u00bb rt_bg_position=\u00a0\u00bbright top\u00a0\u00bb rt_bg_attachment=\u00a0\u00bbscroll\u00a0\u00bb rt_bg_video_format=\u00a0\u00bbself-hosted\u00a0\u00bb class=\u00a0\u00bbindustries-list\u00a0\u00bb][vc_column width=\u00a0\u00bb1\/3&Prime; rt_wrp_col_paddings=\u00a0\u00bbfalse\u00a0\u00bb rt_border_top=\u00a0\u00bb\u00a0\u00bb rt_border_bottom=\u00a0\u00bb\u00a0\u00bb rt_border_left=\u00a0\u00bb\u00a0\u00bb rt_border_right=\u00a0\u00bb\u00a0\u00bb rt_border_top_mobile=\u00a0\u00bb\u00a0\u00bb rt_border_bottom_mobile=\u00a0\u00bb\u00a0\u00bb rt_border_left_mobile=\u00a0\u00bb\u00a0\u00bb rt_border_right_mobile=\u00a0\u00bb\u00a0\u00bb rt_bg_image_repeat=\u00a0\u00bbrepeat\u00a0\u00bb rt_bg_size=\u00a0\u00bbauto auto\u00a0\u00bb rt_bg_position=\u00a0\u00bbright top\u00a0\u00bb rt_bg_attachment=\u00a0\u00bbscroll\u00a0\u00bb]<article   class=\"image-content-box content-box box-style-1 left\"><div class=\"featured_image_holder\"style=\"margin-bottom:10px;\"><a href=\"https:\/\/www.hiweigh.com\/fr\/products\/solutions-de-laboratoire\/\" title=\"Explore more\" target=\"_self\"><img decoding=\"async\" class=\"img-responsive\" src=\"https:\/\/www.hiweigh.com\/wp-content\/uploads\/2025\/07\/Lab-weighing.jpg\" alt=\"Viscometer for laboratory\" \/><\/a><\/div><div class=\"text-holder\">\n\t<h1 class=\"heading\" >\n\t\t<a href=\"https:\/\/www.hiweigh.com\/fr\/products\/solutions-de-laboratoire\/\" title=\"Solutions de laboratoire\" target=\"_self\" >\n\t\t\tSolutions de laboratoire\n\t\t<\/a>\n\t<\/h1> <p>Les solutions de pesage de laboratoire comprennent des balances analytiques, des balances de pr\u00e9cision, des poids de test et d&rsquo;autres accessoires id\u00e9aux pour les applications de recherche, pharmaceutiques et de test n\u00e9cessitant une pr\u00e9cision au milligramme.<\/p>\n<a class=\"read_more\" href=\"https:\/\/www.hiweigh.com\/fr\/products\/solutions-de-laboratoire\/\" title=\"Explore more\" target=\"_self\" >Explore more<\/a><\/div><\/article>[\/vc_column][vc_column width=\u00a0\u00bb1\/3&Prime; rt_wrp_col_paddings=\u00a0\u00bbfalse\u00a0\u00bb rt_border_top=\u00a0\u00bb\u00a0\u00bb rt_border_bottom=\u00a0\u00bb\u00a0\u00bb rt_border_left=\u00a0\u00bb\u00a0\u00bb rt_border_right=\u00a0\u00bb\u00a0\u00bb rt_border_top_mobile=\u00a0\u00bb\u00a0\u00bb rt_border_bottom_mobile=\u00a0\u00bb\u00a0\u00bb rt_border_left_mobile=\u00a0\u00bb\u00a0\u00bb rt_border_right_mobile=\u00a0\u00bb\u00a0\u00bb rt_bg_image_repeat=\u00a0\u00bbrepeat\u00a0\u00bb rt_bg_size=\u00a0\u00bbauto auto\u00a0\u00bb rt_bg_position=\u00a0\u00bbright top\u00a0\u00bb rt_bg_attachment=\u00a0\u00bbscroll\u00a0\u00bb]<article   class=\"image-content-box content-box box-style-1 left\"><div class=\"featured_image_holder\"style=\"margin-bottom:10px;\"><a href=\"https:\/\/www.hiweigh.com\/fr\/products\/poids-de-test\/\" title=\"Explore more\" target=\"_self\"><img decoding=\"async\" class=\"img-responsive\" src=\"https:\/\/www.hiweigh.com\/wp-content\/uploads\/2025\/12\/testweight-1.jpg\" alt=\"test weights manufacturer\" \/><\/a><\/div><div class=\"text-holder\">\n\t<h1 class=\"heading\" >\n\t\t<a href=\"https:\/\/www.hiweigh.com\/fr\/products\/poids-de-test\/\" title=\"Poids d'\u00e9talonnage et de test\" target=\"_self\" >\n\t\t\tPoids d'\u00e9talonnage et de test\n\t\t<\/a>\n\t<\/h1> <div class=\"lRu31\" dir=\"ltr\"><span class=\"HwtZe\" lang=\"fr\"><span class=\"jCAhz ChMk0b\"><span class=\"ryNqvb\">Nous proposons des poids de contr\u00f4le certifi\u00e9s dans diff\u00e9rentes classes de pr\u00e9cision et mat\u00e9riaux pour r\u00e9pondre aux besoins des fabricants de balances industrielles, des techniciens de maintenance et des laboratoires de m\u00e9trologie.<\/span><\/span><\/span><\/div>\n<a class=\"read_more\" href=\"https:\/\/www.hiweigh.com\/fr\/products\/poids-de-test\/\" title=\"Explore more\" target=\"_self\" >Explore more<\/a><\/div><\/article>[\/vc_column][vc_column width=\u00a0\u00bb1\/3&Prime; rt_wrp_col_paddings=\u00a0\u00bbfalse\u00a0\u00bb rt_border_top=\u00a0\u00bb\u00a0\u00bb rt_border_bottom=\u00a0\u00bb\u00a0\u00bb rt_border_left=\u00a0\u00bb\u00a0\u00bb rt_border_right=\u00a0\u00bb\u00a0\u00bb rt_border_top_mobile=\u00a0\u00bb\u00a0\u00bb rt_border_bottom_mobile=\u00a0\u00bb\u00a0\u00bb rt_border_left_mobile=\u00a0\u00bb\u00a0\u00bb rt_border_right_mobile=\u00a0\u00bb\u00a0\u00bb rt_bg_image_repeat=\u00a0\u00bbrepeat\u00a0\u00bb rt_bg_size=\u00a0\u00bbauto auto\u00a0\u00bb rt_bg_position=\u00a0\u00bbright top\u00a0\u00bb rt_bg_attachment=\u00a0\u00bbscroll\u00a0\u00bb]<article   class=\"image-content-box content-box box-style-1 left\"><div class=\"featured_image_holder\"style=\"margin-bottom:10px;\"><a href=\"https:\/\/www.hiweigh.com\/fr\/products\/veterinaire-et-animal-de-compagnie\/\" title=\"Explore more\" target=\"_self\"><img decoding=\"async\" class=\"img-responsive\" src=\"https:\/\/www.hiweigh.com\/wp-content\/uploads\/2025\/11\/Veterinary-and-Pet-Care-scaled.jpg\" alt=\"Vete\" \/><\/a><\/div><div class=\"text-holder\">\n\t<h1 class=\"heading\" >\n\t\t<a href=\"https:\/\/www.hiweigh.com\/fr\/products\/veterinaire-et-animal-de-compagnie\/\" title=\"V\u00e9t\u00e9rinaire et animal de compagnie\" target=\"_self\" >\n\t\t\tV\u00e9t\u00e9rinaire et animal de compagnie\n\t\t<\/a>\n\t<\/h1> <p>Les balances pour animaux de compagnie sont largement utilis\u00e9es dans les cliniques v\u00e9t\u00e9rinaires, les refuges pour animaux et les centres de toilettage, aidant \u00e0 surveiller la sant\u00e9 des animaux gr\u00e2ce \u00e0 un suivi du poids doux et pr\u00e9cis.<\/p>\n<a class=\"read_more\" href=\"https:\/\/www.hiweigh.com\/fr\/products\/veterinaire-et-animal-de-compagnie\/\" title=\"Explore more\" target=\"_self\" >Explore more<\/a><\/div><\/article>[\/vc_column][\/vc_row]<\/p>\n<\/div>","protected":false},"excerpt":{"rendered":"<p>[vc_row rt_row_background_width=\u00a0\u00bbdefault\u00a0\u00bb rt_row_style=\u00a0\u00bbdefault-style\u00a0\u00bb rt_row_borders=\u00a0\u00bb\u00a0\u00bb rt_row_paddings=\u00a0\u00bbtrue\u00a0\u00bb rt_bg_effect=\u00a0\u00bbclassic\u00a0\u00bb rt_bg_image_repeat=\u00a0\u00bbrepeat\u00a0\u00bb rt_bg_size=\u00a0\u00bbcover\u00a0\u00bb rt_bg_position=\u00a0\u00bbright top\u00a0\u00bb rt_bg_attachment=\u00a0\u00bbscroll\u00a0\u00bb rt_bg_video_format=\u00a0\u00bbself-hosted\u00a0\u00bb class=\u00a0\u00bbindustries-list\u00a0\u00bb][vc_column width=\u00a0\u00bb1\/3&Prime; rt_wrp_col_paddings=\u00a0\u00bbfalse\u00a0\u00bb rt_border_top=\u00a0\u00bb\u00a0\u00bb rt_border_bottom=\u00a0\u00bb\u00a0\u00bb rt_border_left=\u00a0\u00bb\u00a0\u00bb rt_border_right=\u00a0\u00bb\u00a0\u00bb rt_border_top_mobile=\u00a0\u00bb\u00a0\u00bb rt_border_bottom_mobile=\u00a0\u00bb\u00a0\u00bb rt_border_left_mobile=\u00a0\u00bb\u00a0\u00bb rt_border_right_mobile=\u00a0\u00bb\u00a0\u00bb rt_bg_image_repeat=\u00a0\u00bbrepeat\u00a0\u00bb rt_bg_size=\u00a0\u00bbauto auto\u00a0\u00bb rt_bg_position=\u00a0\u00bbright top\u00a0\u00bb rt_bg_attachment=\u00a0\u00bbscroll\u00a0\u00bb][\/vc_column][vc_column width=\u00a0\u00bb1\/3&Prime; rt_wrp_col_paddings=\u00a0\u00bbfalse\u00a0\u00bb rt_border_top=\u00a0\u00bb\u00a0\u00bb rt_border_bottom=\u00a0\u00bb\u00a0\u00bb rt_border_left=\u00a0\u00bb\u00a0\u00bb rt_border_right=\u00a0\u00bb\u00a0\u00bb rt_border_top_mobile=\u00a0\u00bb\u00a0\u00bb rt_border_bottom_mobile=\u00a0\u00bb\u00a0\u00bb rt_border_left_mobile=\u00a0\u00bb\u00a0\u00bb rt_border_right_mobile=\u00a0\u00bb\u00a0\u00bb rt_bg_image_repeat=\u00a0\u00bbrepeat\u00a0\u00bb rt_bg_size=\u00a0\u00bbauto auto\u00a0\u00bb rt_bg_position=\u00a0\u00bbright top\u00a0\u00bb rt_bg_attachment=\u00a0\u00bbscroll\u00a0\u00bb][\/vc_column][vc_column width=\u00a0\u00bb1\/3&Prime; rt_wrp_col_paddings=\u00a0\u00bbfalse\u00a0\u00bb rt_border_top=\u00a0\u00bb\u00a0\u00bb rt_border_bottom=\u00a0\u00bb\u00a0\u00bb rt_border_left=\u00a0\u00bb\u00a0\u00bb rt_border_right=\u00a0\u00bb\u00a0\u00bb rt_border_top_mobile=\u00a0\u00bb\u00a0\u00bb rt_border_bottom_mobile=\u00a0\u00bb\u00a0\u00bb rt_border_left_mobile=\u00a0\u00bb\u00a0\u00bb rt_border_right_mobile=\u00a0\u00bb\u00a0\u00bb [&hellip;]<\/p>\n","protected":false},"author":1,"featured_media":0,"parent":0,"menu_order":0,"comment_status":"closed","ping_status":"closed","template":"","meta":{"footnotes":""},"class_list":["post-5660","page","type-page","status-publish","hentry"],"_links":{"self":[{"href":"https:\/\/www.hiweigh.com\/fr\/wp-json\/wp\/v2\/pages\/5660","targetHints":{"allow":["GET"]}}],"collection":[{"href":"https:\/\/www.hiweigh.com\/fr\/wp-json\/wp\/v2\/pages"}],"about":[{"href":"https:\/\/www.hiweigh.com\/fr\/wp-json\/wp\/v2\/types\/page"}],"author":[{"embeddable":true,"href":"https:\/\/www.hiweigh.com\/fr\/wp-json\/wp\/v2\/users\/1"}],"replies":[{"embeddable":true,"href":"https:\/\/www.hiweigh.com\/fr\/wp-json\/wp\/v2\/comments?post=5660"}],"version-history":[{"count":10,"href":"https:\/\/www.hiweigh.com\/fr\/wp-json\/wp\/v2\/pages\/5660\/revisions"}],"predecessor-version":[{"id":26010,"href":"https:\/\/www.hiweigh.com\/fr\/wp-json\/wp\/v2\/pages\/5660\/revisions\/26010"}],"wp:attachment":[{"href":"https:\/\/www.hiweigh.com\/fr\/wp-json\/wp\/v2\/media?parent=5660"}],"curies":[{"name":"wp","href":"https:\/\/api.w.org\/{rel}","templated":true}]}}