{"id":5916,"date":"2015-02-02T04:30:47","date_gmt":"2015-02-02T04:30:47","guid":{"rendered":"http:\/\/www.hiweigh.com\/contact-us\/"},"modified":"2025-04-28T08:09:59","modified_gmt":"2025-04-28T08:09:59","slug":"contactez-nous","status":"publish","type":"page","link":"https:\/\/www.hiweigh.com\/fr\/contactez-nous\/","title":{"rendered":"Contactez-nous"},"content":{"rendered":"<div class=\"wpb-content-wrapper\"><p>[vc_row disable_element=\u00a0\u00bbyes\u00a0\u00bb rt_row_background_width=\u00a0\u00bbfullwidth\u00a0\u00bb rt_row_content_width=\u00a0\u00bbfullwidth\u00a0\u00bb rt_row_style=\u00a0\u00bbdefault-style\u00a0\u00bb rt_row_borders=\u00a0\u00bb\u00a0\u00bb rt_row_paddings=\u00a0\u00bbfalse\u00a0\u00bb rt_bg_effect=\u00a0\u00bbclassic\u00a0\u00bb rt_bg_image_repeat=\u00a0\u00bbrepeat\u00a0\u00bb rt_bg_size=\u00a0\u00bbcover\u00a0\u00bb rt_bg_position=\u00a0\u00bbright top\u00a0\u00bb rt_bg_attachment=\u00a0\u00bbscroll\u00a0\u00bb rt_bg_video_format=\u00a0\u00bbself-hosted\u00a0\u00bb rt_row_no_padding=\u00a0\u00bbfalse\u00a0\u00bb][vc_column rt_wrp_col_paddings=\u00a0\u00bbfalse\u00a0\u00bb rt_border_top=\u00a0\u00bb\u00a0\u00bb rt_border_bottom=\u00a0\u00bb\u00a0\u00bb rt_border_left=\u00a0\u00bb\u00a0\u00bb rt_border_right=\u00a0\u00bb\u00a0\u00bb rt_border_top_mobile=\u00a0\u00bb\u00a0\u00bb rt_border_bottom_mobile=\u00a0\u00bb\u00a0\u00bb rt_border_left_mobile=\u00a0\u00bb\u00a0\u00bb rt_border_right_mobile=\u00a0\u00bb\u00a0\u00bb rt_bg_image_repeat=\u00a0\u00bbrepeat\u00a0\u00bb rt_bg_size=\u00a0\u00bbauto auto\u00a0\u00bb rt_bg_position=\u00a0\u00bbright top\u00a0\u00bb rt_bg_attachment=\u00a0\u00bbscroll\u00a0\u00bb]<div class=\"google_map_holder\" data-height=\"500\" data-scope=\"#map-660061\" data-bw=\"\">\n\n\t\t\t<div id=\"map-660061\" class=\"google_map\"><\/div>\n\t\t\t<script type=\"text\/javascript\">\n\t\t\t \/* <![CDATA[ *\/ \n\t\t\t\t\/\/ Runs google maps\t\n\t\t\t\t\tjQuery(function() {\n\t\t\t\t\t\tjQuery(\"#map-660061\").rt_maps([[\"Eifel Tower\", 48.8582285, 2.2943877000000157, 4,\"Location description for Eifel Tower\"],[\"Big Ben\", 51.5007046, -0.12457480000000487, 4,\"Location description for Big Ben\"],[\"Leaning Tower of Pisa\", 43.722952, 10.396596999999929, 4,\"Location description for Pisa Tower\"],],10); \n\t\t\t\t\t});\n\t\t\t\/* ]]> *\/\t\n\t\t\t<\/script>\n\n\t\t<\/div>[\/vc_column][\/vc_row][vc_row rt_row_background_width=\u00a0\u00bbfullwidth\u00a0\u00bb rt_row_content_width=\u00a0\u00bbdefault\u00a0\u00bb rt_row_style=\u00a0\u00bbdefault-style\u00a0\u00bb rt_row_borders=\u00a0\u00bb\u00a0\u00bb rt_grid=\u00a0\u00bbtrue\u00a0\u00bb rt_row_paddings=\u00a0\u00bbtrue\u00a0\u00bb rt_bg_effect=\u00a0\u00bbclassic\u00a0\u00bb rt_bg_image_repeat=\u00a0\u00bbrepeat\u00a0\u00bb rt_bg_size=\u00a0\u00bbcover\u00a0\u00bb rt_bg_position=\u00a0\u00bbright top\u00a0\u00bb rt_bg_attachment=\u00a0\u00bbscroll\u00a0\u00bb rt_bg_video_format=\u00a0\u00bbself-hosted\u00a0\u00bb][vc_column width=\u00a0\u00bb1\/4&Prime; rt_wrp_col_paddings=\u00a0\u00bbfalse\u00a0\u00bb rt_border_top=\u00a0\u00bb\u00a0\u00bb rt_border_bottom=\u00a0\u00bb\u00a0\u00bb rt_border_left=\u00a0\u00bb\u00a0\u00bb rt_border_right=\u00a0\u00bb\u00a0\u00bb rt_border_top_mobile=\u00a0\u00bb\u00a0\u00bb rt_border_bottom_mobile=\u00a0\u00bb\u00a0\u00bb rt_border_left_mobile=\u00a0\u00bb\u00a0\u00bb rt_border_right_mobile=\u00a0\u00bb\u00a0\u00bb rt_bg_image_repeat=\u00a0\u00bbrepeat\u00a0\u00bb rt_bg_size=\u00a0\u00bbauto auto\u00a0\u00bb rt_bg_position=\u00a0\u00bbright top\u00a0\u00bb rt_bg_attachment=\u00a0\u00bbscroll\u00a0\u00bb][vc_single_image image=\u00a0\u00bb19112&Prime; img_size=\u00a0\u00bbfull\u00a0\u00bb alignment=\u00a0\u00bbcenter\u00a0\u00bb style=\u00a0\u00bbvc_box_border\u00a0\u00bb][\/vc_column][vc_column width=\u00a0\u00bb3\/4&Prime; rt_wrp_col_paddings=\u00a0\u00bbfalse\u00a0\u00bb rt_border_top=\u00a0\u00bb\u00a0\u00bb rt_border_bottom=\u00a0\u00bb\u00a0\u00bb rt_border_left=\u00a0\u00bb\u00a0\u00bb rt_border_right=\u00a0\u00bb\u00a0\u00bb rt_border_top_mobile=\u00a0\u00bb\u00a0\u00bb rt_border_bottom_mobile=\u00a0\u00bb\u00a0\u00bb rt_border_left_mobile=\u00a0\u00bb\u00a0\u00bb rt_border_right_mobile=\u00a0\u00bb\u00a0\u00bb rt_bg_image_repeat=\u00a0\u00bbrepeat\u00a0\u00bb rt_bg_size=\u00a0\u00bbauto auto\u00a0\u00bb rt_bg_position=\u00a0\u00bbright top\u00a0\u00bb rt_bg_attachment=\u00a0\u00bbscroll\u00a0\u00bb]<div class=\"rt_heading_wrapper style-6\">\n\t\t\t\t\t\t<h5 class=\"rt_heading  style-6\" >Emplacement de l&rsquo;usine<\/h5>\n\t\t\t\t\t<\/div>\t \n\t\t<div  class=\"with_icons style-3 \">\n\t\t\t \n\t\t<div  >\n\t\t<span class=\"icon-address icon\"><\/span><div class=\"list-content\"><p>Factory Address: No. 438, Huxie Road, WuzhongDistrict, Suzhou, Jiangsu, China<br \/>\nOffice Address: Room 1912, Building 3, Tiandu Tower, No. 211 Changjiang Road, Suzhou City, Jiangsu Province, China<\/p>\n<\/div>\n\t\t<\/div>\n\t\t \n\t\t<div  >\n\t\t<span class=\"icon-phone icon\"><\/span><div class=\"list-content\"><p>+86-512-66580776<\/p>\n<\/div>\n\t\t<\/div>\n\t\t \n\t\t<div  >\n\t\t<span class=\"icon-mail-1 icon\"><\/span><div class=\"list-content\"><p><a href=\"mailto:info@hiweigh.com\">info@hiweigh.com<\/a><\/p>\n<\/div>\n\t\t<\/div>\n\t\n\t\t<\/div>\n\t[\/vc_column][\/vc_row][vc_row rt_row_background_width=\u00a0\u00bbfullwidth\u00a0\u00bb rt_row_content_width=\u00a0\u00bbdefault\u00a0\u00bb rt_row_style=\u00a0\u00bbalt-style-1&Prime; rt_row_borders=\u00a0\u00bb\u00a0\u00bb rt_row_paddings=\u00a0\u00bbtrue\u00a0\u00bb rt_bg_effect=\u00a0\u00bbclassic\u00a0\u00bb rt_bg_image_repeat=\u00a0\u00bbrepeat\u00a0\u00bb rt_bg_size=\u00a0\u00bbcover\u00a0\u00bb rt_bg_position=\u00a0\u00bbright top\u00a0\u00bb rt_bg_attachment=\u00a0\u00bbscroll\u00a0\u00bb rt_bg_video_format=\u00a0\u00bbself-hosted\u00a0\u00bb][vc_column rt_wrp_col_paddings=\u00a0\u00bbfalse\u00a0\u00bb rt_border_top=\u00a0\u00bb\u00a0\u00bb rt_border_bottom=\u00a0\u00bb\u00a0\u00bb rt_border_left=\u00a0\u00bb\u00a0\u00bb rt_border_right=\u00a0\u00bb\u00a0\u00bb rt_border_top_mobile=\u00a0\u00bb\u00a0\u00bb rt_border_bottom_mobile=\u00a0\u00bb\u00a0\u00bb rt_border_left_mobile=\u00a0\u00bb\u00a0\u00bb rt_border_right_mobile=\u00a0\u00bb\u00a0\u00bb rt_bg_image_repeat=\u00a0\u00bbrepeat\u00a0\u00bb rt_bg_size=\u00a0\u00bbauto auto\u00a0\u00bb rt_bg_position=\u00a0\u00bbright top\u00a0\u00bb rt_bg_attachment=\u00a0\u00bbscroll\u00a0\u00bb][vc_row_inner rt_row_style=\u00a0\u00bbglobal-style\u00a0\u00bb rt_row_borders=\u00a0\u00bb\u00a0\u00bb rt_row_paddings=\u00a0\u00bbtrue\u00a0\u00bb rt_bg_effect=\u00a0\u00bbclassic\u00a0\u00bb rt_bg_image_repeat=\u00a0\u00bbrepeat\u00a0\u00bb rt_bg_size=\u00a0\u00bbcover\u00a0\u00bb rt_bg_position=\u00a0\u00bbright top\u00a0\u00bb rt_bg_attachment=\u00a0\u00bbscroll\u00a0\u00bb rt_bg_video_format=\u00a0\u00bbself-hosted\u00a0\u00bb][vc_column_inner width=\u00a0\u00bb1\/2&Prime; rt_wrp_col_paddings=\u00a0\u00bbfalse\u00a0\u00bb rt_border_top=\u00a0\u00bb\u00a0\u00bb rt_border_bottom=\u00a0\u00bb\u00a0\u00bb rt_border_left=\u00a0\u00bb\u00a0\u00bb rt_border_right=\u00a0\u00bb\u00a0\u00bb rt_border_top_mobile=\u00a0\u00bb\u00a0\u00bb rt_border_bottom_mobile=\u00a0\u00bb\u00a0\u00bb rt_border_left_mobile=\u00a0\u00bb\u00a0\u00bb rt_border_right_mobile=\u00a0\u00bb\u00a0\u00bb rt_bg_image_repeat=\u00a0\u00bbrepeat\u00a0\u00bb rt_bg_size=\u00a0\u00bbauto auto\u00a0\u00bb rt_bg_position=\u00a0\u00bbright top\u00a0\u00bb rt_bg_attachment=\u00a0\u00bbscroll\u00a0\u00bb][vc_column_text]<\/p>\n<h3>Factory<\/h3>\n<p><iframe loading=\"lazy\" style=\"border: 0;\" src=\"https:\/\/www.google.com\/maps\/embed?pb=!1m18!1m12!1m3!1d17326.67097474029!2d120.5514573398126!3d31.184340167968!2m3!1f0!2f0!3f0!3m2!1i1024!2i768!4f13.1!3m3!1m2!1s0x35b30c89eec0bd51%3A0xfb757540f356cf21!2z5Lit5Zu95rGf6IuP55yB6IuP5bee5biC5ZC05Lit5Yy65aSp6bmF6I2h6Lev!5e0!3m2!1szh-CN!2s!4v1688021527904!5m2!1szh-CN!2s\" width=\"100%\" height=\"450\" allowfullscreen=\"allowfullscreen\"><\/iframe>[\/vc_column_text][\/vc_column_inner][vc_column_inner width=\u00a0\u00bb1\/2&Prime; rt_wrp_col_paddings=\u00a0\u00bbfalse\u00a0\u00bb rt_border_top=\u00a0\u00bb\u00a0\u00bb rt_border_bottom=\u00a0\u00bb\u00a0\u00bb rt_border_left=\u00a0\u00bb\u00a0\u00bb rt_border_right=\u00a0\u00bb\u00a0\u00bb rt_border_top_mobile=\u00a0\u00bb\u00a0\u00bb rt_border_bottom_mobile=\u00a0\u00bb\u00a0\u00bb rt_border_left_mobile=\u00a0\u00bb\u00a0\u00bb rt_border_right_mobile=\u00a0\u00bb\u00a0\u00bb rt_bg_image_repeat=\u00a0\u00bbrepeat\u00a0\u00bb rt_bg_size=\u00a0\u00bbauto auto\u00a0\u00bb rt_bg_position=\u00a0\u00bbright top\u00a0\u00bb rt_bg_attachment=\u00a0\u00bbscroll\u00a0\u00bb][vc_column_text]<\/p>\n<h3>Office<\/h3>\n<p><iframe loading=\"lazy\" style=\"border: 0;\" src=\"https:\/\/www.google.com\/maps\/embed?pb=!1m18!1m12!1m3!1d3409.840727411663!2d120.5480121749951!3d31.280500558955037!2m3!1f0!2f0!3f0!3m2!1i1024!2i768!4f13.1!3m3!1m2!1s0x35b30abd669f90d3%3A0xd20738b1a4d639cd!2z5aSp6YO95aSn5Y6m!5e0!3m2!1szh-CN!2s!4v1688021320776!5m2!1szh-CN!2s\" width=\"100%\" height=\"450\" allowfullscreen=\"allowfullscreen\"><\/iframe>[\/vc_column_text][\/vc_column_inner][\/vc_row_inner]<div class=\"rt_heading_wrapper style-6\">\n\t\t\t\t\t\t<h5 class=\"rt_heading  style-6\" >Contactez de<\/h5>\n\t\t\t\t\t<\/div>\n<div class=\"wpcf7 no-js\" id=\"wpcf7-f16684-o1\" lang=\"en-US\" dir=\"ltr\" data-wpcf7-id=\"16684\">\n<div class=\"screen-reader-response\"><p role=\"status\" aria-live=\"polite\" aria-atomic=\"true\"><\/p> <ul><\/ul><\/div>\n<form action=\"\/fr\/wp-json\/wp\/v2\/pages\/5916#wpcf7-f16684-o1\" method=\"post\" class=\"wpcf7-form init\" aria-label=\"Contact form\" novalidate=\"novalidate\" data-status=\"init\">\n<fieldset class=\"hidden-fields-container\"><input type=\"hidden\" name=\"_wpcf7\" value=\"16684\" \/><input type=\"hidden\" name=\"_wpcf7_version\" value=\"6.1.1\" \/><input type=\"hidden\" name=\"_wpcf7_locale\" value=\"en_US\" \/><input type=\"hidden\" name=\"_wpcf7_unit_tag\" value=\"wpcf7-f16684-o1\" \/><input type=\"hidden\" name=\"_wpcf7_container_post\" value=\"0\" \/><input type=\"hidden\" name=\"_wpcf7_posted_data_hash\" value=\"\" \/>\n<\/fieldset>\n<div class=\"contactpg\">\n\t<p><span class=\"wpcf7-form-control-wrap\" data-name=\"text-696\"><input size=\"40\" maxlength=\"400\" class=\"wpcf7-form-control wpcf7-text wpcf7-validates-as-required\" aria-required=\"true\" aria-invalid=\"false\" placeholder=\"votre nom: (*)\" value=\"\" type=\"text\" name=\"text-696\" \/><\/span><br \/>\n<span class=\"wpcf7-form-control-wrap\" data-name=\"email-908\"><input size=\"40\" maxlength=\"400\" class=\"wpcf7-form-control wpcf7-email wpcf7-validates-as-required wpcf7-text wpcf7-validates-as-email\" aria-required=\"true\" aria-invalid=\"false\" placeholder=\"Votre email: (*)\" value=\"\" type=\"email\" name=\"email-908\" \/><\/span><br \/>\n<span class=\"wpcf7-form-control-wrap\" data-name=\"phone\"><input size=\"40\" maxlength=\"400\" class=\"wpcf7-form-control wpcf7-tel wpcf7-validates-as-required wpcf7-text wpcf7-validates-as-tel\" aria-required=\"true\" aria-invalid=\"false\" placeholder=\"num\u00e9ro de t\u00e9l\u00e9phone: (*)\" value=\"\" type=\"tel\" name=\"phone\" \/><\/span><br \/>\n<span class=\"wpcf7-form-control-wrap\" data-name=\"textarea-989\"><textarea cols=\"40\" rows=\"10\" maxlength=\"2000\" class=\"wpcf7-form-control wpcf7-textarea wpcf7-validates-as-required\" aria-required=\"true\" aria-invalid=\"false\" placeholder=\"Votre message: (*)\" name=\"textarea-989\"><\/textarea><\/span><br \/>\n<input type=\"hidden\" name=\"_wpcf7_captcha_challenge_captcha-1\" value=\"4181187218\" \/><img loading=\"lazy\" decoding=\"async\" class=\"wpcf7-form-control wpcf7-captchac wpcf7-captcha-captcha-1\" width=\"72\" height=\"24\" alt=\"captcha\" src=\"https:\/\/www.hiweigh.com\/wp-content\/uploads\/wpcf7_captcha\/4181187218.png\" \/><span class=\"wpcf7-form-control-wrap\" data-name=\"captcha-1\"><input size=\"40\" class=\"wpcf7-form-control wpcf7-captchar mrgtp\" autocomplete=\"off\" aria-invalid=\"false\" placeholder=\"Entrez le code ci-dessus\" value=\"\" type=\"text\" name=\"captcha-1\" \/><\/span><input class=\"wpcf7-form-control wpcf7-submit has-spinner\" type=\"submit\" value=\"Soumettre\" \/>\n\t<\/p>\n<\/div><div class=\"wpcf7-response-output\" aria-hidden=\"true\"><\/div>\n<\/form>\n<\/div>\n[\/vc_column][\/vc_row]<\/p>\n<\/div>","protected":false},"excerpt":{"rendered":"<p>[vc_row disable_element=\u00a0\u00bbyes\u00a0\u00bb rt_row_background_width=\u00a0\u00bbfullwidth\u00a0\u00bb rt_row_content_width=\u00a0\u00bbfullwidth\u00a0\u00bb rt_row_style=\u00a0\u00bbdefault-style\u00a0\u00bb rt_row_borders=\u00a0\u00bb\u00a0\u00bb rt_row_paddings=\u00a0\u00bbfalse\u00a0\u00bb rt_bg_effect=\u00a0\u00bbclassic\u00a0\u00bb rt_bg_image_repeat=\u00a0\u00bbrepeat\u00a0\u00bb rt_bg_size=\u00a0\u00bbcover\u00a0\u00bb rt_bg_position=\u00a0\u00bbright top\u00a0\u00bb rt_bg_attachment=\u00a0\u00bbscroll\u00a0\u00bb rt_bg_video_format=\u00a0\u00bbself-hosted\u00a0\u00bb rt_row_no_padding=\u00a0\u00bbfalse\u00a0\u00bb][vc_column rt_wrp_col_paddings=\u00a0\u00bbfalse\u00a0\u00bb rt_border_top=\u00a0\u00bb\u00a0\u00bb rt_border_bottom=\u00a0\u00bb\u00a0\u00bb rt_border_left=\u00a0\u00bb\u00a0\u00bb rt_border_right=\u00a0\u00bb\u00a0\u00bb rt_border_top_mobile=\u00a0\u00bb\u00a0\u00bb rt_border_bottom_mobile=\u00a0\u00bb\u00a0\u00bb rt_border_left_mobile=\u00a0\u00bb\u00a0\u00bb rt_border_right_mobile=\u00a0\u00bb\u00a0\u00bb rt_bg_image_repeat=\u00a0\u00bbrepeat\u00a0\u00bb rt_bg_size=\u00a0\u00bbauto auto\u00a0\u00bb rt_bg_position=\u00a0\u00bbright top\u00a0\u00bb rt_bg_attachment=\u00a0\u00bbscroll\u00a0\u00bb][\/vc_column][\/vc_row][vc_row rt_row_background_width=\u00a0\u00bbfullwidth\u00a0\u00bb rt_row_content_width=\u00a0\u00bbdefault\u00a0\u00bb rt_row_style=\u00a0\u00bbdefault-style\u00a0\u00bb rt_row_borders=\u00a0\u00bb\u00a0\u00bb rt_grid=\u00a0\u00bbtrue\u00a0\u00bb rt_row_paddings=\u00a0\u00bbtrue\u00a0\u00bb rt_bg_effect=\u00a0\u00bbclassic\u00a0\u00bb rt_bg_image_repeat=\u00a0\u00bbrepeat\u00a0\u00bb rt_bg_size=\u00a0\u00bbcover\u00a0\u00bb rt_bg_position=\u00a0\u00bbright top\u00a0\u00bb rt_bg_attachment=\u00a0\u00bbscroll\u00a0\u00bb rt_bg_video_format=\u00a0\u00bbself-hosted\u00a0\u00bb][vc_column width=\u00a0\u00bb1\/4&Prime; rt_wrp_col_paddings=\u00a0\u00bbfalse\u00a0\u00bb rt_border_top=\u00a0\u00bb\u00a0\u00bb rt_border_bottom=\u00a0\u00bb\u00a0\u00bb rt_border_left=\u00a0\u00bb\u00a0\u00bb rt_border_right=\u00a0\u00bb\u00a0\u00bb rt_border_top_mobile=\u00a0\u00bb\u00a0\u00bb rt_border_bottom_mobile=\u00a0\u00bb\u00a0\u00bb rt_border_left_mobile=\u00a0\u00bb\u00a0\u00bb rt_border_right_mobile=\u00a0\u00bb\u00a0\u00bb rt_bg_image_repeat=\u00a0\u00bbrepeat\u00a0\u00bb rt_bg_size=\u00a0\u00bbauto [&hellip;]<\/p>\n","protected":false},"author":1,"featured_media":0,"parent":0,"menu_order":0,"comment_status":"closed","ping_status":"closed","template":"","meta":{"footnotes":""},"class_list":["post-5916","page","type-page","status-publish","hentry"],"_links":{"self":[{"href":"https:\/\/www.hiweigh.com\/fr\/wp-json\/wp\/v2\/pages\/5916","targetHints":{"allow":["GET"]}}],"collection":[{"href":"https:\/\/www.hiweigh.com\/fr\/wp-json\/wp\/v2\/pages"}],"about":[{"href":"https:\/\/www.hiweigh.com\/fr\/wp-json\/wp\/v2\/types\/page"}],"author":[{"embeddable":true,"href":"https:\/\/www.hiweigh.com\/fr\/wp-json\/wp\/v2\/users\/1"}],"replies":[{"embeddable":true,"href":"https:\/\/www.hiweigh.com\/fr\/wp-json\/wp\/v2\/comments?post=5916"}],"version-history":[{"count":16,"href":"https:\/\/www.hiweigh.com\/fr\/wp-json\/wp\/v2\/pages\/5916\/revisions"}],"predecessor-version":[{"id":23147,"href":"https:\/\/www.hiweigh.com\/fr\/wp-json\/wp\/v2\/pages\/5916\/revisions\/23147"}],"wp:attachment":[{"href":"https:\/\/www.hiweigh.com\/fr\/wp-json\/wp\/v2\/media?parent=5916"}],"curies":[{"name":"wp","href":"https:\/\/api.w.org\/{rel}","templated":true}]}}