{"id":5927,"date":"2015-02-02T04:30:36","date_gmt":"2015-02-02T04:30:36","guid":{"rendered":"http:\/\/www.hiweigh.com\/our-products\/"},"modified":"2025-08-01T02:17:14","modified_gmt":"2025-08-01T02:17:14","slug":"our-products","status":"publish","type":"page","link":"https:\/\/www.hiweigh.com\/fr\/our-products\/","title":{"rendered":"PRODUITS"},"content":{"rendered":"<div class=\"wpb-content-wrapper\"><p>[vc_row rt_row_background_width=\u00a0\u00bbfullwidth\u00a0\u00bb rt_row_content_width=\u00a0\u00bbdefault\u00a0\u00bb rt_row_style=\u00a0\u00bbdefault-style\u00a0\u00bb rt_row_borders=\u00a0\u00bb\u00a0\u00bb rt_row_paddings=\u00a0\u00bbtrue\u00a0\u00bb rt_bg_effect=\u00a0\u00bbclassic\u00a0\u00bb rt_bg_image_repeat=\u00a0\u00bbrepeat\u00a0\u00bb rt_bg_size=\u00a0\u00bbcover\u00a0\u00bb rt_bg_position=\u00a0\u00bbright top\u00a0\u00bb rt_bg_attachment=\u00a0\u00bbscroll\u00a0\u00bb rt_bg_video_format=\u00a0\u00bbself-hosted\u00a0\u00bb][vc_column rt_wrp_col_paddings=\u00a0\u00bbfalse\u00a0\u00bb rt_border_top=\u00a0\u00bb\u00a0\u00bb rt_border_bottom=\u00a0\u00bb\u00a0\u00bb rt_border_left=\u00a0\u00bb\u00a0\u00bb rt_border_right=\u00a0\u00bb\u00a0\u00bb rt_border_top_mobile=\u00a0\u00bb\u00a0\u00bb rt_border_bottom_mobile=\u00a0\u00bb\u00a0\u00bb rt_border_left_mobile=\u00a0\u00bb\u00a0\u00bb rt_border_right_mobile=\u00a0\u00bb\u00a0\u00bb rt_bg_image_repeat=\u00a0\u00bbrepeat\u00a0\u00bb rt_bg_size=\u00a0\u00bbauto auto\u00a0\u00bb rt_bg_position=\u00a0\u00bbright top\u00a0\u00bb rt_bg_attachment=\u00a0\u00bbscroll\u00a0\u00bb]\n<div  class=\"product_holder product-showcase product-showcase-categories clearfix border_grid fixed_heights\" data-column-width=\"4\" >\n<div class=\"row clearfix\">\n<div class=\"col product_item_holder col-sm-3\">\n\n<div class=\"product_item_holder product-showcase-category\">\n\n\t\t\t<!-- product image -->\n\t\t<div class=\"featured_image\"> \n\t\t\t\t<a href=\"https:\/\/www.hiweigh.com\/fr\/products\/indicateurs-de-pesage\/\" title=\"Indicateurs de Pesage\" rel=\"bookmark\">\n\t\t\t\t    <img decoding=\"async\" src=\"https:\/\/www.hiweigh.com\/wp-content\/uploads\/2021\/09\/K1C-1.jpg\" alt=\"LCD weighing indicator\">\n\t\t\t\t\n\t\t\t\t\t\t<\/div> \n\t\n\t\t<div class=\"product_info\">\n\n\t\t\t\t<!-- title-->\n\t\t<h5 class=\"clean_heading\"><a href=\"https:\/\/www.hiweigh.com\/fr\/products\/indicateurs-de-pesage\/\" title=\"Indicateurs de Pesage\" rel=\"bookmark\">Indicateurs de Pesage<span>19<\/span><\/a><\/h5>\n\t\t\n\t\t<!-- text-->\n\t\t<div class=\"lRu31\" dir=\"ltr\"><span class=\"HwtZe\" lang=\"fr\"><span class=\"jCAhz ChMk0b\"><span class=\"ryNqvb\">Les indicateurs de pesage peuvent \u00eatre connect\u00e9s aux balances pour fournir des lectures de poids pr\u00e9cises, y compris des indicateurs g\u00e9n\u00e9raux, des indicateurs de balance pour camions et des indicateurs de contr\u00f4le.<\/span><\/span><\/span><\/div>\n\t<\/div>\n\t\n<\/div><\/div>\n<div class=\"col product_item_holder col-sm-3\">\n\n<div class=\"product_item_holder product-showcase-category\">\n\n\t\t\t<!-- product image -->\n\t\t<div class=\"featured_image\"> \n\t\t\t\t<a href=\"https:\/\/www.hiweigh.com\/fr\/products\/balance-plate-forme\/\" title=\"Balance Plate-forme\" rel=\"bookmark\">\n\t\t\t\t    <img decoding=\"async\" src=\"https:\/\/www.hiweigh.com\/wp-content\/uploads\/2017\/06\/K9T-1.jpg\" alt=\"k9T China-weight-indicator\">\n\t\t\t\t\n\t\t\t\t\t\t<\/div> \n\t\n\t\t<div class=\"product_info\">\n\n\t\t\t\t<!-- title-->\n\t\t<h5 class=\"clean_heading\"><a href=\"https:\/\/www.hiweigh.com\/fr\/products\/balance-plate-forme\/\" title=\"Balance Plate-forme\" rel=\"bookmark\">Balance Plate-forme<span>19<\/span><\/a><\/h5>\n\t\t\n\t\t<!-- text-->\n\t\t<p>Les balances \u00e0 plate-forme conviennent au pesage g\u00e9n\u00e9ral dans les entrep\u00f4ts, les usines, etc. Nous proposons \u00e9galement des balances \u00e0 plate-forme lavables adapt\u00e9es aux usines alimentaires.<\/p>\n\t<\/div>\n\t\n<\/div><\/div>\n<div class=\"col product_item_holder col-sm-3\">\n\n<div class=\"product_item_holder product-showcase-category\">\n\n\t\t\t<!-- product image -->\n\t\t<div class=\"featured_image\"> \n\t\t\t\t<a href=\"https:\/\/www.hiweigh.com\/fr\/products\/pese-betail\/\" title=\"P\u00e8se-b\u00e9tail\" rel=\"bookmark\">\n\t\t\t\t    <img decoding=\"async\" src=\"https:\/\/www.hiweigh.com\/wp-content\/uploads\/2015\/02\/DSC03156-.jpg\" alt=\"\">\n\t\t\t\t\n\t\t\t\t\t\t<\/div> \n\t\n\t\t<div class=\"product_info\">\n\n\t\t\t\t<!-- title-->\n\t\t<h5 class=\"clean_heading\"><a href=\"https:\/\/www.hiweigh.com\/fr\/products\/pese-betail\/\" title=\"P\u00e8se-b\u00e9tail\" rel=\"bookmark\">P\u00e8se-b\u00e9tail<span>10<\/span><\/a><\/h5>\n\t\t\n\t\t<!-- text-->\n\t\t<p>Les balances pour b\u00e9tail con\u00e7ues pour les bovins, les moutons et les porcs, des poutres de pes\u00e9e aux balances \u00e0 goulotte, sont robustes, r\u00e9sistantes \u00e0 la corrosion et \u00e0 l'humidit\u00e9, ce qui les rend id\u00e9ales pour les environnements agricoles.<\/p>\n\t<\/div>\n\t\n<\/div><\/div>\n<div class=\"col product_item_holder col-sm-3\">\n\n<div class=\"product_item_holder product-showcase-category\">\n\n\t\t\t<!-- product image -->\n\t\t<div class=\"featured_image\"> \n\t\t\t\t<a href=\"https:\/\/www.hiweigh.com\/fr\/products\/balance-au-sol\/\" title=\"Balance au sol\" rel=\"bookmark\">\n\t\t\t\t    <img decoding=\"async\" src=\"https:\/\/www.hiweigh.com\/wp-content\/uploads\/2021\/10\/\u4e3b\u56fe2.jpg\" alt=\"\">\n\t\t\t\t\n\t\t\t\t\t\t<\/div> \n\t\n\t\t<div class=\"product_info\">\n\n\t\t\t\t<!-- title-->\n\t\t<h5 class=\"clean_heading\"><a href=\"https:\/\/www.hiweigh.com\/fr\/products\/balance-au-sol\/\" title=\"Balance au sol\" rel=\"bookmark\">Balance au sol<span>8<\/span><\/a><\/h5>\n\t\t\n\t\t<!-- text-->\n\t\t<p><span class=\"jCAhz ChMk0b\"><span class=\"ryNqvb\">Les balances au sol sont id\u00e9ales pour peser les marchandises palettis\u00e9es et en vrac.<\/span><\/span> <span class=\"jCAhz ChMk0b\"><span class=\"ryNqvb\">Que vous recherchiez la portabilit\u00e9, une conception hygi\u00e9nique ou une construction robuste, nous pouvons r\u00e9pondre \u00e0 vos besoins sp\u00e9cifiques.<\/span><\/span><\/p>\n\t<\/div>\n\t\n<\/div><\/div>\n<\/div>\n<div class=\"row clearfix\">\n<div class=\"col product_item_holder col-sm-3\">\n\n<div class=\"product_item_holder product-showcase-category\">\n\n\t\t\t<!-- product image -->\n\t\t<div class=\"featured_image\"> \n\t\t\t\t<a href=\"https:\/\/www.hiweigh.com\/fr\/products\/balance-etanche\/\" title=\"Balance \u00c9tanche\" rel=\"bookmark\">\n\t\t\t\t    <img decoding=\"async\" src=\"https:\/\/www.hiweigh.com\/wp-content\/uploads\/2021\/05\/ISS\u5de6\u4fa7\u9762-1.jpg\" alt=\"IP68 stainless steel scale\">\n\t\t\t\t\n\t\t\t\t\t\t<\/div> \n\t\n\t\t<div class=\"product_info\">\n\n\t\t\t\t<!-- title-->\n\t\t<h5 class=\"clean_heading\"><a href=\"https:\/\/www.hiweigh.com\/fr\/products\/balance-etanche\/\" title=\"Balance \u00c9tanche\" rel=\"bookmark\">Balance \u00c9tanche<span>4<\/span><\/a><\/h5>\n\t\t\n\t\t<!-- text-->\n\t\t<p>Les balances \u00e9tanches IP68 sont r\u00e9sistantes \u00e0 l'humidit\u00e9, \u00e0 la corrosion et faciles \u00e0 nettoyer, ce qui les rend id\u00e9ales pour la transformation des aliments, la manipulation des fruits de mer et les industries chimiques.<\/p>\n\t<\/div>\n\t\n<\/div><\/div>\n<div class=\"col product_item_holder col-sm-3\">\n\n<div class=\"product_item_holder product-showcase-category\">\n\n\t\t\t<!-- product image -->\n\t\t<div class=\"featured_image\"> \n\t\t\t\t<a href=\"https:\/\/www.hiweigh.com\/fr\/products\/balance-de-detail\/\" title=\"balance de d\u00e9tail\" rel=\"bookmark\">\n\t\t\t\t    <img decoding=\"async\" src=\"https:\/\/www.hiweigh.com\/wp-content\/uploads\/2017\/06\/PC6S\u4fa7\u9762.jpg\" alt=\"retail scale for supermarket\">\n\t\t\t\t\n\t\t\t\t\t\t<\/div> \n\t\n\t\t<div class=\"product_info\">\n\n\t\t\t\t<!-- title-->\n\t\t<h5 class=\"clean_heading\"><a href=\"https:\/\/www.hiweigh.com\/fr\/products\/balance-de-detail\/\" title=\"balance de d\u00e9tail\" rel=\"bookmark\">balance de d\u00e9tail<span>5<\/span><\/a><\/h5>\n\t\t\n\t\t<!-- text-->\n\t\t<p><span class=\"jCAhz JpY6Fd\"><span class=\"ryNqvb\">Las b\u00e1sculas para comercios se integran con sistemas de punto de venta, impresoras de etiquetas y esc\u00e1neres de c\u00f3digos de barras.<\/span><\/span> <span class=\"jCAhz JpY6Fd\"><span class=\"ryNqvb\">Dise\u00f1adas para supermercados y charcuter\u00edas, ofrecen precios precisos y un control de inventario eficaz.<\/span><\/span><\/p>\n\t<\/div>\n\t\n<\/div><\/div>\n<div class=\"col product_item_holder col-sm-3\">\n\n<div class=\"product_item_holder product-showcase-category\">\n\n\t\t\t<!-- product image -->\n\t\t<div class=\"featured_image\"> \n\t\t\t\t<a href=\"https:\/\/www.hiweigh.com\/fr\/products\/balance-compteuse\/\" title=\"Balance Compteuse\" rel=\"bookmark\">\n\t\t\t\t    <img decoding=\"async\" src=\"https:\/\/www.hiweigh.com\/wp-content\/uploads\/2020\/07\/CSQ\u4fa7\u9762.jpg\" alt=\"\">\n\t\t\t\t\n\t\t\t\t\t\t<\/div> \n\t\n\t\t<div class=\"product_info\">\n\n\t\t\t\t<!-- title-->\n\t\t<h5 class=\"clean_heading\"><a href=\"https:\/\/www.hiweigh.com\/fr\/products\/balance-compteuse\/\" title=\"Balance Compteuse\" rel=\"bookmark\">Balance Compteuse<span>4<\/span><\/a><\/h5>\n\t\t\n\t\t<!-- text-->\n\t\t<p><span class=\"jCAhz ChMk0b\"><span class=\"ryNqvb\">Les balances compteuses optimisent les stocks et le conditionnement en d\u00e9terminant rapidement la quantit\u00e9 en fonction du poids unitaire.<\/span><\/span> <span class=\"jCAhz ChMk0b\"><span class=\"ryNqvb\">Id\u00e9ales pour les usines, les fournisseurs de quincaillerie et les cha\u00eenes de montage manipulant de petites pi\u00e8ces.<\/span><\/span><\/p>\n\t<\/div>\n\t\n<\/div><\/div>\n<div class=\"col product_item_holder col-sm-3\">\n\n<div class=\"product_item_holder product-showcase-category\">\n\n\t\t\t<!-- product image -->\n\t\t<div class=\"featured_image\"> \n\t\t\t\t<a href=\"https:\/\/www.hiweigh.com\/fr\/products\/balance-de-table\/\" title=\"Balance de table\" rel=\"bookmark\">\n\t\t\t\t    <img decoding=\"async\" src=\"https:\/\/www.hiweigh.com\/wp-content\/uploads\/2020\/07\/WE\u4fa7\u9762.jpg\" alt=\"OIML certified table scale\">\n\t\t\t\t\n\t\t\t\t\t\t<\/div> \n\t\n\t\t<div class=\"product_info\">\n\n\t\t\t\t<!-- title-->\n\t\t<h5 class=\"clean_heading\"><a href=\"https:\/\/www.hiweigh.com\/fr\/products\/balance-de-table\/\" title=\"Balance de table\" rel=\"bookmark\">Balance de table<span>5<\/span><\/a><\/h5>\n\t\t\n\t\t<!-- text-->\n\t\t<p><span class=\"jCAhz ChMk0b\"><span class=\"ryNqvb\">Les balances de table sont id\u00e9ales pour la pr\u00e9paration et le conditionnement des aliments, ainsi que pour les applications industrielles l\u00e9g\u00e8res.<\/span><\/span> <span class=\"jCAhz ChMk0b\"><span class=\"ryNqvb\">Compactes et faciles \u00e0 utiliser, elles conviennent parfaitement aux comptoirs, aux laboratoires et aux op\u00e9rations en arri\u00e8re-boutique.<\/span><\/span><\/p>\n\t<\/div>\n\t\n<\/div><\/div>\n<\/div>\n<div class=\"row clearfix\">\n<div class=\"col product_item_holder col-sm-3\">\n\n<div class=\"product_item_holder product-showcase-category\">\n\n\t\t\t<!-- product image -->\n\t\t<div class=\"featured_image\"> \n\t\t\t\t<a href=\"https:\/\/www.hiweigh.com\/fr\/products\/balance-de-grue\/\" title=\"Balance de grue\" rel=\"bookmark\">\n\t\t\t\t    <img decoding=\"async\" src=\"https:\/\/www.hiweigh.com\/wp-content\/uploads\/2017\/06\/CSB.jpg\" alt=\"csb aluminum-crane-scale\">\n\t\t\t\t\n\t\t\t\t\t\t<\/div> \n\t\n\t\t<div class=\"product_info\">\n\n\t\t\t\t<!-- title-->\n\t\t<h5 class=\"clean_heading\"><a href=\"https:\/\/www.hiweigh.com\/fr\/products\/balance-de-grue\/\" title=\"Balance de grue\" rel=\"bookmark\">Balance de grue<span>6<\/span><\/a><\/h5>\n\t\t\n\t\t<!-- text-->\n\t\t<p><span class=\"jCAhz ChMk0b\"><span class=\"ryNqvb\">Les balances pour grues sont con\u00e7ues pour peser les charges suspendues dans les secteurs de la fabrication, de la logistique et du transport maritime.<\/span><\/span> <span class=\"jCAhz JpY6Fd\"><span class=\"ryNqvb\">Elles sont dot\u00e9es d'une commande \u00e0 distance et de crochets robustes supportant des charges importantes.<\/span><\/span><\/p>\n\t<\/div>\n\t\n<\/div><\/div>\n<div class=\"col product_item_holder col-sm-3\">\n\n<div class=\"product_item_holder product-showcase-category\">\n\n\t\t\t<!-- product image -->\n\t\t<div class=\"featured_image\"> \n\t\t\t\t<a href=\"https:\/\/www.hiweigh.com\/fr\/products\/balance-de-transpalette\/\" title=\"Balance de transpalette\" rel=\"bookmark\">\n\t\t\t\t    <img decoding=\"async\" src=\"https:\/\/www.hiweigh.com\/wp-content\/uploads\/2017\/06\/PHA\u4fa7\u9762.jpg\" alt=\"truck scale manufacturer\">\n\t\t\t\t\n\t\t\t\t\t\t<\/div> \n\t\n\t\t<div class=\"product_info\">\n\n\t\t\t\t<!-- title-->\n\t\t<h5 class=\"clean_heading\"><a href=\"https:\/\/www.hiweigh.com\/fr\/products\/balance-de-transpalette\/\" title=\"Balance de transpalette\" rel=\"bookmark\">Balance de transpalette<span>3<\/span><\/a><\/h5>\n\t\t\n\t\t<!-- text-->\n\t\t<p>Les balances pour transpalettes HiWEIGH int\u00e8grent la fonction de pesage \u00e0 la manutention des mat\u00e9riaux, am\u00e9liorant ainsi l'efficacit\u00e9 des op\u00e9rations d'entrep\u00f4t et de logistique.<\/p>\n\t<\/div>\n\t\n<\/div><\/div>\n<div class=\"col product_item_holder col-sm-3\">\n\n<div class=\"product_item_holder product-showcase-category\">\n\n\t\t\t<!-- product image -->\n\t\t<div class=\"featured_image\"> \n\t\t\t\t<a href=\"https:\/\/www.hiweigh.com\/fr\/products\/pont-bascule-camions\/\" title=\"Pont Bascule Camions\" rel=\"bookmark\">\n\t\t\t\t    <img decoding=\"async\" src=\"https:\/\/www.hiweigh.com\/wp-content\/uploads\/2021\/10\/\u4e3b\u56fe.jpg\" alt=\"\">\n\t\t\t\t\n\t\t\t\t\t\t<\/div> \n\t\n\t\t<div class=\"product_info\">\n\n\t\t\t\t<!-- title-->\n\t\t<h5 class=\"clean_heading\"><a href=\"https:\/\/www.hiweigh.com\/fr\/products\/pont-bascule-camions\/\" title=\"Pont Bascule Camions\" rel=\"bookmark\">Pont Bascule Camions<span>12<\/span><\/a><\/h5>\n\t\t\n\t\t<!-- text-->\n\t\t<p><span class=\"jCAhz ChMk0b\"><span class=\"ryNqvb\">Con\u00e7u pour les camions, remorques et v\u00e9hicules lourds dans des secteurs tels que la logistique, l'exploitation mini\u00e8re, l'agriculture et la construction.<\/span><\/span> <span class=\"jCAhz ChMk0b\"><span class=\"ryNqvb\">Disponible en configurations avec ou sans fosse, personnalisable selon les exigences du site.<\/span><\/span><\/p>\n\t<\/div>\n\t\n<\/div><\/div>\n<div class=\"col product_item_holder col-sm-3\">\n\n<div class=\"product_item_holder product-showcase-category\">\n\n\t\t\t<!-- product image -->\n\t\t<div class=\"featured_image\"> \n\t\t\t\t<a href=\"https:\/\/www.hiweigh.com\/fr\/products\/cellule-de-charge\/\" title=\"Cellule de charge\" rel=\"bookmark\">\n\t\t\t\t    <img decoding=\"async\" src=\"https:\/\/www.hiweigh.com\/wp-content\/uploads\/2021\/10\/\u4e3b\u56fe-4.jpg\" alt=\"\">\n\t\t\t\t\n\t\t\t\t\t\t<\/div> \n\t\n\t\t<div class=\"product_info\">\n\n\t\t\t\t<!-- title-->\n\t\t<h5 class=\"clean_heading\"><a href=\"https:\/\/www.hiweigh.com\/fr\/products\/cellule-de-charge\/\" title=\"Cellule de charge\" rel=\"bookmark\">Cellule de charge<span>31<\/span><\/a><\/h5>\n\t\t\n\t\t<!-- text-->\n\t\t<p><span class=\"jCAhz ChMk0b\"><span class=\"ryNqvb\">Les capteurs de force convertissent la force m\u00e9canique en signaux \u00e9lectriques pour un pesage pr\u00e9cis.<\/span><\/span> <span class=\"jCAhz ChMk0b\"><span class=\"ryNqvb\">Ils comprennent des mod\u00e8les \u00e0 point unique, \u00e0 cisaillement, \u00e0 flexion, \u00e0 double extr\u00e9mit\u00e9, de type S, \u00e0 cartouche et \u00e0 compression.<\/span><\/span><\/p>\n\t<\/div>\n\t\n<\/div><\/div>\n<\/div>\n<div class=\"row clearfix\">\n<div class=\"col product_item_holder col-sm-3\">\n\n<div class=\"product_item_holder product-showcase-category\">\n\n\t\t\t<!-- product image -->\n\t\t<div class=\"featured_image\"> \n\t\t\t\t<a href=\"https:\/\/www.hiweigh.com\/fr\/products\/balances-medicales\/\" title=\"Balances M\u00e9dicales\" rel=\"bookmark\">\n\t\t\t\t    <img decoding=\"async\" src=\"https:\/\/www.hiweigh.com\/wp-content\/uploads\/2017\/06\/3.jpg\" alt=\"\">\n\t\t\t\t\n\t\t\t\t\t\t<\/div> \n\t\n\t\t<div class=\"product_info\">\n\n\t\t\t\t<!-- title-->\n\t\t<h5 class=\"clean_heading\"><a href=\"https:\/\/www.hiweigh.com\/fr\/products\/balances-medicales\/\" title=\"Balances M\u00e9dicales\" rel=\"bookmark\">Balances M\u00e9dicales<span>1<\/span><\/a><\/h5>\n\t\t\n\t\t<!-- text-->\n\t\t<p>Les balances m\u00e9dicales permettent aux h\u00f4pitaux, aux cliniques et aux \u00e9tablissements de soins de suivre le poids en toute s\u00e9curit\u00e9 et avec pr\u00e9cision, y compris les balances pour fauteuils roulants, les p\u00e8se-b\u00e9b\u00e9s, les balances m\u00e9dicales et plus encore.<\/p>\n\t<\/div>\n\t\n<\/div><\/div>\n<div class=\"col product_item_holder col-sm-3\">\n\n<div class=\"product_item_holder product-showcase-category\">\n\n\t\t\t<!-- product image -->\n\t\t<div class=\"featured_image\"> \n\t\t\t\t<a href=\"https:\/\/www.hiweigh.com\/fr\/products\/balances-de-precision\/\" title=\"Balances de Pr\u00e9cision\" rel=\"bookmark\">\n\t\t\t\t    <img decoding=\"async\" src=\"https:\/\/www.hiweigh.com\/wp-content\/uploads\/2017\/07\/BAE\u4fa7\u9762-scaled.jpg\" alt=\"BAE China electronic-scale\">\n\t\t\t\t\n\t\t\t\t\t\t<\/div> \n\t\n\t\t<div class=\"product_info\">\n\n\t\t\t\t<!-- title-->\n\t\t<h5 class=\"clean_heading\"><a href=\"https:\/\/www.hiweigh.com\/fr\/products\/balances-de-precision\/\" title=\"Balances de Pr\u00e9cision\" rel=\"bookmark\">Balances de Pr\u00e9cision<span>13<\/span><\/a><\/h5>\n\t\t\n\t\t<!-- text-->\n\t\t<p>Les balances de pr\u00e9cision conviennent au pesage de haute pr\u00e9cision en laboratoire avec une lisibilit\u00e9 de 0,1 g \u00e0 0,1 mg et des pare-brise pour garantir les meilleures performances.<\/p>\n\t<\/div>\n\t\n<\/div><\/div>\n<div class=\"col product_item_holder col-sm-3\">\n\n<div class=\"product_item_holder product-showcase-category\">\n\n\t\t\t<!-- product image -->\n\t\t<div class=\"featured_image\"> \n\t\t\t\t<a href=\"https:\/\/www.hiweigh.com\/fr\/products\/poids-de-test\/\" title=\"Poids de Test\" rel=\"bookmark\">\n\t\t\t\t    <img decoding=\"async\" src=\"https:\/\/www.hiweigh.com\/wp-content\/uploads\/2017\/07\/SCW-5.jpg\" alt=\"SCW Grip Test Weights\">\n\t\t\t\t\n\t\t\t\t\t\t<\/div> \n\t\n\t\t<div class=\"product_info\">\n\n\t\t\t\t<!-- title-->\n\t\t<h5 class=\"clean_heading\"><a href=\"https:\/\/www.hiweigh.com\/fr\/products\/poids-de-test\/\" title=\"Poids de Test\" rel=\"bookmark\">Poids de Test<span>16<\/span><\/a><\/h5>\n\t\t\n\t\t<!-- text-->\n\t\t<p>Les poids de contr\u00f4le industriels HiWEIGH sont con\u00e7us pour l'\u00e9talonnage et la v\u00e9rification pr\u00e9cis des \u00e9quipements de pesage, largement utilis\u00e9s dans les laboratoires, la fabrication et les applications de contr\u00f4le de la qualit\u00e9.<\/p>\n\t<\/div>\n\t\n<\/div><\/div>\n<div class=\"col product_item_holder col-sm-3\">\n\n<div class=\"product_item_holder product-showcase-category\">\n\n\t\t\t<!-- product image -->\n\t\t<div class=\"featured_image\"> \n\t\t\t\t<a href=\"https:\/\/www.hiweigh.com\/fr\/products\/accessoires\/\" title=\"Accessoires\" rel=\"bookmark\">\n\t\t\t\t    <img decoding=\"async\" src=\"https:\/\/www.hiweigh.com\/wp-content\/uploads\/2021\/10\/DSC02304-1.jpg\" alt=\"\">\n\t\t\t\t\n\t\t\t\t\t\t<\/div> \n\t\n\t\t<div class=\"product_info\">\n\n\t\t\t\t<!-- title-->\n\t\t<h5 class=\"clean_heading\"><a href=\"https:\/\/www.hiweigh.com\/fr\/products\/accessoires\/\" title=\"Accessoires\" rel=\"bookmark\">Accessoires<span>33<\/span><\/a><\/h5>\n\t\t\n\t\t<!-- text-->\n\t\t<p>Bo\u00eetes de d\u00e9rivation, afficheurs \u00e0 distance, imprimantes, solutions sans fil, stimulateurs de cellules de charge, batteries, adaptateurs et c\u00e2bles.<\/p>\n\t<\/div>\n\t\n<\/div><\/div>\n<\/div>\n<div class=\"row clearfix\">\n<div class=\"col product_item_holder col-sm-3\">\n\n<div class=\"product_item_holder product-showcase-category\">\n\n\t\t\t<!-- product image -->\n\t\t<div class=\"featured_image\"> \n\t\t\t\t<a href=\"https:\/\/www.hiweigh.com\/fr\/products\/trieuse-ponderale\/\" title=\"Trieuse pond\u00e9rale\" rel=\"bookmark\">\n\t\t\t\t    <img decoding=\"async\" src=\"https:\/\/www.hiweigh.com\/wp-content\/uploads\/2021\/10\/WG-\u4e3b\u56fe-2.jpg\" alt=\"\">\n\t\t\t\t\n\t\t\t\t\t\t<\/div> \n\t\n\t\t<div class=\"product_info\">\n\n\t\t\t\t<!-- title-->\n\t\t<h5 class=\"clean_heading\"><a href=\"https:\/\/www.hiweigh.com\/fr\/products\/trieuse-ponderale\/\" title=\"Trieuse pond\u00e9rale\" rel=\"bookmark\">Trieuse pond\u00e9rale<span>2<\/span><\/a><\/h5>\n\t\t\n\t\t<!-- text-->\n\t\t<p>Les trieuses pond\u00e9rales sont des syst\u00e8mes de pesage de haute pr\u00e9cision utilis\u00e9s pour v\u00e9rifier le poids des produits circulant sur une ligne de production en temps r\u00e9el, s'int\u00e9grant parfaitement aux syst\u00e8mes d'\u00e9tiquetage, de rejet et de tri.<\/p>\n\t<\/div>\n\t\n<\/div><\/div>\n<\/div>\n<\/div>[\/vc_column][\/vc_row]<\/p>\n<\/div>","protected":false},"excerpt":{"rendered":"<p>[vc_row rt_row_background_width=\u00a0\u00bbfullwidth\u00a0\u00bb rt_row_content_width=\u00a0\u00bbdefault\u00a0\u00bb rt_row_style=\u00a0\u00bbdefault-style\u00a0\u00bb rt_row_borders=\u00a0\u00bb\u00a0\u00bb rt_row_paddings=\u00a0\u00bbtrue\u00a0\u00bb rt_bg_effect=\u00a0\u00bbclassic\u00a0\u00bb rt_bg_image_repeat=\u00a0\u00bbrepeat\u00a0\u00bb rt_bg_size=\u00a0\u00bbcover\u00a0\u00bb rt_bg_position=\u00a0\u00bbright top\u00a0\u00bb rt_bg_attachment=\u00a0\u00bbscroll\u00a0\u00bb rt_bg_video_format=\u00a0\u00bbself-hosted\u00a0\u00bb][vc_column rt_wrp_col_paddings=\u00a0\u00bbfalse\u00a0\u00bb rt_border_top=\u00a0\u00bb\u00a0\u00bb rt_border_bottom=\u00a0\u00bb\u00a0\u00bb rt_border_left=\u00a0\u00bb\u00a0\u00bb rt_border_right=\u00a0\u00bb\u00a0\u00bb rt_border_top_mobile=\u00a0\u00bb\u00a0\u00bb rt_border_bottom_mobile=\u00a0\u00bb\u00a0\u00bb rt_border_left_mobile=\u00a0\u00bb\u00a0\u00bb rt_border_right_mobile=\u00a0\u00bb\u00a0\u00bb rt_bg_image_repeat=\u00a0\u00bbrepeat\u00a0\u00bb rt_bg_size=\u00a0\u00bbauto auto\u00a0\u00bb rt_bg_position=\u00a0\u00bbright top\u00a0\u00bb rt_bg_attachment=\u00a0\u00bbscroll\u00a0\u00bb][\/vc_column][\/vc_row]<\/p>\n","protected":false},"author":1,"featured_media":0,"parent":0,"menu_order":0,"comment_status":"open","ping_status":"open","template":"","meta":{"footnotes":""},"class_list":["post-5927","page","type-page","status-publish","hentry"],"_links":{"self":[{"href":"https:\/\/www.hiweigh.com\/fr\/wp-json\/wp\/v2\/pages\/5927","targetHints":{"allow":["GET"]}}],"collection":[{"href":"https:\/\/www.hiweigh.com\/fr\/wp-json\/wp\/v2\/pages"}],"about":[{"href":"https:\/\/www.hiweigh.com\/fr\/wp-json\/wp\/v2\/types\/page"}],"author":[{"embeddable":true,"href":"https:\/\/www.hiweigh.com\/fr\/wp-json\/wp\/v2\/users\/1"}],"replies":[{"embeddable":true,"href":"https:\/\/www.hiweigh.com\/fr\/wp-json\/wp\/v2\/comments?post=5927"}],"version-history":[{"count":4,"href":"https:\/\/www.hiweigh.com\/fr\/wp-json\/wp\/v2\/pages\/5927\/revisions"}],"predecessor-version":[{"id":24466,"href":"https:\/\/www.hiweigh.com\/fr\/wp-json\/wp\/v2\/pages\/5927\/revisions\/24466"}],"wp:attachment":[{"href":"https:\/\/www.hiweigh.com\/fr\/wp-json\/wp\/v2\/media?parent=5927"}],"curies":[{"name":"wp","href":"https:\/\/api.w.org\/{rel}","templated":true}]}}